{"id":12642,"date":"2016-12-02T13:26:38","date_gmt":"2016-12-02T18:26:38","guid":{"rendered":"http:\/\/52.229.122.34\/fr\/?page_id=12642"},"modified":"2017-01-23T11:31:46","modified_gmt":"2017-01-23T16:31:46","slug":"soins-maternels-pediatriques-et-aux-nouveau-nes","status":"publish","type":"page","link":"https:\/\/www.ottawahospital.on.ca\/fr\/services-cliniques\/deptpgrmcs\/programmes\/equipe-de-sante-familiale\/nos-programmes-et-services\/soins-maternels-pediatriques-et-aux-nouveau-nes\/","title":{"rendered":"Soins maternels, p\u00e9diatriques et aux nouveau-n\u00e9s"},"content":{"rendered":"<h2 class=\"text-center\">Soins pr\u00e9nataux<\/h2>\n<p>Des m\u00e9decins de famille de notre clinique offrent des soins obst\u00e9triques (pendant la grossesse et l\u2019accouchement) et font des accouchements au Campus Civic de L\u2019H\u00f4pital d\u2019Ottawa. Nous offrons ces soins \u00e0 toutes les patientes, m\u00eame si elles ont d\u00e9j\u00e0 un m\u00e9decin de famille ailleurs (pourvu que celui-ci y consente) ou si elles n\u2019ont pas de m\u00e9decin de famille. Notre objectif est de confier de nouveau vos soins et ceux de votre b\u00e9b\u00e9 \u00e0 votre m\u00e9decin apr\u00e8s l\u2019accouchement.<\/p>\n<p><a href=\"\/fr\/documents\/2017\/01\/obbrochure-update2014-117485proof5-fr.pdf\" target=\"_blank\">Brochure sur les soins pr\u00e9nataux<\/a><\/p>\n<p>Vous n\u2019avez pas de m\u00e9decin de famille? Vous et votre b\u00e9b\u00e9 pouvez devenir des patients de l\u2019\u00c9quipe universitaire de sant\u00e9 familiale de L\u2019H\u00f4pital d\u2019Ottawa. Veuillez vous inscrire comme nouvelle patiente et appeler \u00e0 l\u2019une de nos cliniques pour prendre un rendez-vous pr\u00e9natal.<\/p>\n<p><strong>Voici des ressources pr\u00e9natales qui pourraient vous \u00eatre utiles\u00a0:<\/strong><\/p>\n<ul>\n<li>Ressources pr\u00e9natales<\/li>\n<li><a href=\"https:\/\/www.phac-aspc.gc.ca\/hp-gs\/guide\/index-fra.php\" target=\"_blank\">Guide de grossesse en sant\u00e9 \u2013 Agence de la sant\u00e9 publique du Canada<\/a><\/li>\n<li>Le lait maternel contient tout ce dont votre b\u00e9b\u00e9 a besoin (PDF)<\/li>\n<\/ul>\n<p><strong>Pour en savoir plus, consultez la page d\u2019<\/strong><a href=\"\/fr\/services-cliniques\/deptpgrmcs\/departements\/obstetrique-gynecologie-et-soins-aux-nouveau-nes\/avoir-un-bebe\/\">Obst\u00e9trique, Gyn\u00e9cologie et Soins aux nouveau-n\u00e9s<\/a><strong>.<\/strong><\/p>\n<h2 class=\"text-center\">Nous faisons aussi des bilans de sant\u00e9 p\u00e9diatriques!<\/h2>\n<p>Il y a beaucoup de raisons pour amener votre b\u00e9b\u00e9 \u00e0 une clinique de sant\u00e9 familiale. Nous pouvons diagnostiquer et traiter des probl\u00e8mes physiques ou de d\u00e9veloppement, rassurer les parents et les guider en mati\u00e8re de nutrition, de s\u00e9curit\u00e9 et de probl\u00e8mes de comportement, ainsi qu\u2019administrer les vaccins n\u00e9cessaires.<\/p>\n<p>Les bilans de sant\u00e9 p\u00e9diatriques sont effectu\u00e9s par l\u2019infirmi\u00e8re autoris\u00e9e, l\u2019infirmi\u00e8re praticienne, le r\u00e9sident ou le m\u00e9decin. Ils sont une excellente occasion de poser des questions sur le d\u00e9veloppement normal de l\u2019enfant. Ces rendez-vous sont donn\u00e9s \u00e0 nos patients enregistr\u00e9s qui habitent en Ontario.<\/p>\n<p>Il est recommand\u00e9 d\u2019amener votre b\u00e9b\u00e9 pour un bilan de sant\u00e9 aux intervalles suivants :<\/p>\n<ul style=\"list-style: none;\">\n<li>\u2713 Deux ou trois jours suivant le cong\u00e9 de l\u2019h\u00f4pital apr\u00e8s la naissance<\/li>\n<li>\u2713 Deux semaines (facultatif)<\/li>\n<li>\u2713 Un mois (facultatif)<\/li>\n<li>\u2713 Deux mois (vaccins \u00e0 recevoir)<\/li>\n<li>\u2713 Quatre mois (vaccins \u00e0 recevoir)<\/li>\n<li>\u2713 Six mois (vaccins \u00e0 recevoir)<\/li>\n<li>\u2713 Neuf mois (facultatif)<\/li>\n<li>\u2713 12 \u00e0 13 ;mois (vaccins \u00e0 recevoir)<\/li>\n<li>\u2713 15 mois (vaccins \u00e0 recevoir)<\/li>\n<li>\u2713 18 mois (vaccins \u00e0 recevoir)<\/li>\n<li>\u2713 2 \u00e0 3 ans<\/li>\n<li>\u2713 4 \u00e0 5 ans (vaccins \u00e0 recevoir)<\/li>\n<\/ul>\n","protected":false},"excerpt":{"rendered":"<p>Soins pr\u00e9nataux Des m\u00e9decins de famille de notre clinique offrent des soins obst\u00e9triques (pendant la grossesse et l\u2019accouchement) et font des accouchements au Campus Civic de L\u2019H\u00f4pital d\u2019Ottawa. Nous offrons ces soins \u00e0 toutes les patientes, m\u00eame si elles ont d\u00e9j\u00e0 un m\u00e9decin de famille ailleurs (pourvu que celui-ci y consente) ou si elles n\u2019ont [&hellip;]<\/p>\n","protected":false},"author":25,"featured_media":0,"parent":12542,"menu_order":4,"comment_status":"closed","ping_status":"closed","template":"","meta":{"_acf_changed":false,"_mc_calendar":[],"footnotes":""},"class_list":["post-12642","page","type-page","status-publish","hentry"],"acf":[],"wps_subtitle":"","_links":{"self":[{"href":"https:\/\/www.ottawahospital.on.ca\/fr\/wp-json\/wp\/v2\/pages\/12642","targetHints":{"allow":["GET"]}}],"collection":[{"href":"https:\/\/www.ottawahospital.on.ca\/fr\/wp-json\/wp\/v2\/pages"}],"about":[{"href":"https:\/\/www.ottawahospital.on.ca\/fr\/wp-json\/wp\/v2\/types\/page"}],"author":[{"embeddable":true,"href":"https:\/\/www.ottawahospital.on.ca\/fr\/wp-json\/wp\/v2\/users\/25"}],"replies":[{"embeddable":true,"href":"https:\/\/www.ottawahospital.on.ca\/fr\/wp-json\/wp\/v2\/comments?post=12642"}],"version-history":[{"count":0,"href":"https:\/\/www.ottawahospital.on.ca\/fr\/wp-json\/wp\/v2\/pages\/12642\/revisions"}],"up":[{"embeddable":true,"href":"https:\/\/www.ottawahospital.on.ca\/fr\/wp-json\/wp\/v2\/pages\/12542"}],"wp:attachment":[{"href":"https:\/\/www.ottawahospital.on.ca\/fr\/wp-json\/wp\/v2\/media?parent=12642"}],"curies":[{"name":"wp","href":"https:\/\/api.w.org\/{rel}","templated":true}]}}