{"id":12632,"date":"2016-12-02T13:22:32","date_gmt":"2016-12-02T18:22:32","guid":{"rendered":"http:\/\/52.229.122.34\/fr\/?page_id=12632"},"modified":"2017-01-03T11:38:58","modified_gmt":"2017-01-03T16:38:58","slug":"orthophonistes","status":"publish","type":"page","link":"https:\/\/www.ottawahospital.on.ca\/fr\/services-cliniques\/deptpgrmcs\/departements\/centre-de-readaptation\/au-sujet-du-centre-de-readaptation\/equipes-de-readaptation\/orthophonistes\/","title":{"rendered":"Orthophonistes"},"content":{"rendered":"<p><img decoding=\"async\" class=\"alignright img-responsive\" src=\"\/wp-content\/uploads\/2016\/12\/SpeechLanguagePathology.jpg\" alt=\"Speech Language Pathology\" width=\"334\" height=\"448\" \/>L\u2019<strong>orthophoniste<\/strong> aide les patients qui ont du mal \u00e0 parler, \u00e0 comprendre, \u00e0 lire ou \u00e0 \u00e9crire. Il \u00e9value et traite aussi les probl\u00e8mes de d\u00e9glutition pour permettre aux patients de manger en toute s\u00e9curit\u00e9.<\/p>\n<ul>\n<li>\u00c0 L\u2019H\u00f4pital d\u2019Ottawa, les orthophonistes s\u2019occupent des adultes qui ont divers troubles de la parole, du langage, de la voix, de la m\u00e9moire et de raisonnement.<\/li>\n<li>Ils aident aussi les patients qui ont de la difficult\u00e9 \u00e0 avaler les aliments solides et liquides.<\/li>\n<\/ul>\n<p>L\u2019orthophoniste collabore \u00e9troitement avec les professionnels de diff\u00e9rentes \u00e9quipes du Centre de r\u00e9adaptation, y compris\u00a0:<\/p>\n<div>\n<ul>\n<li>le programme des l\u00e9sions c\u00e9r\u00e9brales acquises<\/li>\n<li>la clinique de la SLA (scl\u00e9rose lat\u00e9rale amyotrophique)<\/li>\n<li>le programme des troubles neuromusculaires<\/li>\n<li>le programme des troubles locomoteurs<\/li>\n<li>le Service de traitement des affections neuro-m\u00e9dullaires.<\/li>\n<li>Le <a href=\"\/fr\/services-cliniques\/deptpgrmcs\/departements\/centre-de-readaptation\/services-et-cliniques\/services-specialises\/service-de-suppleance-a-la-communication-orale-et-ecrite\/\"><strong>Service de suppl\u00e9ance \u00e0 la communication orale et \u00e9crite<\/strong><\/a> fournit des services interdisciplinaires aux adultes qui ne peuvent pas communiquer efficacement verbalement ou par \u00e9crit. Les professionnels qui y travaillent peuvent offrir aux personnes admissibles des solutions comme un tableau de lettres ou d\u2019images, un appareil de communication vocale ou un ordinateur.<\/li>\n<\/ul>\n<\/div>\n<h2>Pour obtenir un rendez-vous<\/h2>\n<p>Le Service d\u2019orthophonie accepte les recommandations des physiatres du Centre de r\u00e9adaptation et d\u2019autres m\u00e9decins.<\/p>\n<h2>Enseignement et formation<\/h2>\n<p>Les \u00e9tudiants en orthophonie peuvent faire des stages au sein de nos programmes pour patients hospitalis\u00e9s et patients externes.<\/p>\n<h2>Recherche<\/h2>\n<p>Nos orthophonistes collaborent \u00e0 des projets de recherche, notamment sur le b\u00e9gaiement et la zooth\u00e9rapie, avec l\u2019Universit\u00e9 d\u2019Ottawa et d\u2019autres \u00e9tablissements. Pour en savoir plus \u00e0 ce chapitre, veuillez consulter la section sur la <a href=\"\/fr\/services-cliniques\/deptpgrmcs\/departements\/centre-de-readaptation\/au-sujet-du-centre-de-readaptation\/recherche-en-readaptation-crdr\/\">recherche en r\u00e9adaptation<\/a>.<\/p>\n","protected":false},"excerpt":{"rendered":"<p>L\u2019orthophoniste aide les patients qui ont du mal \u00e0 parler, \u00e0 comprendre, \u00e0 lire ou \u00e0 \u00e9crire. Il \u00e9value et traite aussi les probl\u00e8mes de d\u00e9glutition pour permettre aux patients de manger en toute s\u00e9curit\u00e9. \u00c0 L\u2019H\u00f4pital d\u2019Ottawa, les orthophonistes s\u2019occupent des adultes qui ont divers troubles de la parole, du langage, de la voix, [&hellip;]<\/p>\n","protected":false},"author":25,"featured_media":0,"parent":12561,"menu_order":6,"comment_status":"closed","ping_status":"closed","template":"","meta":{"_acf_changed":false,"_mc_calendar":[],"footnotes":""},"class_list":["post-12632","page","type-page","status-publish","hentry"],"acf":[],"wps_subtitle":"","_links":{"self":[{"href":"https:\/\/www.ottawahospital.on.ca\/fr\/wp-json\/wp\/v2\/pages\/12632","targetHints":{"allow":["GET"]}}],"collection":[{"href":"https:\/\/www.ottawahospital.on.ca\/fr\/wp-json\/wp\/v2\/pages"}],"about":[{"href":"https:\/\/www.ottawahospital.on.ca\/fr\/wp-json\/wp\/v2\/types\/page"}],"author":[{"embeddable":true,"href":"https:\/\/www.ottawahospital.on.ca\/fr\/wp-json\/wp\/v2\/users\/25"}],"replies":[{"embeddable":true,"href":"https:\/\/www.ottawahospital.on.ca\/fr\/wp-json\/wp\/v2\/comments?post=12632"}],"version-history":[{"count":0,"href":"https:\/\/www.ottawahospital.on.ca\/fr\/wp-json\/wp\/v2\/pages\/12632\/revisions"}],"up":[{"embeddable":true,"href":"https:\/\/www.ottawahospital.on.ca\/fr\/wp-json\/wp\/v2\/pages\/12561"}],"wp:attachment":[{"href":"https:\/\/www.ottawahospital.on.ca\/fr\/wp-json\/wp\/v2\/media?parent=12632"}],"curies":[{"name":"wp","href":"https:\/\/api.w.org\/{rel}","templated":true}]}}