{"id":12619,"date":"2016-12-02T13:19:14","date_gmt":"2016-12-02T18:19:14","guid":{"rendered":"http:\/\/52.229.122.34\/fr\/?page_id=12619"},"modified":"2016-12-12T11:20:24","modified_gmt":"2016-12-12T16:20:24","slug":"sante-mentale-et-counseling","status":"publish","type":"page","link":"https:\/\/www.ottawahospital.on.ca\/fr\/services-cliniques\/deptpgrmcs\/programmes\/equipe-de-sante-familiale\/nos-programmes-et-services\/sante-mentale-et-counseling\/","title":{"rendered":"Sant\u00e9 mentale et counseling"},"content":{"rendered":"<h2 style=\"text-align: center;\">Programme de soins partag\u00e9s en sant\u00e9 mentale<\/h2>\n<p>Notre \u00e9quipe multidisciplinaire de professionnels en sant\u00e9 mentale comprend des psychiatres, deux travailleuses sociales, une infirmi\u00e8re de pratique avanc\u00e9e, une infirmi\u00e8re autoris\u00e9e et une coordonnatrice administrative. Nous travaillons en \u00e9troite collaboration avec votre professionnel de la sant\u00e9 afin de nous assurer que vous recevez le soutien et les soins en sant\u00e9 mentale dont vous avez besoin. Pour le moment, nous acceptons seulement les personnes de 16 ans et plus qui habitent en Ontario et qui nous sont r\u00e9f\u00e9r\u00e9s par un m\u00e9decin de famille ou un r\u00e9sident.<\/p>\n<p>Votre plan peut inclure un ou plusieurs des services suivants :<\/p>\n<ul>\n<li>Th\u00e9rapie individuelle ou counseling<\/li>\n<li>Th\u00e9rapie de groupe<\/li>\n<li>Clarification de diagnostic<\/li>\n<li>Recommandations de traitement<\/li>\n<li>Information et conseils sur les m\u00e9dicaments psychiatriques<\/li>\n<li>Information et acc\u00e8s aux ressources communautaires<\/li>\n<\/ul>\n<p>Nous pouvons avoir jusqu\u2019\u00e0 huit\u00a0s\u00e9ances avec vous, apr\u00e8s quoi, nous collaborerons avec vous pour vous trouver d\u2019autres sources de soutien, au besoin.<\/p>\n<p>Nous n\u2019offrons pas de suivi \u00e0 long terme et ne sommes pas en mesure de vous fournir les services d\u2019un psychiatre sur une base r\u00e9guli\u00e8re \u00e0 long terme.<\/p>\n<p><a href=\"\/fr\/services-cliniques\/deptpgrmcs\/programmes\/equipe-de-sante-familiale\/nos-programmes-et-services\/sante-mentale-et-counseling\/\">Cliquez ici pour des ressources en sant\u00e9 mentale<\/a><\/p>\n<h2 style=\"text-align: center;\">L\u2019\u00c9quipe de sant\u00e9 familiale propose \u00e9galement des services sociaux<\/h2>\n<p>L\u2019\u00c9quipe de sant\u00e9 familiale offre \u00e9galement des services sociaux vari\u00e9s. Nos travailleuses sociales proposent du counseling individuel, en couple et en famille et vous dirigeront vers des ressources ou des organismes communautaires au besoin.<\/p>\n<p>Elles offrent du counseling, du soutien et des renseignements sur les sujets suivants\u00a0:<\/p>\n<ul>\n<li>difficult\u00e9s parentales<\/li>\n<li>relations interpersonnelles<\/li>\n<li>deuil ou maladie<\/li>\n<li>gestion de la col\u00e8re ou du stress<\/li>\n<li>r\u00e9solution de probl\u00e8mes pratiques (p.\u00a0ex. logement, finances, soins aux a\u00een\u00e9s)<\/li>\n<li>troubles d\u2019anxi\u00e9t\u00e9<\/li>\n<li>d\u00e9pression et estime de soi<\/li>\n<\/ul>\n<p>Vous n\u2019avez pas besoin de recommandation pour recevoir ces services. Communiquez avec la r\u00e9ception pour prendre rendez-vous.<\/p>\n","protected":false},"excerpt":{"rendered":"<p>Programme de soins partag\u00e9s en sant\u00e9 mentale Notre \u00e9quipe multidisciplinaire de professionnels en sant\u00e9 mentale comprend des psychiatres, deux travailleuses sociales, une infirmi\u00e8re de pratique avanc\u00e9e, une infirmi\u00e8re autoris\u00e9e et une coordonnatrice administrative. Nous travaillons en \u00e9troite collaboration avec votre professionnel de la sant\u00e9 afin de nous assurer que vous recevez le soutien et les [&hellip;]<\/p>\n","protected":false},"author":25,"featured_media":0,"parent":12542,"menu_order":3,"comment_status":"closed","ping_status":"closed","template":"","meta":{"_acf_changed":false,"_mc_calendar":[],"footnotes":""},"class_list":["post-12619","page","type-page","status-publish","hentry"],"acf":[],"wps_subtitle":"","_links":{"self":[{"href":"https:\/\/www.ottawahospital.on.ca\/fr\/wp-json\/wp\/v2\/pages\/12619","targetHints":{"allow":["GET"]}}],"collection":[{"href":"https:\/\/www.ottawahospital.on.ca\/fr\/wp-json\/wp\/v2\/pages"}],"about":[{"href":"https:\/\/www.ottawahospital.on.ca\/fr\/wp-json\/wp\/v2\/types\/page"}],"author":[{"embeddable":true,"href":"https:\/\/www.ottawahospital.on.ca\/fr\/wp-json\/wp\/v2\/users\/25"}],"replies":[{"embeddable":true,"href":"https:\/\/www.ottawahospital.on.ca\/fr\/wp-json\/wp\/v2\/comments?post=12619"}],"version-history":[{"count":0,"href":"https:\/\/www.ottawahospital.on.ca\/fr\/wp-json\/wp\/v2\/pages\/12619\/revisions"}],"up":[{"embeddable":true,"href":"https:\/\/www.ottawahospital.on.ca\/fr\/wp-json\/wp\/v2\/pages\/12542"}],"wp:attachment":[{"href":"https:\/\/www.ottawahospital.on.ca\/fr\/wp-json\/wp\/v2\/media?parent=12619"}],"curies":[{"name":"wp","href":"https:\/\/api.w.org\/{rel}","templated":true}]}}