{"id":12613,"date":"2016-12-02T13:17:59","date_gmt":"2016-12-02T18:17:59","guid":{"rendered":"http:\/\/52.229.122.34\/fr\/?page_id=12613"},"modified":"2017-01-03T11:38:30","modified_gmt":"2017-01-03T16:38:30","slug":"therapeutes-respiratoires","status":"publish","type":"page","link":"https:\/\/www.ottawahospital.on.ca\/fr\/services-cliniques\/deptpgrmcs\/departements\/centre-de-readaptation\/au-sujet-du-centre-de-readaptation\/equipes-de-readaptation\/therapeutes-respiratoires\/","title":{"rendered":"Th\u00e9rapeutes respiratoires"},"content":{"rendered":"<p>Le <strong>th\u00e9rapeute respiratoire <\/strong>aide les personnes qui ont des troubles respiratoires. Lorsqu\u2019on a une maladie pulmonaire comme une bronchite chronique ou de l\u2019emphys\u00e8me, une maladie neuromusculaire ou une blessure m\u00e9dullaire \u00e0 cause d\u2019un accident, respirer peut devenir un combat quotidien. Le th\u00e9rapeute respiratoire peut \u00e9valuer, suivre et traiter les personnes qui ont des troubles respiratoires et cardiorespiratoires pour les amener \u00e0 respirer plus facilement.<\/p>\n<ul>\n<li>Il peut aussi aider les personnes dont les muscles respiratoires sont affaiblis par un trouble neuromusculaire comme la scl\u00e9rose lat\u00e9rale amyotrophique (SLA), la dystrophie musculaire de Duchenne, la scl\u00e9rose en plaques ou une affection m\u00e9dullaire, pour n\u2019en nommer que quelques-uns.<\/li>\n<li>Le th\u00e9rapeute respiratoire peut fournir des techniques novatrices et non invasives de maintien des voies respiratoires pour faciliter la respiration du patient qui risque d\u2019avoir des complications neurorespiratoires.<\/li>\n<\/ul>\n<p>Pour en savoir plus \u00e0 ce sujet, veuillez consulter la section sur la <a href=\"\/fr\/services-cliniques\/deptpgrmcs\/departements\/centre-de-readaptation\/services-et-cliniques\/programme-des-troubles-neuromusculaires\/readaptation-respiratoire-en-cas-de-maladie-neuromusculaire\/\">r\u00e9adaptation respiratoire \u00e0 la suite de troubles neuromusculaires.<\/a><\/p>\n","protected":false},"excerpt":{"rendered":"<p>Le th\u00e9rapeute respiratoire aide les personnes qui ont des troubles respiratoires. Lorsqu\u2019on a une maladie pulmonaire comme une bronchite chronique ou de l\u2019emphys\u00e8me, une maladie neuromusculaire ou une blessure m\u00e9dullaire \u00e0 cause d\u2019un accident, respirer peut devenir un combat quotidien. Le th\u00e9rapeute respiratoire peut \u00e9valuer, suivre et traiter les personnes qui ont des troubles respiratoires [&hellip;]<\/p>\n","protected":false},"author":25,"featured_media":0,"parent":12561,"menu_order":5,"comment_status":"closed","ping_status":"closed","template":"","meta":{"_acf_changed":false,"_mc_calendar":[],"footnotes":""},"class_list":["post-12613","page","type-page","status-publish","hentry"],"acf":[],"wps_subtitle":"","_links":{"self":[{"href":"https:\/\/www.ottawahospital.on.ca\/fr\/wp-json\/wp\/v2\/pages\/12613","targetHints":{"allow":["GET"]}}],"collection":[{"href":"https:\/\/www.ottawahospital.on.ca\/fr\/wp-json\/wp\/v2\/pages"}],"about":[{"href":"https:\/\/www.ottawahospital.on.ca\/fr\/wp-json\/wp\/v2\/types\/page"}],"author":[{"embeddable":true,"href":"https:\/\/www.ottawahospital.on.ca\/fr\/wp-json\/wp\/v2\/users\/25"}],"replies":[{"embeddable":true,"href":"https:\/\/www.ottawahospital.on.ca\/fr\/wp-json\/wp\/v2\/comments?post=12613"}],"version-history":[{"count":0,"href":"https:\/\/www.ottawahospital.on.ca\/fr\/wp-json\/wp\/v2\/pages\/12613\/revisions"}],"up":[{"embeddable":true,"href":"https:\/\/www.ottawahospital.on.ca\/fr\/wp-json\/wp\/v2\/pages\/12561"}],"wp:attachment":[{"href":"https:\/\/www.ottawahospital.on.ca\/fr\/wp-json\/wp\/v2\/media?parent=12613"}],"curies":[{"name":"wp","href":"https:\/\/api.w.org\/{rel}","templated":true}]}}