{"id":12601,"date":"2016-12-02T13:14:34","date_gmt":"2016-12-02T18:14:34","guid":{"rendered":"http:\/\/52.229.122.34\/fr\/?page_id=12601"},"modified":"2017-01-06T12:28:40","modified_gmt":"2017-01-06T17:28:40","slug":"vie-saine","status":"publish","type":"page","link":"https:\/\/www.ottawahospital.on.ca\/fr\/services-cliniques\/deptpgrmcs\/programmes\/equipe-de-sante-familiale\/nos-programmes-et-services\/vie-saine\/","title":{"rendered":"Vie saine"},"content":{"rendered":"<p>L\u2019\u00c9quipe universitaire de sant\u00e9 familiale de L\u2019H\u00f4pital d\u2019Ottawa offre un \u00e9ventail de programmes favorisant une vie\u00a0saine. Vous n\u2019avez pas besoin d\u2019une recommandation de votre m\u00e9decin pour y participer.<\/p>\n<h2 class=\"text-center\">\u00c0 votre sant\u00e9<\/h2>\n<ul>\n<li>Le programme de gestion du poids \u00c0 votre sant\u00e9 propose des outils pour vous aider \u00e0 adopter de saines habitudes de vie. Vous travaillerez en groupe avec une di\u00e9t\u00e9tiste pendant plus de huit\u00a0semaines afin d\u2019apporter des <strong><em>changements permanents \u00e0 vos habitudes de vie<\/em><\/strong>. Ce sera l\u2019occasion d\u2019apprendre, d\u2019acqu\u00e9rir des comp\u00e9tences et d\u2019obtenir du soutien de vos pairs et de la communaut\u00e9<strong><em>.<\/em><\/strong> Le programme est offert trois\u00a0fois par ann\u00e9e, l\u2019apr\u00e8s-midi ou en soir\u00e9e. Pour en savoir plus ou vous inscrire \u00e0 la prochaine session, appelez notre di\u00e9t\u00e9tiste au 613-798-5555, poste\u00a019261.<\/li>\n<\/ul>\n<h2 class=\"text-center\">Groupe de suivi \u00c0 votre sant\u00e9<\/h2>\n<ul>\n<li>Le groupe, form\u00e9 d\u2019anciens participants du programme \u00c0 votre sant\u00e9, se r\u00e9unit une fois par mois pour \u00e9changer sur des objectifs, des d\u00e9fis et des sujets d\u2019actualit\u00e9 en nutrition.<\/li>\n<\/ul>\n<h2 class=\"text-center\">Nourrir votre b\u00e9b\u00e9<\/h2>\n<ul>\n<li>Cet atelier de 90 minutes sur l\u2019alimentation du nourrisson a lieu tous les trois mois et s\u2019adresse aux personnes qui s\u2019occupent de nourrissons de 4 \u00e0 6 mois. Vous obtiendrez des conseils et des trucs en plus d\u2019examiner des lignes directrices sur l\u2019introduction d\u2019aliments solides. Pour en savoir davantage ou vous inscrire, appelez la di\u00e9t\u00e9tiste au 613-798-5555, poste 19261.<\/li>\n<\/ul>\n<p>Nous offrons aussi des conseils nutritionnels aux cliniques des campus Riverside et Civic. Obtenez des renseignements et des conseils d\u2019une di\u00e9t\u00e9tiste professionnelle sur des sujets comme bien manger tout en respectant son budget, vivre avec des allergies alimentaires, les vitamines et les min\u00e9raux et une nutrition saine pour les personnes \u00e2g\u00e9es, les enfants et les femmes enceintes.<\/p>\n<p><a href=\"\/fr\/services-cliniques\/deptpgrmcs\/programmes\/equipe-de-sante-familiale\/a-notre-sujet\/activites\/\">Cliquez ici pour conna\u00eetre l\u2019horaire des programmes de vie saine<\/a><\/p>\n","protected":false},"excerpt":{"rendered":"<p>L\u2019\u00c9quipe universitaire de sant\u00e9 familiale de L\u2019H\u00f4pital d\u2019Ottawa offre un \u00e9ventail de programmes favorisant une vie\u00a0saine. Vous n\u2019avez pas besoin d\u2019une recommandation de votre m\u00e9decin pour y participer. \u00c0 votre sant\u00e9 Le programme de gestion du poids \u00c0 votre sant\u00e9 propose des outils pour vous aider \u00e0 adopter de saines habitudes de vie. Vous travaillerez [&hellip;]<\/p>\n","protected":false},"author":25,"featured_media":0,"parent":12542,"menu_order":2,"comment_status":"closed","ping_status":"closed","template":"","meta":{"_acf_changed":false,"_mc_calendar":[],"footnotes":""},"class_list":["post-12601","page","type-page","status-publish","hentry"],"acf":[],"wps_subtitle":"","_links":{"self":[{"href":"https:\/\/www.ottawahospital.on.ca\/fr\/wp-json\/wp\/v2\/pages\/12601","targetHints":{"allow":["GET"]}}],"collection":[{"href":"https:\/\/www.ottawahospital.on.ca\/fr\/wp-json\/wp\/v2\/pages"}],"about":[{"href":"https:\/\/www.ottawahospital.on.ca\/fr\/wp-json\/wp\/v2\/types\/page"}],"author":[{"embeddable":true,"href":"https:\/\/www.ottawahospital.on.ca\/fr\/wp-json\/wp\/v2\/users\/25"}],"replies":[{"embeddable":true,"href":"https:\/\/www.ottawahospital.on.ca\/fr\/wp-json\/wp\/v2\/comments?post=12601"}],"version-history":[{"count":0,"href":"https:\/\/www.ottawahospital.on.ca\/fr\/wp-json\/wp\/v2\/pages\/12601\/revisions"}],"up":[{"embeddable":true,"href":"https:\/\/www.ottawahospital.on.ca\/fr\/wp-json\/wp\/v2\/pages\/12542"}],"wp:attachment":[{"href":"https:\/\/www.ottawahospital.on.ca\/fr\/wp-json\/wp\/v2\/media?parent=12601"}],"curies":[{"name":"wp","href":"https:\/\/api.w.org\/{rel}","templated":true}]}}