{"id":12599,"date":"2016-12-02T13:14:04","date_gmt":"2016-12-02T18:14:04","guid":{"rendered":"http:\/\/52.229.122.34\/fr\/?page_id=12599"},"modified":"2016-12-02T13:14:04","modified_gmt":"2016-12-02T18:14:04","slug":"dietetistes-du-centre-de-readaptation","status":"publish","type":"page","link":"https:\/\/www.ottawahospital.on.ca\/fr\/services-cliniques\/deptpgrmcs\/departements\/centre-de-readaptation\/au-sujet-du-centre-de-readaptation\/equipes-de-readaptation\/dietetistes-du-centre-de-readaptation\/","title":{"rendered":"Di\u00e9t\u00e9tistes du Centre de r\u00e9adaptation"},"content":{"rendered":"<p>La <strong>di\u00e9t\u00e9tiste <\/strong>offre des services d\u2019\u00e9valuation, des traitements et du counseling aux patients qui ont des probl\u00e8mes d\u2019alimentation.<\/p>\n<ul>\n<li>Elle \u00e9value l\u2019\u00e9tat nutritionnel des patients qui risquent de souffrir de malnutrition compte tenu de leurs habitudes alimentaires, leur maladie, leur \u00e2ge, leur changement de poids et les r\u00e9sultats d\u2019analyses de laboratoire. La di\u00e9t\u00e9tiste aide les patients \u00e0 adopter une alimentation saine et \u00e9quilibr\u00e9e et \u00e0 maintenir ou am\u00e9liorer leur sant\u00e9.<\/li>\n<li>La di\u00e9t\u00e9tiste collabore avec les autres membres de l\u2019\u00e9quipe de soins pour optimiser l\u2019\u00e9tat nutritionnel des patients pendant leur r\u00e9adaptation et leur permettre de participer pleinement \u00e0 leurs traitements.<\/li>\n<li>En clinique externe, la di\u00e9t\u00e9tiste offre aussi des services d\u2019\u00e9valuation, de surveillance et de renseignement afin d\u2019aider les patients \u00e0 mieux g\u00e9rer leur probl\u00e8mes m\u00e9dicaux. Elle leur recommande des r\u00e9gimes sp\u00e9cifiques et de saines<\/li>\n<\/ul>\n<p><strong>Qu\u2019est-ce qu\u2019une di\u00e9t\u00e9tiste professionnelle?<\/strong><\/p>\n<ul>\n<li>Le r\u00f4le de la di\u00e9t\u00e9tiste est d\u2019\u00e9valuer la nutrition et les affections d\u2019ordre nutritionnel, ainsi que de traiter et de pr\u00e9venir les troubles d\u2019alimentation par des moyens nutritionnels.<\/li>\n<li>La di\u00e9t\u00e9tiste professionnelle est la personne la mieux plac\u00e9e pour vous conseiller au sujet de votre alimentation. Au Canada, il faut avoir un certificat officiel et les titres de comp\u00e9tence appropri\u00e9s pour utiliser le titre de di\u00e9t\u00e9tiste professionnelle.<\/li>\n<li>Les di\u00e9t\u00e9tistes sont r\u00e9gies par la <em>Loi sur les professions de la sant\u00e9 r\u00e9glement\u00e9es <\/em>et l\u2019Ordre des di\u00e9t\u00e9tistes de l\u2019Ontario.<\/li>\n<li>Le titre de di\u00e9t\u00e9tiste professionnelle est prot\u00e9g\u00e9 par la loi. Personne ne peut utiliser ce titre \u00e0 moins d\u2019\u00eatre membre de l\u2019Ordre des di\u00e9t\u00e9tistes de l\u2019Ontario. Les membres de l\u2019Ordre doivent poss\u00e9der un baccalaur\u00e9at en sciences de la nutrition, avoir fait un stage reconnu d\u2019un an et avoir r\u00e9ussi l\u2019examen d\u2019agr\u00e9ment de l\u2019ODO. Le titre de nutritionniste et les titres similaires ne sont pas prot\u00e9g\u00e9s par la loi. Quiconque peut les utiliser.<\/li>\n<\/ul>\n<p><strong>Nutrition et saine alimentation<\/strong><\/p>\n<ul>\n<li><strong><a href=\"https:\/\/www.dietitians.ca\/\" target=\"_blank\">Di\u00e9t\u00e9tistes du Canada<\/a> <\/strong>Ce site pr\u00e9sente des renseignements fiables sur les aliments et la nutrition.<\/li>\n<li><strong><a href=\"https:\/\/www.eatrightontario.ca\/fr\/default\" target=\"_blank\">Saine Alimentation Ontario<\/a> <\/strong>Ce site est con\u00e7u pour aider les Ontariens \u00e0 am\u00e9liorer leur sant\u00e9 et leur qualit\u00e9 de vie gr\u00e2ce \u00e0 la saine alimentation. On y pr\u00e9sente des renseignements sur la nutrition utiles pour faire des choix alimentaires plus sains.<\/li>\n<\/ul>\n<p><strong>Recommandation<\/strong><\/p>\n<ul>\n<li>Il faut une recommandation d\u2019un m\u00e9decin pour obtenir les services d\u2019une di\u00e9t\u00e9tiste professionnelle au Centre de r\u00e9adaptation. Un physiatre rencontre d\u2019abord le patient et le dirige vers une di\u00e9t\u00e9tiste au besoin.<\/li>\n<li>Votre m\u00e9decin peut aussi envoyer une demande de consultation au Centre de r\u00e9adaptation par t\u00e9l\u00e9copieur au 613-733-8336.<\/li>\n<\/ul>\n","protected":false},"excerpt":{"rendered":"<p>La di\u00e9t\u00e9tiste offre des services d\u2019\u00e9valuation, des traitements et du counseling aux patients qui ont des probl\u00e8mes d\u2019alimentation. Elle \u00e9value l\u2019\u00e9tat nutritionnel des patients qui risquent de souffrir de malnutrition compte tenu de leurs habitudes alimentaires, leur maladie, leur \u00e2ge, leur changement de poids et les r\u00e9sultats d\u2019analyses de laboratoire. La di\u00e9t\u00e9tiste aide les patients [&hellip;]<\/p>\n","protected":false},"author":25,"featured_media":0,"parent":12561,"menu_order":4,"comment_status":"closed","ping_status":"closed","template":"","meta":{"_acf_changed":false,"_mc_calendar":[],"footnotes":""},"class_list":["post-12599","page","type-page","status-publish","hentry"],"acf":[],"wps_subtitle":"","_links":{"self":[{"href":"https:\/\/www.ottawahospital.on.ca\/fr\/wp-json\/wp\/v2\/pages\/12599","targetHints":{"allow":["GET"]}}],"collection":[{"href":"https:\/\/www.ottawahospital.on.ca\/fr\/wp-json\/wp\/v2\/pages"}],"about":[{"href":"https:\/\/www.ottawahospital.on.ca\/fr\/wp-json\/wp\/v2\/types\/page"}],"author":[{"embeddable":true,"href":"https:\/\/www.ottawahospital.on.ca\/fr\/wp-json\/wp\/v2\/users\/25"}],"replies":[{"embeddable":true,"href":"https:\/\/www.ottawahospital.on.ca\/fr\/wp-json\/wp\/v2\/comments?post=12599"}],"version-history":[{"count":0,"href":"https:\/\/www.ottawahospital.on.ca\/fr\/wp-json\/wp\/v2\/pages\/12599\/revisions"}],"up":[{"embeddable":true,"href":"https:\/\/www.ottawahospital.on.ca\/fr\/wp-json\/wp\/v2\/pages\/12561"}],"wp:attachment":[{"href":"https:\/\/www.ottawahospital.on.ca\/fr\/wp-json\/wp\/v2\/media?parent=12599"}],"curies":[{"name":"wp","href":"https:\/\/api.w.org\/{rel}","templated":true}]}}