{"id":12589,"date":"2016-12-02T13:11:18","date_gmt":"2016-12-02T18:11:18","guid":{"rendered":"http:\/\/52.229.122.34\/fr\/?page_id=12589"},"modified":"2021-03-08T12:07:46","modified_gmt":"2021-03-08T17:07:46","slug":"service-de-psychologie","status":"publish","type":"page","link":"https:\/\/www.ottawahospital.on.ca\/fr\/services-cliniques\/deptpgrmcs\/departements\/centre-de-readaptation\/au-sujet-du-centre-de-readaptation\/equipes-de-readaptation\/service-de-psychologie\/","title":{"rendered":"Service de psychologie"},"content":{"rendered":"<p>Le personnel du <strong>Service de psychologie, qui comprend des psychologues<\/strong>, est l\u00e0 pour aider les patients et leur famille \u00e0 s\u2019adapter aux changements physiques, \u00e9motifs et cognitifs qui vont souvent de pair avec une incapacit\u00e9 ou une maladie chronique. Ils font des \u00e9valuations psychologiques et neuropsychologiques et offrent des traitements permettant aux patients de surmonter des difficult\u00e9s, comme la d\u00e9pression, l\u2019anxi\u00e9t\u00e9, la douleur ou des troubles de m\u00e9moire et de raisonnement.<\/p>\n<ul>\n<li>Au Centre de r\u00e9adaptation, ce sont les professionnels de la psychologie qui s\u2019occupent des services de sant\u00e9 mentale. Ils offrent des \u00e9valuations, des interventions (individuelles et de groupe) et des consultations aux patients hospitalis\u00e9s et externes.<\/li>\n<li>Les services sont adapt\u00e9s en fonction des besoins du patient :\n<ul>\n<li>Notre personnel collabore avec vous et votre \u00e9quipe de soins pour comprendre vos objectifs de r\u00e9adaptation.<\/li>\n<li>L\u2019\u00e9valuation vous aide \u00e0 comprendre la nature de votre incapacit\u00e9, vos atouts, vos forces, ainsi que les d\u00e9fis qui pourraient ralentir vos progr\u00e8s et vous emp\u00eacher d\u2019obtenir les meilleurs r\u00e9sultats possible. Par exemple, l\u2019anxi\u00e9t\u00e9 et la d\u00e9pression sont des r\u00e9actions courantes lorsqu\u2019on est confront\u00e9 \u00e0 une maladie chronique ou \u00e0 une incapacit\u00e9 physique.<\/li>\n<li>Une blessure ou une maladie peut aussi provoquer des changements cognitifs (troubles d\u2019attention, de m\u00e9moire et de raisonnement). Il faut donc planifier la r\u00e9adaptation en cons\u00e9quence.<\/li>\n<li>La psychoth\u00e9rapie offerte est centr\u00e9e sur les progr\u00e8s et l\u2019adaptation.<\/li>\n<li>Le personnel peut aussi offrir des s\u00e9ances d\u2019information individuelles ou de groupe aux patients hospitalis\u00e9s et aux patients externes.<\/li>\n<li>En somme, le personnel de la psychologie est disponible pour aider \u00e0 la fois les patients et les professionnels de la r\u00e9adaptation. Il aide votre \u00e9quipe de soins \u00e0 planifier vos traitements de r\u00e9adaptation de fa\u00e7on \u00e0 ce que vous obteniez les meilleurs r\u00e9sultats possible.<\/li>\n<\/ul>\n<\/li>\n<\/ul>\n<p><strong>Enseignement et formation<\/strong><\/p>\n<p>Les \u00e9tudiants en psychologie clinique de l\u2019Universit\u00e9 d\u2019Ottawa et d\u2019autres programmes reconnus peuvent faire des internats au sein du Service de psychologie de l\u2019H\u00f4pital. Nous avons aussi des programmes de r\u00e9sidence reconnus \u00e0 l\u2019\u00e9chelle nationale. Les r\u00e9sidents en psychologie participent d\u2019ailleurs activement aux soins cliniques. Comme nous faisons partie d\u2019un centre hospitalier universitaire, le Service entretient des relations \u00e9troites avec les universit\u00e9s locales, en particulier avec l\u2019Universit\u00e9 d\u2019Ottawa. Tous les psychologues enseignent \u00e0 l\u2019\u00c9cole de psychologie et bon nombre d\u2019entre eux sont membres de la Facult\u00e9 des \u00e9tudes sup\u00e9rieures et postdoctorales.<\/p>\n<p><strong>Recherche<\/strong><\/p>\n<p>Les professionnels de la psychologie participent \u00e0 des projets de recherche interdisciplinaires, ainsi qu\u2019\u00e0 l\u2019\u00e9laboration et \u00e0 l\u2019\u00e9valuation de programmes au Centre de r\u00e9adaptation. Certains ont re\u00e7u des subventions de recherche et sont affili\u00e9s \u00e0 des cliniciens et \u00e0 des chercheurs de l\u2019Universit\u00e9 d\u2019Ottawa et d\u2019autres universit\u00e9s au Canada.<\/p>\n<p><strong>Pour en savoir plus<\/strong><\/p>\n<p><a href=\"\/fr\/notre-modele-de-soins\/notre-equipe-de-professionnels-de-la-sante\/psychologie\/\">Service de psychologie de L\u2019H\u00f4pital d\u2019Ottawa<\/a><\/p>\n","protected":false},"excerpt":{"rendered":"<p>Le personnel du Service de psychologie, qui comprend des psychologues, est l\u00e0 pour aider les patients et leur famille \u00e0 s\u2019adapter aux changements physiques, \u00e9motifs et cognitifs qui vont souvent de pair avec une incapacit\u00e9 ou une maladie chronique. Ils font des \u00e9valuations psychologiques et neuropsychologiques et offrent des traitements permettant aux patients de surmonter [&hellip;]<\/p>\n","protected":false},"author":25,"featured_media":0,"parent":12561,"menu_order":3,"comment_status":"closed","ping_status":"closed","template":"","meta":{"_acf_changed":false,"_mc_calendar":[],"footnotes":""},"class_list":["post-12589","page","type-page","status-publish","hentry"],"acf":[],"wps_subtitle":"","_links":{"self":[{"href":"https:\/\/www.ottawahospital.on.ca\/fr\/wp-json\/wp\/v2\/pages\/12589","targetHints":{"allow":["GET"]}}],"collection":[{"href":"https:\/\/www.ottawahospital.on.ca\/fr\/wp-json\/wp\/v2\/pages"}],"about":[{"href":"https:\/\/www.ottawahospital.on.ca\/fr\/wp-json\/wp\/v2\/types\/page"}],"author":[{"embeddable":true,"href":"https:\/\/www.ottawahospital.on.ca\/fr\/wp-json\/wp\/v2\/users\/25"}],"replies":[{"embeddable":true,"href":"https:\/\/www.ottawahospital.on.ca\/fr\/wp-json\/wp\/v2\/comments?post=12589"}],"version-history":[{"count":0,"href":"https:\/\/www.ottawahospital.on.ca\/fr\/wp-json\/wp\/v2\/pages\/12589\/revisions"}],"up":[{"embeddable":true,"href":"https:\/\/www.ottawahospital.on.ca\/fr\/wp-json\/wp\/v2\/pages\/12561"}],"wp:attachment":[{"href":"https:\/\/www.ottawahospital.on.ca\/fr\/wp-json\/wp\/v2\/media?parent=12589"}],"curies":[{"name":"wp","href":"https:\/\/api.w.org\/{rel}","templated":true}]}}