{"id":12583,"date":"2016-12-02T13:10:17","date_gmt":"2016-12-02T18:10:17","guid":{"rendered":"http:\/\/52.229.122.34\/fr\/?page_id=12583"},"modified":"2025-06-17T15:04:56","modified_gmt":"2025-06-17T19:04:56","slug":"programme-deducation-sur-le-diabete","status":"publish","type":"page","link":"https:\/\/www.ottawahospital.on.ca\/fr\/services-cliniques\/deptpgrmcs\/programmes\/equipe-de-sante-familiale\/nos-programmes-et-services\/programme-deducation-sur-le-diabete\/","title":{"rendered":"Programme d\u2019\u00e9ducation sur le diab\u00e8te"},"content":{"rendered":"<div style=\"background-color: #FDB933; padding: 10px; border: 1px solid #ccc; display: inline-block;\">\n<p>Si vous n\u2019\u00eates pas un patient de l\u2019\u00c9quipe universitaire de sant\u00e9 familiale de L\u2019H\u00f4pital d\u2019Ottawa, ne communiquez pas avec nous pour demander des services.<\/p>\n<p>Remplissez plut\u00f4t le formulaire de Diab\u00e8te \u2013 Ottawa en cliquant sur le lien ci-dessous. Diab\u00e8te \u2013 Ottawa transmettra votre demande \u00e0 un programme d\u2019\u00e9ducation sur le diab\u00e8te dans la collectivit\u00e9. Vous pouvez remplir vous-m\u00eame le formulaire d\u2019auto-aiguillage ou le faire avec votre m\u00e9decin de famille.<\/p>\n<p><a href=\"https:\/\/can01.safelinks.protection.outlook.com\/?url=https%3A%2F%2Fdiabetesottawa.ca%2Ffr%2Fpersonnes-vivant-avec-le-diabete%2Fformulaire-dauto-aiguillage%2F&amp;data=05%7C02%7Cwebofficer%40toh.ca%7C4b9b082fbbb1491eb09a08dda5250130%7C859b41b6130f4d13a6931ffec4e7cb5a%7C0%7C0%7C638848300519859971%7CUnknown%7CTWFpbGZsb3d8eyJFbXB0eU1hcGkiOnRydWUsIlYiOiIwLjAuMDAwMCIsIlAiOiJXaW4zMiIsIkFOIjoiTWFpbCIsIldUIjoyfQ%3D%3D%7C0%7C%7C%7C&amp;sdata=Vos5QolWupEdJ6loq2sZ%2Fy3GO%2FRRrR9au3Frgj97F2A%3D&amp;reserved=0\">Remplissez le formulaire d\u2019auto-aiguillage de Diab\u00e8te \u2013 Ottawa <\/a><\/p>\n<\/div>\n<p>\u00cates-vous une personne de 18 ans ou plus qui a ou risque d\u2019avoir le diab\u00e8te de type\u00a02 ou le pr\u00e9diab\u00e8te?<\/p>\n<p><strong>Notre \u00e9quipe peut vous aider \u00e0\u00a0:<\/strong><\/p>\n<ul>\n<li>comprendre le pr\u00e9diab\u00e8te et le diab\u00e8te<\/li>\n<li>comprendre vos risques<\/li>\n<li>apprendre des strat\u00e9gies de pr\u00e9vention<\/li>\n<li>faire de bons choix alimentaires<\/li>\n<li>adopter des habitudes de vie saines<\/li>\n<li>gagner de la confiance et prendre en main votre sant\u00e9.<\/li>\n<\/ul>\n<p>Nous offrons des s\u00e9ances individuelles et un programme de 4 s\u00e9ances en groupe (pour les personnes qui ont le pr\u00e9diab\u00e8te).<\/p>\n<div class=\"card\">\n<h2 class=\"card-header h2-mock\">Pour prendre rendez-vous<\/h2>\n<div class=\"card-body\">\n<p>Si vous \u00eates un patient de l\u2019\u00c9quipe universitaire de sant\u00e9 familiale de L\u2019H\u00f4pital d\u2019Ottawa, communiquez avec la personne-ressource suivante :<\/p>\n<p>Coordonnateur administratif<br \/>\n613-798-5555, poste 13512<br \/>\n<a href=\"mailto:GestionDiabete@lho.ca\">GestionDiabete@lho.ca<\/a><\/p>\n<hr \/>\n<p><strong>Dans les commentaires, veuillez pr\u00e9ciser le programme qui vous int\u00e9resse :<\/strong><\/p>\n<ul>\n<li>S\u00e9ance individuelle<\/li>\n<li>S\u00e9ances en groupe sur le pr\u00e9diab\u00e8te (\u00ab Ounce of Prevention \u00bb)<\/li>\n<\/ul>\n<\/div>\n<\/div>\n<h2>Ressources communautaires<\/h2>\n<ul>\n<li><a href=\"https:\/\/www.diabetes.ca\/\">Diab\u00e8te Canada<\/a> \u2013 Aide les personnes qui ont le diab\u00e8te \u00e0 mener une vie saine, \u0153uvre \u00e0 pr\u00e9venir l\u2019apparition et les cons\u00e9quences du diab\u00e8te (en anglais seulement).<\/li>\n<li><a href=\"https:\/\/www.champlaindrcc.ca\/fr\/accueil.html\">Services li\u00e9s au diab\u00e8te du RLISS de Champlain<\/a> \u2013 Propose des liens vers des services, des outils et des ressources pour les personnes atteintes du diab\u00e8te.<\/li>\n<li><a href=\"https:\/\/www.champlaindrcc.ca\/fr\/personnes_diabete\/trouver_services_soins_pieds.html\">Services de soins des pieds dans la r\u00e9gion du RLISS de Champlain<\/a> \u2013 Aide \u00e0 trouver des services de soins des pieds dans la r\u00e9gion de Champlain.<\/li>\n<\/ul>\n","protected":false},"excerpt":{"rendered":"<p>Si vous n\u2019\u00eates pas un patient de l\u2019\u00c9quipe universitaire de sant\u00e9 familiale de L\u2019H\u00f4pital d\u2019Ottawa, ne communiquez pas avec nous pour demander des services. Remplissez plut\u00f4t le formulaire de Diab\u00e8te \u2013 Ottawa en cliquant sur le lien ci-dessous. Diab\u00e8te \u2013 Ottawa transmettra votre demande \u00e0 un programme d\u2019\u00e9ducation sur le diab\u00e8te dans la collectivit\u00e9. Vous [&hellip;]<\/p>\n","protected":false},"author":25,"featured_media":0,"parent":12542,"menu_order":1,"comment_status":"closed","ping_status":"closed","template":"","meta":{"_acf_changed":false,"_mc_calendar":[],"footnotes":""},"class_list":["post-12583","page","type-page","status-publish","hentry"],"acf":[],"wps_subtitle":"","_links":{"self":[{"href":"https:\/\/www.ottawahospital.on.ca\/fr\/wp-json\/wp\/v2\/pages\/12583","targetHints":{"allow":["GET"]}}],"collection":[{"href":"https:\/\/www.ottawahospital.on.ca\/fr\/wp-json\/wp\/v2\/pages"}],"about":[{"href":"https:\/\/www.ottawahospital.on.ca\/fr\/wp-json\/wp\/v2\/types\/page"}],"author":[{"embeddable":true,"href":"https:\/\/www.ottawahospital.on.ca\/fr\/wp-json\/wp\/v2\/users\/25"}],"replies":[{"embeddable":true,"href":"https:\/\/www.ottawahospital.on.ca\/fr\/wp-json\/wp\/v2\/comments?post=12583"}],"version-history":[{"count":0,"href":"https:\/\/www.ottawahospital.on.ca\/fr\/wp-json\/wp\/v2\/pages\/12583\/revisions"}],"up":[{"embeddable":true,"href":"https:\/\/www.ottawahospital.on.ca\/fr\/wp-json\/wp\/v2\/pages\/12542"}],"wp:attachment":[{"href":"https:\/\/www.ottawahospital.on.ca\/fr\/wp-json\/wp\/v2\/media?parent=12583"}],"curies":[{"name":"wp","href":"https:\/\/api.w.org\/{rel}","templated":true}]}}