{"id":12578,"date":"2016-12-02T13:06:44","date_gmt":"2016-12-02T18:06:44","guid":{"rendered":"http:\/\/52.229.122.34\/fr\/?page_id=12578"},"modified":"2021-03-08T12:04:28","modified_gmt":"2021-03-08T17:04:28","slug":"ergotherapeutes","status":"publish","type":"page","link":"https:\/\/www.ottawahospital.on.ca\/fr\/services-cliniques\/deptpgrmcs\/departements\/centre-de-readaptation\/au-sujet-du-centre-de-readaptation\/equipes-de-readaptation\/ergotherapeutes\/","title":{"rendered":"Ergoth\u00e9rapeutes"},"content":{"rendered":"<p><img decoding=\"async\" class=\"alignright img-responsive\" src=\"\/wp-content\/uploads\/2016\/12\/OccupationalTherapy2.jpg\" alt=\"Occupational Therapy\" width=\"448\" height=\"248\" \/>L\u2019<strong>ergoth\u00e9rapeute<\/strong> aide le patient \u00e0 redevenir le plus autonome possible pour faire ses activit\u00e9s quotidiennes comme se laver, s\u2019habiller, passer d\u2019un fauteuil roulant \u00e0 une chaise ou \u00e0 un lit, se d\u00e9placer et faire des t\u00e2ches m\u00e9nag\u00e8res. L\u2019ergoth\u00e9rapeute peut recommander des appareils et des accessoires fonctionnels (comme un si\u00e8ge de bain, une pince \u00e0 long manche, un couteau \u00e0 lame basculante ou une orth\u00e8se). Il peut aider \u00e0 modifier le domicile du patient pour le rendre plus accessible. L\u2019ergoth\u00e9rapeute peut aussi \u00e9valuer la posture et le niveau de mobilit\u00e9 du patient et lui recommander d\u2019utiliser un fauteuil adapt\u00e9 \u00e0 ses besoins.<\/p>\n<ul>\n<li>Au Centre de r\u00e9adaptation,<strong> l\u2019ergoth\u00e9rapeute<\/strong> \u00e9value, \u00e0 traite et renseigne les patients qui ont besoin d\u2019une aide physique, cognitive ou comportementale complexe et qui ne peuvent pas l\u2019obtenir dans la collectivit\u00e9.<\/li>\n<li>Il offre des services aux<strong> patients hospitalis\u00e9s <\/strong>et aux <strong>patients externes<\/strong> qui ont des troubles orthop\u00e9diques, neurologiques, respiratoires, cognitifs et comportementaux, principalement pour pr\u00e9venir et soulager les probl\u00e8mes.<\/li>\n<li>Le<strong> traitement<\/strong> aide \u00e0 soulager la douleur, \u00e0 renforcer les muscles et \u00e0 am\u00e9liorer la mobilit\u00e9 et l\u2019amplitude de mouvement. Il renforce les aptitudes cognitives du patient tout en le rendant plus fonctionnel afin qu\u2019il puisse faire les activit\u00e9s quotidiennes qui lui tiennent \u00e0 coeur.<\/li>\n<\/ul>\n<p><strong>Services offerts<\/strong><\/p>\n<p>L\u2019ergoth\u00e9rapeute peut\u00a0:<\/p>\n<ul>\n<li>\u00e9valuer la capacit\u00e9 de faire les activit\u00e9s quotidiennes et sugg\u00e9rer de l\u2019\u00e9quipement sp\u00e9cialis\u00e9 pour accro\u00eetre l\u2019autonomie<\/li>\n<li>aider \u00e0 rendre le domicile plus accessible et s\u00e9curitaire et recommander l\u2019utilisation d\u2019\u00e9quipement sp\u00e9cialis\u00e9 (dans le cadre de la planification du cong\u00e9)<\/li>\n<li>aider \u00e0 utiliser les technologies pour accro\u00eetre l\u2019autonomie \u00e0 la maison<\/li>\n<li>montrer comment utiliser un fauteuil roulant, se positionner et se d\u00e9placer (en cas de besoins physiques complexes)<\/li>\n<li>aider \u00e0 pr\u00e9senter une demande au Programme des appareils et accessoires fonctionnels (PAAF), qui permet aux r\u00e9sidants de l\u2019Ontario ayant une invalidit\u00e9 physique de longue dur\u00e9e d\u2019obtenir une aide financi\u00e8re, notamment pour se procurer des appareils et des accessoires fonctionnels adapt\u00e9s \u00e0 leurs besoins<\/li>\n<li>faciliter la r\u00e9adaptation cognitive et perceptuelle<\/li>\n<li>offrir une th\u00e9rapie de la main ou une attelle statique ou dynamique<\/li>\n<li>\u00e9valuer la proth\u00e8se de membre sup\u00e9rieur et apprendre au patient \u00e0 l\u2019utiliser (il est autoris\u00e9 par le PAAF \u00e0 \u00e9valuer les proth\u00e8ses traditionnelles et \u00e9lectriques)<\/li>\n<li>prendre soin de grandes br\u00fblures et ajuster les v\u00eatements compressifs (il y est autoris\u00e9 par le PAAF)<\/li>\n<li>offrir des services de suppl\u00e9ance \u00e0 la communication (il y est autoris\u00e9 par le PAAF)<\/li>\n<li>enseigner des strat\u00e9gies de conservation de l\u2019\u00e9nergie et d\u2019adaptation du rythme<\/li>\n<li>soulager la douleur<\/li>\n<li>vous diriger vers un service de r\u00e9adaptation \u00e0 la conduite automobile.<\/li>\n<\/ul>\n<p><strong>Recherche en ergoth\u00e9rapie<\/strong><\/p>\n<p>Les ergoth\u00e9rapeutes participent \u00e0 divers projets de recherche et d\u2019am\u00e9lioration de la qualit\u00e9 dans l\u2019H\u00f4pital et \u00e0 l\u2019\u00e9chelle provinciale.<\/p>\n<p><strong>Formation des ergoth\u00e9rapeutes<\/strong><\/p>\n<p>L\u2019ergoth\u00e9rapeute est dipl\u00f4m\u00e9 en ergoth\u00e9rapie d\u2019une universit\u00e9 reconnue. Il est autoris\u00e9 \u00e0 exercer l\u2019ergoth\u00e9rapie dans la province par l\u2019Ordre des ergoth\u00e9rapeutes de l\u2019Ontario.<\/p>\n<p>L\u2019ergoth\u00e9rapeute doit faire un baccalaur\u00e9at de quatre ans et obtenir une ma\u00eetrise reconnue en ergoth\u00e9rapie avant de pouvoir exercer sa profession. Il doit aussi faire plusieurs stages dans des \u00e9tablissements de soins reconnus.<\/p>\n<p>L\u2019Ordre des ergoth\u00e9rapeutes de l\u2019Ontario exige ensuite qu\u2019il r\u00e9ussisse l\u2019examen national en ergoth\u00e9rapie.<\/p>\n<p>Comme nous faisons partie d\u2019un centre hospitalier affili\u00e9 \u00e0 l\u2019Universit\u00e9 d\u2019Ottawa, nous offrons des stages aux \u00e9tudiants qui veulent devenir ergoth\u00e9rapeutes ou assistants de l\u2019ergoth\u00e9rapeute.<\/p>\n<p><strong>Pour en savoir plus sur la profession d\u2019ergoth\u00e9rapeute\u00a0:<\/strong><\/p>\n<ul>\n<li><a href=\"https:\/\/www.caot.ca\/index.asp?&amp;francais=1\" target=\"_blank\" rel=\"noopener\">Association canadienne des ergoth\u00e9rapeutes <\/a><\/li>\n<li><a href=\"https:\/\/osot.on.ca\/\" target=\"_blank\" rel=\"noopener\">Soci\u00e9t\u00e9 ontarienne des ergoth\u00e9rapeutes<\/a> (en anglais seulement)<\/li>\n<li><a href=\"https:\/\/coto.org\/\" target=\"_blank\" rel=\"noopener\">Ordre des ergoth\u00e9rapeutes de l\u2019Ontario <\/a><\/li>\n<li><a href=\"https:\/\/www.sante.uottawa.ca\/esr\/index.htm\" target=\"_blank\" rel=\"noopener\">\u00c9cole des sciences de la r\u00e9adaptation de l\u2019Universit\u00e9 d\u2019Ottawa<\/a>;<\/li>\n<li>Programmes de formation en ergoth\u00e9rapie agr\u00e9\u00e9 au Canada<\/li>\n<\/ul>\n<p><strong>Pour en savoir plus sur l\u2019ergoth\u00e9rapie \u00e0 L\u2019H\u00f4pital d\u2019Ottawa\u00a0:<\/strong><\/p>\n<ul>\n<li><a href=\"\/fr\/notre-modele-de-soins\/notre-equipe-de-professionnels-de-la-sante\/ergotherapie\/\">Service d\u2019ergoth\u00e9rapie du Campus G\u00e9n\u00e9ral<\/a><\/li>\n<li><a href=\"\/fr\/services-cliniques\/deptpgrmcs\/cliniques-et-services\/clinique-dergotherapie-campus-riverside\/\">Service d\u2019ergoth\u00e9rapie du Campus Riverside<\/a><\/li>\n<\/ul>\n","protected":false},"excerpt":{"rendered":"<p>L\u2019ergoth\u00e9rapeute aide le patient \u00e0 redevenir le plus autonome possible pour faire ses activit\u00e9s quotidiennes comme se laver, s\u2019habiller, passer d\u2019un fauteuil roulant \u00e0 une chaise ou \u00e0 un lit, se d\u00e9placer et faire des t\u00e2ches m\u00e9nag\u00e8res. L\u2019ergoth\u00e9rapeute peut recommander des appareils et des accessoires fonctionnels (comme un si\u00e8ge de bain, une pince \u00e0 long [&hellip;]<\/p>\n","protected":false},"author":25,"featured_media":0,"parent":12561,"menu_order":2,"comment_status":"closed","ping_status":"closed","template":"","meta":{"_acf_changed":false,"_mc_calendar":[],"footnotes":""},"class_list":["post-12578","page","type-page","status-publish","hentry"],"acf":[],"wps_subtitle":"","_links":{"self":[{"href":"https:\/\/www.ottawahospital.on.ca\/fr\/wp-json\/wp\/v2\/pages\/12578","targetHints":{"allow":["GET"]}}],"collection":[{"href":"https:\/\/www.ottawahospital.on.ca\/fr\/wp-json\/wp\/v2\/pages"}],"about":[{"href":"https:\/\/www.ottawahospital.on.ca\/fr\/wp-json\/wp\/v2\/types\/page"}],"author":[{"embeddable":true,"href":"https:\/\/www.ottawahospital.on.ca\/fr\/wp-json\/wp\/v2\/users\/25"}],"replies":[{"embeddable":true,"href":"https:\/\/www.ottawahospital.on.ca\/fr\/wp-json\/wp\/v2\/comments?post=12578"}],"version-history":[{"count":0,"href":"https:\/\/www.ottawahospital.on.ca\/fr\/wp-json\/wp\/v2\/pages\/12578\/revisions"}],"up":[{"embeddable":true,"href":"https:\/\/www.ottawahospital.on.ca\/fr\/wp-json\/wp\/v2\/pages\/12561"}],"wp:attachment":[{"href":"https:\/\/www.ottawahospital.on.ca\/fr\/wp-json\/wp\/v2\/media?parent=12578"}],"curies":[{"name":"wp","href":"https:\/\/api.w.org\/{rel}","templated":true}]}}