{"id":12567,"date":"2016-12-02T13:00:55","date_gmt":"2016-12-02T18:00:55","guid":{"rendered":"http:\/\/52.229.122.34\/fr\/?page_id=12567"},"modified":"2016-12-02T13:00:55","modified_gmt":"2016-12-02T18:00:55","slug":"physiotherapeutes","status":"publish","type":"page","link":"https:\/\/www.ottawahospital.on.ca\/fr\/services-cliniques\/deptpgrmcs\/departements\/centre-de-readaptation\/au-sujet-du-centre-de-readaptation\/equipes-de-readaptation\/physiotherapeutes\/","title":{"rendered":"Physioth\u00e9rapeutes"},"content":{"rendered":"<p>Le <strong>physioth\u00e9rapeute<\/strong> travaille avec les patients bless\u00e9s, atteints d\u2019une maladie ou ayant une incapacit\u00e9 pour \u00e9valuer et r\u00e9tablir leur force, leur endurance, leurs mouvements et leurs capacit\u00e9s physiques.<\/p>\n<ul>\n<li>Il utilise les plus r\u00e9centes techniques pour r\u00e9tablir, maximiser et maintenir la mobilit\u00e9 et la force.<\/li>\n<li>Il est qualifi\u00e9 pour offrir des services d\u2019\u00e9valuation et de pr\u00e9vention, ainsi que des traitements con\u00e7us pour r\u00e9tablir le niveau fonctionnel et pour \u00e9viter que les patients conservent une incapacit\u00e9 en raison d\u2019un traumatisme, d\u2019une maladie ou d\u2019une blessure.<\/li>\n<li>Il peut aussi recommander un programme d\u2019exercices personnalis\u00e9s, renseigner les patients sur la m\u00e9canique corporelle et leur donner des conseils sur la fa\u00e7on d\u2019\u00e9viter et de pr\u00e9venir les blessures afin d\u2019am\u00e9liorer leur bien-\u00eatre en g\u00e9n\u00e9ral.<\/li>\n<\/ul>\n<p><strong>Formation du physioth\u00e9rapeute<\/strong><\/p>\n<p>Le physioth\u00e9rapeute d\u00e9tient un dipl\u00f4me de physioth\u00e9rapie d\u2019une universit\u00e9 reconnue. Il est autoris\u00e9 \u00e0 exercer la physioth\u00e9rapie dans la province par l\u2019Ordre des physioth\u00e9rapeutes de l\u2019Ontario.<\/p>\n<p>Depuis 2010, le physioth\u00e9rapeute doit d\u2019abord obtenir un baccalaur\u00e9at de quatre ans, puis une ma\u00eetrise de l\u2019une des 14\u00a0universit\u00e9s agr\u00e9\u00e9es pour l\u2019enseignement de la physioth\u00e9rapie au Canada avant de pouvoir exercer sa profession. Il doit aussi faire plusieurs stages cliniques dans des \u00e9tablissements de soins reconnus.<\/p>\n<p>L\u2019Ordre des physioth\u00e9rapeutes de l\u2019Ontario exige ensuite qu\u2019il r\u00e9ussisse l\u2019examen national de physioth\u00e9rapie. Vous aimeriez devenir physioth\u00e9rapeute? Cliquez sur les liens ci-dessous pour obtenir des renseignements aupr\u00e8s de l\u2019universit\u00e9 la plus pr\u00e8s de chez vous qui offre un dipl\u00f4me en physioth\u00e9rapie.<\/p>\n<ul>\n<li><a href=\"https:\/\/www.physiotherapy.ca\/Home?lang=fr-ca\" target=\"_blank\">Association canadienne de physioth\u00e9rapie <\/a><\/li>\n<li><a href=\"https:\/\/www.alliancept.org\/\" target=\"_blank\">Renseignements pour les dipl\u00f4m\u00e9s d\u2019universit\u00e9s de l\u2019ext\u00e9rieur du Canada<\/a><\/li>\n<li><a href=\"https:\/\/www.collegept.org\/ServiceenFrancais\" target=\"_blank\">Ordre des physioth\u00e9rapeutes de l\u2019Ontario <\/a><\/li>\n<li><a href=\"https:\/\/www.sante.uottawa.ca\/esr\/index.htm\" target=\"_blank\">\u00c9cole des sciences de la r\u00e9adaptation de l\u2019Universit\u00e9 d\u2019Ottawa<\/a><\/li>\n<\/ul>\n<p><strong>Services offerts<\/strong><\/p>\n<p>Un physioth\u00e9rapeute peut apporter de l\u2019aide pour diff\u00e9rents d\u00e9fis\u00a0:<\/p>\n<ul>\n<li>douleur (traitement individuel ou de groupe)<\/li>\n<li>amplitude de mouvement et force musculaire<\/li>\n<li>\u00e9quilibre<\/li>\n<li>transferts et mobilit\u00e9<\/li>\n<li>d\u00e9marche<\/li>\n<li>proth\u00e8se<\/li>\n<li>Programme des appareils et accessoires fonctionnels (programme provincial qui offre du soutien et de l\u2019aide financi\u00e8re aux r\u00e9sidants de l\u2019Ontario qui ont une incapacit\u00e9 physique \u00e0 long terme)<\/li>\n<li>exercices cardiovasculaires et d\u2019endurance.<\/li>\n<\/ul>\n<p>Le physioth\u00e9rapeute offre des services uniques et dispose d\u2019appareils d\u2019exercice de pointe et accessible \u00e0 tous, d\u2019un laboratoire de r\u00e9adaptation en r\u00e9alit\u00e9 virtuelle, d\u2019appareils de soutien du poids et d\u2019une piscine th\u00e9rapeutique.<\/p>\n<p><strong>Recherche<\/strong><\/p>\n<p>Les physioth\u00e9rapeutes participent \u00e0 divers projets de recherche et d\u2019am\u00e9lioration de la qualit\u00e9 dans l\u2019H\u00f4pital et \u00e0 l\u2019\u00e9chelle provinciale.<\/p>\n","protected":false},"excerpt":{"rendered":"<p>Le physioth\u00e9rapeute travaille avec les patients bless\u00e9s, atteints d\u2019une maladie ou ayant une incapacit\u00e9 pour \u00e9valuer et r\u00e9tablir leur force, leur endurance, leurs mouvements et leurs capacit\u00e9s physiques. Il utilise les plus r\u00e9centes techniques pour r\u00e9tablir, maximiser et maintenir la mobilit\u00e9 et la force. Il est qualifi\u00e9 pour offrir des services d\u2019\u00e9valuation et de pr\u00e9vention, [&hellip;]<\/p>\n","protected":false},"author":25,"featured_media":0,"parent":12561,"menu_order":1,"comment_status":"closed","ping_status":"closed","template":"","meta":{"_acf_changed":false,"_mc_calendar":[],"footnotes":""},"class_list":["post-12567","page","type-page","status-publish","hentry"],"acf":[],"wps_subtitle":"","_links":{"self":[{"href":"https:\/\/www.ottawahospital.on.ca\/fr\/wp-json\/wp\/v2\/pages\/12567","targetHints":{"allow":["GET"]}}],"collection":[{"href":"https:\/\/www.ottawahospital.on.ca\/fr\/wp-json\/wp\/v2\/pages"}],"about":[{"href":"https:\/\/www.ottawahospital.on.ca\/fr\/wp-json\/wp\/v2\/types\/page"}],"author":[{"embeddable":true,"href":"https:\/\/www.ottawahospital.on.ca\/fr\/wp-json\/wp\/v2\/users\/25"}],"replies":[{"embeddable":true,"href":"https:\/\/www.ottawahospital.on.ca\/fr\/wp-json\/wp\/v2\/comments?post=12567"}],"version-history":[{"count":0,"href":"https:\/\/www.ottawahospital.on.ca\/fr\/wp-json\/wp\/v2\/pages\/12567\/revisions"}],"up":[{"embeddable":true,"href":"https:\/\/www.ottawahospital.on.ca\/fr\/wp-json\/wp\/v2\/pages\/12561"}],"wp:attachment":[{"href":"https:\/\/www.ottawahospital.on.ca\/fr\/wp-json\/wp\/v2\/media?parent=12567"}],"curies":[{"name":"wp","href":"https:\/\/api.w.org\/{rel}","templated":true}]}}