{"id":12561,"date":"2016-12-02T12:57:20","date_gmt":"2016-12-02T17:57:20","guid":{"rendered":"http:\/\/52.229.122.34\/fr\/?page_id=12561"},"modified":"2021-03-08T09:56:05","modified_gmt":"2021-03-08T14:56:05","slug":"equipes-de-readaptation","status":"publish","type":"page","link":"https:\/\/www.ottawahospital.on.ca\/fr\/services-cliniques\/deptpgrmcs\/departements\/centre-de-readaptation\/au-sujet-du-centre-de-readaptation\/equipes-de-readaptation\/","title":{"rendered":"\u00c9quipes de r\u00e9adaptation"},"content":{"rendered":"<p><img decoding=\"async\" class=\"alignright img-responsive\" src=\"\/wp-content\/uploads\/2016\/12\/OccupationalTherapyGroup.jpg\" alt=\"Occupational Therapy Group\" width=\"448\" height=\"275\" \/>Au Centre de r\u00e9adaptation de L\u2019H\u00f4pital d\u2019Ottawa, les patients rencontrent beaucoup de professionnels qui ont \u00e0 c\u0153ur de leur offrir les meilleurs soins possible en \u00e9quipe interdisciplinaire. Voici quelques-uns des sp\u00e9cialistes que vous pourrez rencontrer.<\/p>\n<ul>\n<li>Le <strong>physiatre<\/strong> ou le m\u00e9decin sous sa supervision \u00e9valuera r\u00e9guli\u00e8rement votre \u00e9tat de sant\u00e9. Il supervisera vos soins et prescrira les examens, les m\u00e9dicaments, les appareils et les traitements n\u00e9cessaires.<\/li>\n<li>Quand vous arriverez au Centre, nous vous attribuerons une <strong>\u00e9quipe de soins infirmiers<\/strong> qui \u00e9tablira votre plan de soins de votre arriv\u00e9e jusqu\u2019\u00e0 votre d\u00e9part. Pendant votre s\u00e9jour, nous vous offrirons des soins infirmiers 24\u00a0heures sur 24, 7\u00a0jours sur 7. Selon les besoins des patients, ce sera une <strong>infirmi\u00e8re autoris\u00e9e<\/strong> ou une <strong>infirmi\u00e8re auxiliaire autoris\u00e9e<\/strong> qui fournira les soins.<\/li>\n<li>Le\u00a0<a href=\"\/fr\/services-cliniques\/deptpgrmcs\/departements\/centre-de-readaptation\/au-sujet-du-centre-de-readaptation\/equipes-de-readaptation\/physiotherapeutes\/\"><strong>physioth\u00e9rapeute<\/strong><\/a> travaillera avec vous pour \u00e9valuer et r\u00e9tablir votre force, votre endurance, vos mouvements et votre capacit\u00e9 physique.<\/li>\n<li><a href=\"\/fr\/services-cliniques\/deptpgrmcs\/departements\/centre-de-readaptation\/au-sujet-du-centre-de-readaptation\/equipes-de-readaptation\/ergotherapeutes\/\">L\u2019<strong>ergoth\u00e9rapeute <\/strong><\/a>vous aidera \u00e0 redevenir le plus autonome possible dans vos activit\u00e9s quotidiennes, comme se laver, s\u2019habiller, faire le m\u00e9nage. Il pourra vous recommander des appareils ou des accessoires fonctionnels (comme un si\u00e8ge de bain, une pince \u00e0 long manche, un couteau \u00e0 lame basculante, une orth\u00e8se). Il vous aidera \u00e0 modifier votre domicile pour le rendre plus accessible. Il \u00e9valuera votre posture et votre niveau de mobilit\u00e9 et pourra vous recommander d\u2019utiliser un fauteuil roulant adapt\u00e9 \u00e0 vos besoins.<\/li>\n<li><strong>Le <\/strong><a href=\"\/fr\/services-cliniques\/deptpgrmcs\/departements\/centre-de-readaptation\/au-sujet-du-centre-de-readaptation\/equipes-de-readaptation\/service-de-psychologie\/\"><strong>personnel du Service de psychologie<\/strong><\/a> aide les patients et leur famille \u00e0 s\u2019adapter aux changements physiques, \u00e9motifs et cognitifs qui viennent souvent de pair avec une incapacit\u00e9 ou une maladie chronique. Ils font des \u00e9valuations et offrent des traitements qui pourront vous aider \u00e0 surmonter des difficult\u00e9s, comme la d\u00e9pression, l\u2019anxi\u00e9t\u00e9, la douleur ou des troubles de m\u00e9moire et de raisonnement.<\/li>\n<li>La<a href=\"\/fr\/notre-modele-de-soins\/notre-equipe-de-professionnels-de-la-sante\/travail-social\/\">\u00a0<strong>travailleuse sociale<\/strong><\/a> offre du counseling aux patients et \u00e0 leur famille pour les aider \u00e0 s\u2019adapter aux changements caus\u00e9s par l\u2019incapacit\u00e9. C\u2019est elle qui organisera votre d\u00e9part du Centre de r\u00e9adaptation. Elle vous aidera \u00e9galement \u00e0 organiser votre logement, votre transport, vos soins \u00e0 domicile et l\u2019aide financi\u00e8re requise.<\/li>\n<li>Le <a href=\"\/fr\/services-cliniques\/deptpgrmcs\/departements\/pharmacie\/\"><strong>pharmacien<\/strong><\/a> examinera r\u00e9guli\u00e8rement la liste des m\u00e9dicaments que vous prenez. Vous pourrez lui poser des questions si vous souhaitez en savoir plus sur vos m\u00e9dicaments. De nombreuses personnes apprennent \u00e0 prendre leurs m\u00e9dicaments de mani\u00e8re s\u00e9curitaire gr\u00e2ce aux m\u00e9thodes enseign\u00e9es dans un programme d\u2019autom\u00e9dication.<\/li>\n<li>Le <strong>th\u00e9rapeute en r\u00e9adaptation<\/strong> vous posera des questions pour mieux conna\u00eetre votre situation et vos besoins. Ces renseignements lui permettront d\u2019\u00e9tablir un plan de traitement personnalis\u00e9 et r\u00e9aliste et d\u2019\u00e9valuer vos r\u00e9sultats. Il vous donnera des strat\u00e9gies cognitivo-comportementales afin d\u2019accro\u00eetre votre autonomie et de faciliter votre r\u00e9insertion sociale.<\/li>\n<li>Le <strong>th\u00e9rapeute en loisirs<\/strong> aide les patients \u00e0 adapter leurs loisirs. Il vous proposera diverses activit\u00e9s r\u00e9cr\u00e9atives qui pourront satisfaire vos besoins physiques, sociaux, cr\u00e9atifs, intellectuels et combler la solitude. Son but ultime est de vous aider \u00e0 trouver des activit\u00e9s agr\u00e9ables et de favoriser votre participation \u00e0 la vie communautaire.<\/li>\n<li>La\u00a0<a href=\"\/fr\/services-cliniques\/deptpgrmcs\/departements\/centre-de-readaptation\/au-sujet-du-centre-de-readaptation\/equipes-de-readaptation\/dietetistes-du-centre-de-readaptation\/\"><strong>di\u00e9t\u00e9tiste<\/strong><\/a> fournit des services d\u2019\u00e9valuation, des traitements et du counseling aux patients qui ont des probl\u00e8mes d\u2019alimentation. Elle peut vous offrir, par exemple, des menus personnalis\u00e9s, des s\u00e9ances d\u2019information et un suivi.<\/li>\n<li>Le <a href=\"\/fr\/services-cliniques\/deptpgrmcs\/departements\/centre-de-readaptation\/au-sujet-du-centre-de-readaptation\/equipes-de-readaptation\/therapeutes-respiratoires\/\"><strong>th\u00e9rapeute respiratoire<\/strong><\/a> s\u2019occupe des personnes qui ont de la difficult\u00e9 \u00e0 respirer. Les patients atteints d\u2019une maladie pulmonaire comme une bronchite chronique ou l\u2019emphys\u00e8me ou les victimes d\u2019accidents peuvent avoir beaucoup de mal \u00e0 respirer. Le th\u00e9rapeute respiratoire surveille et \u00e9value les personnes atteintes de troubles respiratoires et leur offre les traitements n\u00e9cessaires pour qu\u2019elles respirent mieux.<\/li>\n<li><a href=\"\/fr\/services-cliniques\/deptpgrmcs\/departements\/centre-de-readaptation\/au-sujet-du-centre-de-readaptation\/equipes-de-readaptation\/orthophonistes\/\">L\u2019<strong>orthophoniste<\/strong><\/a> aide les patients qui ont du mal \u00e0 parler, \u00e0 comprendre, \u00e0 lire ou \u00e0 \u00e9crire. Il \u00e9value et traite aussi les patients qui ont de la difficult\u00e9 \u00e0 avaler pour les aider \u00e0 manger de fa\u00e7on s\u00e9curitaire.<\/li>\n<li><a href=\"\/fr\/services-cliniques\/deptpgrmcs\/departements\/centre-de-readaptation\/au-sujet-du-centre-de-readaptation\/equipes-de-readaptation\/conseillers-en-readaptation-professionnelle\/\">Le<strong> conseiller en r\u00e9adaptation professionnelle<\/strong><\/a> aide \u00e0 d\u00e9terminer si vous pourrez travailler de nouveau et \u00e0 quel moment. Il vous aidera \u00e0 \u00e9tablir des objectifs et \u00e0 cr\u00e9er un plan r\u00e9aliste pour les atteindre. Le conseiller s\u2019adapte pour r\u00e9pondre \u00e0 vos besoins\u00a0: counseling et \u00e9valuation professionnelles; recherche sur le march\u00e9 du travail; renforcement des aptitudes pour chercher du travail et liaison avec des employeurs, des compagnies d\u2019assurance et des services communautaires.<\/li>\n<li>L\u2019<strong>\u00e9quipe de la <\/strong><a href=\"\/fr\/services-cliniques\/deptpgrmcs\/departements\/centre-de-readaptation\/services-et-cliniques\/services-specialises\/service-de-prothetique\/\"><strong>proth\u00e9tique<\/strong><\/a><strong> et de<\/strong><a href=\"\/fr\/services-cliniques\/deptpgrmcs\/departements\/centre-de-readaptation\/services-et-cliniques\/services-specialises\/service-dorthetique\/\"><strong> l\u2019orth\u00e9tique<\/strong><\/a> \u00e9value les besoins des patients dans ce domaine. Elle cr\u00e9e, ajuste et r\u00e9pare diff\u00e9rents membres artificiels (proth\u00e8ses) et appareils orthop\u00e9diques (orth\u00e8ses). Elle d\u00e9termine les besoins des patients en collaboration avec le physiatre et d\u2019autres membres de l\u2019\u00e9quipe.<\/li>\n<li>Le <strong>conseiller en apprentissage de l\u2019autonomie fonctionnelle<\/strong> est responsable de la formation dispens\u00e9e au Centre Robin Easey pour aider les patients \u00e0 retrouver leur autonomie. Il favorise la r\u00e9int\u00e9gration sociale de m\u00eame que l\u2019autonomie et de la qualit\u00e9 de vie. Certains conseillers sont parfois aussi coordonnateurs de cas et restent en contact avec la famille du patient, d\u2019autres professionnels et des compagnies d\u2019assurance au besoin.<\/li>\n<li>L\u2019<strong>aum\u00f4nier interconfessionnel <\/strong>offre un soutien spirituel aux patients, \u00e0 leur famille, aux employ\u00e9s et aux b\u00e9n\u00e9voles. Il aide les personnes en d\u00e9tresse spirituelle, \u00e9value leurs besoins spirituels, offre un soutien \u00e9motionnel et aborde les pr\u00e9occupations culturelles, religieuses et \u00e9thiques. Certaines personnes puisent de la force dans leurs croyances spirituelles durant les p\u00e9riodes difficiles, ce qui les aide \u00e0 gu\u00e9rir.<\/li>\n<li>Le<a href=\"\/fr\/services-cliniques\/deptpgrmcs\/departements\/centre-de-readaptation\/au-sujet-du-centre-de-readaptation\/equipes-de-readaptation\/service-de-technogenie-de-la-readaptation\/\">\u00a0<strong>personnel du technog\u00e9nie de la r\u00e9adaptation<\/strong><\/a> peut modifier ou cr\u00e9er des appareils ou des accessoires fonctionnels qui r\u00e9pondent \u00e0 vos besoins particuliers.<\/li>\n<li>Le <a href=\"\/fr\/services-cliniques\/deptpgrmcs\/departements\/centre-de-readaptation\/au-sujet-du-centre-de-readaptation\/equipes-de-readaptation\/podologue\/\"><strong>podologue <\/strong><\/a>se sp\u00e9cialise dans le soin des pieds. Il fait d\u2019abord une \u00e9valuation et peut recommander un traitement, des orth\u00e8ses ou des chaussures adapt\u00e9es. Il renseigne au besoin les patients sur le soin des pieds.<\/li>\n<\/ul>\n","protected":false},"excerpt":{"rendered":"<p>Au Centre de r\u00e9adaptation de L\u2019H\u00f4pital d\u2019Ottawa, les patients rencontrent beaucoup de professionnels qui ont \u00e0 c\u0153ur de leur offrir les meilleurs soins possible en \u00e9quipe interdisciplinaire. Voici quelques-uns des sp\u00e9cialistes que vous pourrez rencontrer. Le physiatre ou le m\u00e9decin sous sa supervision \u00e9valuera r\u00e9guli\u00e8rement votre \u00e9tat de sant\u00e9. Il supervisera vos soins et prescrira [&hellip;]<\/p>\n","protected":false},"author":25,"featured_media":0,"parent":12556,"menu_order":1,"comment_status":"closed","ping_status":"closed","template":"","meta":{"_acf_changed":false,"_mc_calendar":[],"footnotes":""},"class_list":["post-12561","page","type-page","status-publish","hentry"],"acf":[],"wps_subtitle":"","_links":{"self":[{"href":"https:\/\/www.ottawahospital.on.ca\/fr\/wp-json\/wp\/v2\/pages\/12561","targetHints":{"allow":["GET"]}}],"collection":[{"href":"https:\/\/www.ottawahospital.on.ca\/fr\/wp-json\/wp\/v2\/pages"}],"about":[{"href":"https:\/\/www.ottawahospital.on.ca\/fr\/wp-json\/wp\/v2\/types\/page"}],"author":[{"embeddable":true,"href":"https:\/\/www.ottawahospital.on.ca\/fr\/wp-json\/wp\/v2\/users\/25"}],"replies":[{"embeddable":true,"href":"https:\/\/www.ottawahospital.on.ca\/fr\/wp-json\/wp\/v2\/comments?post=12561"}],"version-history":[{"count":0,"href":"https:\/\/www.ottawahospital.on.ca\/fr\/wp-json\/wp\/v2\/pages\/12561\/revisions"}],"up":[{"embeddable":true,"href":"https:\/\/www.ottawahospital.on.ca\/fr\/wp-json\/wp\/v2\/pages\/12556"}],"wp:attachment":[{"href":"https:\/\/www.ottawahospital.on.ca\/fr\/wp-json\/wp\/v2\/media?parent=12561"}],"curies":[{"name":"wp","href":"https:\/\/api.w.org\/{rel}","templated":true}]}}