{"id":12556,"date":"2016-12-02T12:53:03","date_gmt":"2016-12-02T17:53:03","guid":{"rendered":"http:\/\/52.229.122.34\/fr\/?page_id=12556"},"modified":"2017-06-20T16:17:00","modified_gmt":"2017-06-20T20:17:00","slug":"au-sujet-du-centre-de-readaptation","status":"publish","type":"page","link":"https:\/\/www.ottawahospital.on.ca\/fr\/services-cliniques\/deptpgrmcs\/departements\/centre-de-readaptation\/au-sujet-du-centre-de-readaptation\/","title":{"rendered":"Au sujet du Centre de r\u00e9adaptation"},"content":{"rendered":"<div class=\"row\">\n<div class=\"col-md-7\">\nLe Centre de r\u00e9adaptation de L\u2019H\u00f4pital d\u2019Ottawa se sp\u00e9cialise dans la r\u00e9adaptation physique d\u2019adultes qui ont subi une maladie ou une blessure physique diminuant leur capacit\u00e9 fonctionnelle. Il fait partie du Programme de r\u00e9adaptation de l\u2019H\u00f4pital et dessert les r\u00e9sidants de l\u2019Est ontarien et de l\u2019Ouest qu\u00e9b\u00e9cois en fran\u00e7ais et en anglais. Affili\u00e9 \u00e0 l\u2019Universit\u00e9 d\u2019Ottawa, c\u2019est un \u00e9tablissement d\u2019enseignement agr\u00e9\u00e9 par Agr\u00e9ment Canada.<\/p>\n<p>Le personnel du Centre offre des services d\u2019\u00e9valuation et des traitements aux patients hospitalis\u00e9s et aux patients externes qui ont, par exemple, subi une amputation ou un accident vasculaire majeur ou qui ont une l\u00e9sion m\u00e9dullaire, une l\u00e9sion c\u00e9r\u00e9brale acquise, une maladie pulmonaire, la scl\u00e9rose en plaques, de la douleur chronique et des troubles de la communication.<\/p>\n<p>L\u2019objectif est d\u2019aider les patients \u00e0 maximiser leur autonomie, \u00e0 se r\u00e9adapter et \u00e0 reb\u00e2tir leur vie.<\/p>\n<h2>Notre vision<\/h2>\n<p>Offrir \u00e0 chaque patient des soins de calibre mondial et des services exceptionnels avec une compassion digne des personnes qui nous sont ch\u00e8res.\n<\/p><\/div>\n<div class=\"col-md-5\">\n<img decoding=\"async\" class=\"alignright img-responsive\" src=\"\/wp-content\/uploads\/2016\/12\/StaffwithPatient.jpg\" alt=\"Staff with Patient\" width=\"213\" height=\"314\" \/>\n<\/div>\n<\/div>\n<h2>Notre mission<\/h2>\n<ul>\n<li>L\u2019H\u00f4pital d\u2019Ottawa est un \u00e9tablissement de sant\u00e9 qui offre aux r\u00e9sidants de l\u2019Est ontarien principalement des soins sp\u00e9cialis\u00e9s et de niveau tertiaire centr\u00e9s sur le patient et empreints de compassion.<\/li>\n<li>L\u2019H\u00f4pital d\u2019Ottawa offre une grande vari\u00e9t\u00e9 de possibilit\u00e9s de formation dans toutes les disciplines de la sant\u00e9, en partenariat avec l\u2019Universit\u00e9 d\u2019Ottawa, d\u2019autres universit\u00e9s, des coll\u00e8ges communautaires et des \u00e9tablissements d\u2019enseignement affili\u00e9s.<\/li>\n<li>L\u2019H\u00f4pital d\u2019Ottawa acquiert, transmet et applique de nouvelles connaissances et technologies dans le cadre des soins aux patients gr\u00e2ce \u00e0 ses programmes de recherche reconnus \u00e0 l\u2019\u00e9chelle nationale et internationale, qui sont men\u00e9s en partenariat avec l\u2019institut de recherche de l\u2019H\u00f4pital d\u2019Ottawa (IRHO).<\/li>\n<li>L\u2019H\u00f4pital d\u2019Ottawa joue un r\u00f4le actif dans la promotion et l\u2019am\u00e9lioration de la sant\u00e9 au sein de la collectivit\u00e9. Nous collaborons avec un grand \u00e9ventail de partenaires pour r\u00e9pondre aux besoins de la collectivit\u00e9 et \u00e9tablir un syst\u00e8me de sant\u00e9 r\u00e9gional \u00e0 la fois int\u00e9gr\u00e9 et solide.<\/li>\n<li>L\u2019H\u00f4pital d\u2019Ottawa offre des services en fran\u00e7ais et en anglais tout en s\u2019effor\u00e7ant de r\u00e9pondre aux besoins d\u2019une collectivit\u00e9 multiculturelle.<\/li>\n<\/ul>\n<h2>Nos valeurs fondamentales<\/h2>\n<ul>\n<li>Compassion<\/li>\n<li>Engagement \u00e0 la qualit\u00e9<\/li>\n<li>Collaboration<\/li>\n<li>Respect de la personne<\/li>\n<\/ul>\n<h2>Notre philosophie de la r\u00e9adaptation<\/h2>\n<p>Nous offrons des soins novateurs ax\u00e9s sur les besoins physiques, psychologiques, sociaux et spirituels des patients. Notre \u00e9quipe est fi\u00e8re de traiter les patients avec dignit\u00e9 et respect dans un milieu qui favorise la sant\u00e9 et le bien-\u00eatre.<\/p>\n<ul>\n<li>Apr\u00e8s leur d\u00e9part du Centre, certains patients poursuivre leur r\u00e9adaptation en clinique externe. La dur\u00e9e du programme est toutefois limit\u00e9e. L\u2019objectif est d\u2019atteindre des buts sp\u00e9cifiques et r\u00e9alistes.<\/li>\n<li>Nous pouvons diriger les patients externes vers des organismes communautaires pendant ou apr\u00e8s la r\u00e9adaptation pour veiller \u00e0 ce qu\u2019ils conservent un niveau de fonctionnement et d\u2019autonomie optimal.<\/li>\n<li>Nos unit\u00e9s de soins accueillent des patients qui ont besoin d\u2019une r\u00e9adaptation interdisciplinaire intensive. Nous organisons des rencontres avec le patient et sa famille pour examiner les objectifs et discuter des progr\u00e8s et des questions li\u00e9es au d\u00e9part du Centre de r\u00e9adaptation. Nous admettons les patients \u00e0 titre probatoire si nous doutons de leur volont\u00e9 \u00e0 participer activement \u00e0 leur r\u00e9adaptation<\/li>\n<\/ul>\n<p>Nous collaborons avec vous pour vous donner les outils qui vous aideront \u00e0 atteindre un niveau fonctionnel maximal. Nous comptons sur vous pour participer activement \u00e0 votre r\u00e9adaptation. Si vous avez des id\u00e9es pour nous aider \u00e0 mieux vous \u00e9pauler, n\u2019h\u00e9sitez pas \u00e0 nous en faire part. Les membres de votre famille et vos amis peuvent aussi participer au processus si vous le souhaitez.<\/p>\n<p>N\u2019oubliez pas que le membre de votre \u00e9quipe de soins le plus important, c\u2019est VOUS.<\/p>\n<h2>Admission<\/h2>\n<p>Pour \u00eatre admis au Centre de r\u00e9adaptation, votre m\u00e9decin doit nous envoyer une demande d\u2019\u00e9valuation et de traitement.<\/p>\n<p>Une infirmi\u00e8re ou un m\u00e9decin sp\u00e9cialis\u00e9 en r\u00e9adaptation \u00e9valuera alors votre \u00e9tat de sant\u00e9 pour d\u00e9terminer si nous pouvons r\u00e9pondre \u00e0 vos besoins et vous aider \u00e0 atteindre vos objectifs de r\u00e9adaptation. Le m\u00e9decin vous donnera des directives sur la fa\u00e7on de vous pr\u00e9parer \u00e0 votre s\u00e9jour au Centre de r\u00e9adaptation.<\/p>\n<p>Si votre nom se trouve sur la liste d\u2019attente, nous vous appellerons d\u00e8s qu\u2019une place se lib\u00e9rera pour vous donner la date de votre admission.<\/p>\n<p>Si vous avez des questions au sujet de votre admission au Centre de r\u00e9adaptation, veuillez appeler votre m\u00e9decin au Centre ou le Service des admissions au 613-737-7350, poste 75508.<\/p>\n","protected":false},"excerpt":{"rendered":"<p>Le Centre de r\u00e9adaptation de L\u2019H\u00f4pital d\u2019Ottawa se sp\u00e9cialise dans la r\u00e9adaptation physique d\u2019adultes qui ont subi une maladie ou une blessure physique diminuant leur capacit\u00e9 fonctionnelle. Il fait partie du Programme de r\u00e9adaptation de l\u2019H\u00f4pital et dessert les r\u00e9sidants de l\u2019Est ontarien et de l\u2019Ouest qu\u00e9b\u00e9cois en fran\u00e7ais et en anglais. Affili\u00e9 \u00e0 l\u2019Universit\u00e9 [&hellip;]<\/p>\n","protected":false},"author":25,"featured_media":0,"parent":9999,"menu_order":1,"comment_status":"closed","ping_status":"closed","template":"","meta":{"_acf_changed":false,"_mc_calendar":[],"footnotes":""},"class_list":["post-12556","page","type-page","status-publish","hentry"],"acf":[],"wps_subtitle":"","_links":{"self":[{"href":"https:\/\/www.ottawahospital.on.ca\/fr\/wp-json\/wp\/v2\/pages\/12556","targetHints":{"allow":["GET"]}}],"collection":[{"href":"https:\/\/www.ottawahospital.on.ca\/fr\/wp-json\/wp\/v2\/pages"}],"about":[{"href":"https:\/\/www.ottawahospital.on.ca\/fr\/wp-json\/wp\/v2\/types\/page"}],"author":[{"embeddable":true,"href":"https:\/\/www.ottawahospital.on.ca\/fr\/wp-json\/wp\/v2\/users\/25"}],"replies":[{"embeddable":true,"href":"https:\/\/www.ottawahospital.on.ca\/fr\/wp-json\/wp\/v2\/comments?post=12556"}],"version-history":[{"count":0,"href":"https:\/\/www.ottawahospital.on.ca\/fr\/wp-json\/wp\/v2\/pages\/12556\/revisions"}],"up":[{"embeddable":true,"href":"https:\/\/www.ottawahospital.on.ca\/fr\/wp-json\/wp\/v2\/pages\/9999"}],"wp:attachment":[{"href":"https:\/\/www.ottawahospital.on.ca\/fr\/wp-json\/wp\/v2\/media?parent=12556"}],"curies":[{"name":"wp","href":"https:\/\/api.w.org\/{rel}","templated":true}]}}