{"id":12545,"date":"2016-12-02T12:43:38","date_gmt":"2016-12-02T17:43:38","guid":{"rendered":"http:\/\/52.229.122.34\/fr\/?page_id=12545"},"modified":"2025-07-14T09:46:04","modified_gmt":"2025-07-14T13:46:04","slug":"ressources-pour-les-patients","status":"publish","type":"page","link":"https:\/\/www.ottawahospital.on.ca\/fr\/services-cliniques\/deptpgrmcs\/departements\/centre-de-readaptation\/ressources-pour-les-patients\/","title":{"rendered":"Ressources pour les patients"},"content":{"rendered":"\n<p>Pour les personnes ayant une incapacit\u00e9, l\u2019acc\u00e8s aux renseignements pertinents constitue souvent le premier pas vers l\u2019autonomie. Le personnel du Centre de r\u00e9adaptation souhaite que vous entamiez votre r\u00e9adaptation du bon pied et vous aidera tout au long du processus<\/p>\n\n\n\n<p>L\u2019information sur le Centre de r\u00e9adaptation se retrouve sur la page \u201c<a href=\"https:\/\/www.ottawahospital.on.ca\/fr\/services-cliniques\/deptpgrmcs\/departements\/centre-de-readaptation\/au-sujet-du-centre-de-readaptation\/nos-installations\/\">installations<\/a>\u201d.&nbsp; Nous pouvons aussi vous transmettre les ressources suivantes :<\/p>\n\n\n\n<ul class=\"wp-block-list\">\n<li><a href=\"https:\/\/www.ottawahospital.on.ca\/wp-content\/uploads\/2017\/12\/66619_french_proof-2.pdf\" target=\"_blank\" rel=\"noopener\">Guide pour les patients et leur famille<\/a><\/li>\n\n\n\n<li><a href=\"https:\/\/www.ottawahospital.on.ca\/en\/documents\/2017\/01\/p913-french-aug-2012-colour-cover.pdf\" target=\"_blank\" rel=\"noopener\">Vivre apr\u00e8s une l\u00e9sion c\u00e9r\u00e9brale : Guide \u00e0 l\u2019intention des aidants naturels et des familles<\/a><\/li>\n\n\n\n<li><a href=\"https:\/\/www.ottawahospital.on.ca\/wp-content\/uploads\/2018\/03\/p916-french-january-2012.pdf\" target=\"_blank\" rel=\"noopener\">Vivre avec une l\u00e9sion c\u00e9r\u00e9brale : Guide \u00e0 l\u2019intention des patients<\/a><\/li>\n<\/ul>\n\n\n\n<p><\/p>\n\n\n\n<figure class=\"wp-block-embed is-type-video is-provider-youtube wp-block-embed-youtube wp-embed-aspect-16-9 wp-has-aspect-ratio\"><div class=\"wp-block-embed__wrapper\">\n<iframe title=\"R\u00e9adaptation des l\u00e9sions c\u00e9r\u00e9brales acquises au Centre de R\u00e9adaptation de l\u2019H\u00f4pital d\u2019Ottawa\" width=\"500\" height=\"281\" src=\"https:\/\/www.youtube.com\/embed\/ITsLHm7x5eE?feature=oembed\" frameborder=\"0\" allow=\"accelerometer; autoplay; clipboard-write; encrypted-media; gyroscope; picture-in-picture; web-share\" referrerpolicy=\"strict-origin-when-cross-origin\" allowfullscreen><\/iframe>\n<\/div><\/figure>\n\n\n\n<h2 class=\"wp-block-heading\">Autogestion de la r\u00e9adaptation post-Covid<\/h2>\n\n\n\n<p>Le guide d\u2019autogestion de la r\u00e9adaptation apr\u00e8s la COVID-19 du Centre de r\u00e9adaptation fournit de l\u2019information aux adultes pr\u00e9sentant des sympt\u00f4mes persistants de la COVID-19 pendant plus de 12 semaines apr\u00e8s l\u2019avoir contract\u00e9e.<\/p>\n\n\n\n<p class=\"text-center\"><a href=\"http:\/\/sway.cloud.microsoft\/ftjlGXmmpt0WLTox?ref=email\" target=\"_blank\" rel=\"noreferrer noopener\">Voir la pr\u00e9sentation<\/a><\/p>\n\n\n\n<p>Consultez<a> <\/a><a href=\"https:\/\/can01.safelinks.protection.outlook.com\/?url=https%3A%2F%2Fwww.longcovidweb.ca%2F&amp;data=05%7C02%7Cwebofficer%40toh.ca%7C0dfab96436834e4d965b08ddbfcbcc96%7C859b41b6130f4d13a6931ffec4e7cb5a%7C0%7C0%7C638877604199888891%7CUnknown%7CTWFpbGZsb3d8eyJFbXB0eU1hcGkiOnRydWUsIlYiOiIwLjAuMDAwMCIsIlAiOiJXaW4zMiIsIkFOIjoiTWFpbCIsIldUIjoyfQ%3D%3D%7C0%7C%7C%7C&amp;sdata=VW489uwhQhhz53MhOFEzgXG9D7FQOtKuljPMv6xipCM%3D&amp;reserved=0\">cette ressource<\/a> pour obtenir l\u2019information la plus r\u00e9cente sur le syndrome&nbsp;post-COVID-19 (la COVID longue).<\/p>\n\n\n\n<p><\/p>\n","protected":false},"excerpt":{"rendered":"<p>Pour les personnes ayant une incapacit\u00e9, l\u2019acc\u00e8s aux renseignements pertinents constitue souvent le premier pas vers l\u2019autonomie. Le personnel du Centre de r\u00e9adaptation souhaite que vous entamiez votre r\u00e9adaptation du bon pied et vous aidera tout au long du processus L\u2019information sur le Centre de r\u00e9adaptation se retrouve sur la page \u201cinstallations\u201d.&nbsp; Nous pouvons aussi [&hellip;]<\/p>\n","protected":false},"author":25,"featured_media":0,"parent":9999,"menu_order":7,"comment_status":"closed","ping_status":"closed","template":"","meta":{"_acf_changed":false,"_mc_calendar":[],"footnotes":""},"class_list":["post-12545","page","type-page","status-publish","hentry"],"acf":[],"wps_subtitle":"","_links":{"self":[{"href":"https:\/\/www.ottawahospital.on.ca\/fr\/wp-json\/wp\/v2\/pages\/12545","targetHints":{"allow":["GET"]}}],"collection":[{"href":"https:\/\/www.ottawahospital.on.ca\/fr\/wp-json\/wp\/v2\/pages"}],"about":[{"href":"https:\/\/www.ottawahospital.on.ca\/fr\/wp-json\/wp\/v2\/types\/page"}],"author":[{"embeddable":true,"href":"https:\/\/www.ottawahospital.on.ca\/fr\/wp-json\/wp\/v2\/users\/25"}],"replies":[{"embeddable":true,"href":"https:\/\/www.ottawahospital.on.ca\/fr\/wp-json\/wp\/v2\/comments?post=12545"}],"version-history":[{"count":0,"href":"https:\/\/www.ottawahospital.on.ca\/fr\/wp-json\/wp\/v2\/pages\/12545\/revisions"}],"up":[{"embeddable":true,"href":"https:\/\/www.ottawahospital.on.ca\/fr\/wp-json\/wp\/v2\/pages\/9999"}],"wp:attachment":[{"href":"https:\/\/www.ottawahospital.on.ca\/fr\/wp-json\/wp\/v2\/media?parent=12545"}],"curies":[{"name":"wp","href":"https:\/\/api.w.org\/{rel}","templated":true}]}}