{"id":12542,"date":"2016-12-02T12:44:05","date_gmt":"2016-12-02T17:44:05","guid":{"rendered":"http:\/\/52.229.122.34\/fr\/?page_id=12542"},"modified":"2021-02-09T09:33:24","modified_gmt":"2021-02-09T14:33:24","slug":"nos-programmes-et-services","status":"publish","type":"page","link":"https:\/\/www.ottawahospital.on.ca\/fr\/services-cliniques\/deptpgrmcs\/programmes\/equipe-de-sante-familiale\/nos-programmes-et-services\/","title":{"rendered":"Nos Programmes et services"},"content":{"rendered":"<p>L\u2019\u00c9quipe universitaire de sant\u00e9 familiale de L\u2019H\u00f4pital d\u2019Ottawa offre aux patients une vaste gamme de programmes et de services.<\/p>\n<p>Cliquez sur une ic\u00f4ne ci-dessous pour en savoir plus.<\/p>\n<div class=\"text-center col-md-4 col-sm-6 col-xs-12 paddingbottom20\"><a href=\"\/fr\/services-cliniques\/deptpgrmcs\/programmes\/equipe-de-sante-familiale\/nos-programmes-et-services\/programme-deducation-sur-le-diabete\/\"><img decoding=\"async\" class=\"aligncenter size-full wp-image-12512 img-responsive\" src=\"\/wp-content\/uploads\/2016\/12\/1-Diabetes.jpg\" alt=\"1-diabetes\" width=\"200\" height=\"132\" \/><br \/>\n<strong>Gestion du diab\u00e8te<\/strong><br \/>\n<\/a><\/div>\n<div class=\"text-center col-md-4 col-sm-6 col-xs-12 paddingbottom20\"><a href=\"\/fr\/services-cliniques\/deptpgrmcs\/programmes\/equipe-de-sante-familiale\/nos-programmes-et-services\/vie-saine\/\"><img decoding=\"async\" class=\"img-responsive aligncenter wp-image-12511 size-full img-responsive\" src=\"\/wp-content\/uploads\/2016\/12\/2-HealthyLifestyle.jpg\" alt=\"2-healthylifestyle\" width=\"168\" height=\"132\" \/><br \/>\n<strong>Vie saine<\/strong><br \/>\n<\/a><\/div>\n<div class=\"text-center col-md-4 col-sm-6 col-xs-12 paddingbottom20\"><a href=\"\/fr\/services-cliniques\/deptpgrmcs\/programmes\/equipe-de-sante-familiale\/nos-programmes-et-services\/sante-mentale-et-counseling\/\"><img decoding=\"async\" class=\"img-responsive aligncenter wp-image-12510 size-full img-responsive\" src=\"\/wp-content\/uploads\/2016\/12\/3-MentalHealth.jpg\" alt=\"3-mentalhealth\" width=\"107\" height=\"132\" \/><br \/>\n<strong>Sant\u00e9 mentale et counseling<\/strong><\/a><\/div>\n<div style=\"display: block; width: 100%; height: 20px; clear: both;\"><\/div>\n<div class=\"text-center col-md-4 col-sm-6 col-xs-12 paddingbottom20\"><a href=\"\/fr\/services-cliniques\/deptpgrmcs\/programmes\/equipe-de-sante-familiale\/nos-programmes-et-services\/soins-maternels-pediatriques-et-aux-nouveau-nes\/\"><img decoding=\"async\" class=\"img-responsive aligncenter wp-image-12509 size-full img-responsive\" src=\"\/wp-content\/uploads\/2016\/12\/4-Maternal.jpg\" alt=\"4-maternal\" width=\"74\" height=\"132\" \/><br \/>\n<strong>Soins maternels et p\u00e9diatriques et aux nouveau-n\u00e9s<\/strong><br \/>\n<\/a><\/div>\n<div class=\"text-center col-md-4 col-sm-6 col-xs-12 paddingbottom20\"><a href=\"\/fr\/services-cliniques\/deptpgrmcs\/programmes\/equipe-de-sante-familiale\/nos-programmes-et-services\/sante-preventive\/\"><img decoding=\"async\" class=\"img-responsive img-responsive aligncenter wp-image-12508 size-full img-responsive\" src=\"\/wp-content\/uploads\/2016\/12\/5-PreventiveHealth.jpg\" alt=\"5-preventivehealth\" width=\"224\" height=\"132\" \/><br \/>\n<strong>Sant\u00e9 pr\u00e9ventive<\/strong><br \/>\n<\/a><\/div>\n<div class=\"text-center col-md-4 col-sm-6 col-xs-12 paddingbottom20\"><a href=\"\/fr\/services-cliniques\/deptpgrmcs\/programmes\/equipe-de-sante-familiale\/nos-programmes-et-services\/abandon-du-tabac\/\"><img decoding=\"async\" class=\"img-responsive img-responsive aligncenter wp-image-12507 size-full img-responsive\" src=\"\/wp-content\/uploads\/2016\/12\/6-SmokingCessation.jpg\" alt=\"6-smokingcessation\" width=\"111\" height=\"132\" \/><br \/>\n<strong>Abandon du tabac<\/strong><\/a><\/div>\n<div style=\"display: block; width: 100%; height: 20px; clear: both;\"><\/div>\n<div class=\"text-center col-md-4 col-sm-6 col-xs-12 paddingbottom20\"><a href=\"\/fr\/services-cliniques\/deptpgrmcs\/programmes\/equipe-de-sante-familiale\/nos-programmes-et-services\/planification-prealable-des-soins\/\"><img decoding=\"async\" class=\"img-responsive img-responsive aligncenter wp-image-12506 size-full img-responsive\" src=\"\/wp-content\/uploads\/2016\/12\/7-AdvanceCarePlanning.jpg\" alt=\"7-advancecareplanning\" width=\"201\" height=\"132\" \/><br \/>\n<strong>Planification pr\u00e9alable des soins<\/strong><br \/>\n<\/a><\/div>\n<div class=\"clearblock\"><\/div>\n<p>Nous offrons aussi \u00e0 nos patients divers services en clinique, notamment pour la m\u00e9moire, la dermatologie, les probl\u00e8mes de peau et des interventions. Pour le moment, vous devez avoir une recommandation pour obtenir ces services en clinique. Pour en savoir plus, communiquez avec nous.<\/p>\n","protected":false},"excerpt":{"rendered":"<p>L\u2019\u00c9quipe universitaire de sant\u00e9 familiale de L\u2019H\u00f4pital d\u2019Ottawa offre aux patients une vaste gamme de programmes et de services. Cliquez sur une ic\u00f4ne ci-dessous pour en savoir plus. Gestion du diab\u00e8te Vie saine Sant\u00e9 mentale et counseling Soins maternels et p\u00e9diatriques et aux nouveau-n\u00e9s Sant\u00e9 pr\u00e9ventive Abandon du tabac Planification pr\u00e9alable des soins Nous offrons [&hellip;]<\/p>\n","protected":false},"author":25,"featured_media":0,"parent":11764,"menu_order":2,"comment_status":"closed","ping_status":"closed","template":"","meta":{"_acf_changed":false,"_mc_calendar":[],"footnotes":""},"class_list":["post-12542","page","type-page","status-publish","hentry"],"acf":[],"wps_subtitle":"","_links":{"self":[{"href":"https:\/\/www.ottawahospital.on.ca\/fr\/wp-json\/wp\/v2\/pages\/12542","targetHints":{"allow":["GET"]}}],"collection":[{"href":"https:\/\/www.ottawahospital.on.ca\/fr\/wp-json\/wp\/v2\/pages"}],"about":[{"href":"https:\/\/www.ottawahospital.on.ca\/fr\/wp-json\/wp\/v2\/types\/page"}],"author":[{"embeddable":true,"href":"https:\/\/www.ottawahospital.on.ca\/fr\/wp-json\/wp\/v2\/users\/25"}],"replies":[{"embeddable":true,"href":"https:\/\/www.ottawahospital.on.ca\/fr\/wp-json\/wp\/v2\/comments?post=12542"}],"version-history":[{"count":0,"href":"https:\/\/www.ottawahospital.on.ca\/fr\/wp-json\/wp\/v2\/pages\/12542\/revisions"}],"up":[{"embeddable":true,"href":"https:\/\/www.ottawahospital.on.ca\/fr\/wp-json\/wp\/v2\/pages\/11764"}],"wp:attachment":[{"href":"https:\/\/www.ottawahospital.on.ca\/fr\/wp-json\/wp\/v2\/media?parent=12542"}],"curies":[{"name":"wp","href":"https:\/\/api.w.org\/{rel}","templated":true}]}}