{"id":12525,"date":"2016-12-02T12:36:09","date_gmt":"2016-12-02T17:36:09","guid":{"rendered":"http:\/\/52.229.122.34\/fr\/?page_id=12525"},"modified":"2016-12-02T12:36:26","modified_gmt":"2016-12-02T17:36:26","slug":"traitement","status":"publish","type":"page","link":"https:\/\/www.ottawahospital.on.ca\/fr\/services-cliniques\/deptpgrmcs\/departements\/centre-de-readaptation\/traitement\/","title":{"rendered":"Traitement"},"content":{"rendered":"<p><img decoding=\"async\" class=\"alignright img-responsive\" src=\"\/wp-content\/uploads\/2016\/12\/Physio.jpg\" alt=\"Physio\" width=\"225\" height=\"314\" \/>Apr\u00e8s l\u2019\u00e9valuation et l\u2019\u00e9tablissement des objectifs en collaboration avec le patient, l\u2019\u00e9quipe interdisciplinaire mettra au point un plan de traitement personnalis\u00e9. Le patient pourra ensuite suivre les s\u00e9ances de traitement r\u00e9guli\u00e8res afin d\u2019atteindre ses objectifs.<\/p>\n<p>L\u2019\u00e9quipe collabore avec le patient et ses aidants naturels pour maximiser et maintenir le niveau d\u2019autonomie dans tous les aspects de la vie. Le traitement varie selon les besoins du patient\u00a0:<\/p>\n<ul>\n<li><strong>Mobilit\u00e9 :<\/strong> marcher, se transf\u00e9rer, changer de position, conduire et r\u00e9gler des probl\u00e8mes d\u2019accessibilit\u00e9<\/li>\n<li><strong>Autonomie :<\/strong> soins personnels, activit\u00e9s de tous les jours, entretien m\u00e9nager et perspectives d\u2019emploi<\/li>\n<li><strong>Statut psychosocial :<\/strong> sant\u00e9 \u00e9motionnelle et bien-\u00eatre spirituel<\/li>\n<li><strong>Communication :<\/strong> orale et \u00e9crite<\/li>\n<li><strong>Nutrition :<\/strong> saine alimentation et besoins sp\u00e9ciaux<\/li>\n<li><strong>Respiration :<\/strong> \u00e9valuation et suivi de la fonction respiratoire et de l\u2019hygi\u00e8ne pulmonaire et aide \u00e0 la respiration<\/li>\n<\/ul>\n<p>Pour en savoir plus sur les traitements offerts au Centre de r\u00e9adaptation, consultez la section sur chaque programme de traitement.<\/p>\n","protected":false},"excerpt":{"rendered":"<p>Apr\u00e8s l\u2019\u00e9valuation et l\u2019\u00e9tablissement des objectifs en collaboration avec le patient, l\u2019\u00e9quipe interdisciplinaire mettra au point un plan de traitement personnalis\u00e9. Le patient pourra ensuite suivre les s\u00e9ances de traitement r\u00e9guli\u00e8res afin d\u2019atteindre ses objectifs. L\u2019\u00e9quipe collabore avec le patient et ses aidants naturels pour maximiser et maintenir le niveau d\u2019autonomie dans tous les aspects [&hellip;]<\/p>\n","protected":false},"author":25,"featured_media":0,"parent":9999,"menu_order":5,"comment_status":"closed","ping_status":"closed","template":"","meta":{"_acf_changed":false,"_mc_calendar":[],"footnotes":""},"class_list":["post-12525","page","type-page","status-publish","hentry"],"acf":[],"wps_subtitle":"","_links":{"self":[{"href":"https:\/\/www.ottawahospital.on.ca\/fr\/wp-json\/wp\/v2\/pages\/12525","targetHints":{"allow":["GET"]}}],"collection":[{"href":"https:\/\/www.ottawahospital.on.ca\/fr\/wp-json\/wp\/v2\/pages"}],"about":[{"href":"https:\/\/www.ottawahospital.on.ca\/fr\/wp-json\/wp\/v2\/types\/page"}],"author":[{"embeddable":true,"href":"https:\/\/www.ottawahospital.on.ca\/fr\/wp-json\/wp\/v2\/users\/25"}],"replies":[{"embeddable":true,"href":"https:\/\/www.ottawahospital.on.ca\/fr\/wp-json\/wp\/v2\/comments?post=12525"}],"version-history":[{"count":0,"href":"https:\/\/www.ottawahospital.on.ca\/fr\/wp-json\/wp\/v2\/pages\/12525\/revisions"}],"up":[{"embeddable":true,"href":"https:\/\/www.ottawahospital.on.ca\/fr\/wp-json\/wp\/v2\/pages\/9999"}],"wp:attachment":[{"href":"https:\/\/www.ottawahospital.on.ca\/fr\/wp-json\/wp\/v2\/media?parent=12525"}],"curies":[{"name":"wp","href":"https:\/\/api.w.org\/{rel}","templated":true}]}}