{"id":12520,"date":"2016-12-02T12:33:58","date_gmt":"2016-12-02T17:33:58","guid":{"rendered":"http:\/\/52.229.122.34\/fr\/?page_id=12520"},"modified":"2016-12-06T11:48:01","modified_gmt":"2016-12-06T16:48:01","slug":"evaluation","status":"publish","type":"page","link":"https:\/\/www.ottawahospital.on.ca\/fr\/services-cliniques\/deptpgrmcs\/departements\/centre-de-readaptation\/evaluation\/","title":{"rendered":"\u00c9valuation"},"content":{"rendered":"<p>Avant d\u2019admettre un patient, un physiatre (m\u00e9decin sp\u00e9cialis\u00e9 en r\u00e9adaptation) lui fait passer un examen physique et lui pose des questions sur sa situation actuelle.<\/p>\n<p>Il le dirige ensuite vers une \u00e9quipe interdisciplinaire qui approfondira l\u2019\u00e9valuation. S\u2019il doit \u00eatre hospitalis\u00e9 pendant sa r\u00e9adaptation, l\u2019\u00e9valuation peut durer de trois jours \u00e0 une semaine.<\/p>\n<p>Voici les points examin\u00e9s pendant l\u2019\u00e9valuation.<\/p>\n<ul>\n<li>Probl\u00e8mes m\u00e9dicaux et \u00e9tat de sant\u00e9 (douleur, plaies de pression, etc.)<\/li>\n<li>Mobilit\u00e9 (transferts, marche, fauteuil roulant, etc.)<\/li>\n<li>Capacit\u00e9 de faire les soins personnels (s\u2019habiller, se laver, aller aux toilettes, manger, faire sa toilette, etc.)<\/li>\n<li>Communication<\/li>\n<li>Capacit\u00e9s cognitives<\/li>\n<li>Probl\u00e8mes de nutrition<\/li>\n<li>Habitudes de vie en soci\u00e9t\u00e9<\/li>\n<li>Probl\u00e8mes de transport et accessibilit\u00e9 du domicile<\/li>\n<li>Loisirs et int\u00e9r\u00eats professionnels<\/li>\n<\/ul>\n<p>Apr\u00e8s l\u2019\u00e9valuation, l\u2019\u00e9quipe collabore avec le patient pour \u00e9tablir des objectifs pr\u00e9cis et l\u2019aider \u00e0 regagner un maximum d\u2019autonomie.<\/p>\n","protected":false},"excerpt":{"rendered":"<p>Avant d\u2019admettre un patient, un physiatre (m\u00e9decin sp\u00e9cialis\u00e9 en r\u00e9adaptation) lui fait passer un examen physique et lui pose des questions sur sa situation actuelle. Il le dirige ensuite vers une \u00e9quipe interdisciplinaire qui approfondira l\u2019\u00e9valuation. S\u2019il doit \u00eatre hospitalis\u00e9 pendant sa r\u00e9adaptation, l\u2019\u00e9valuation peut durer de trois jours \u00e0 une semaine. Voici les points [&hellip;]<\/p>\n","protected":false},"author":25,"featured_media":0,"parent":9999,"menu_order":4,"comment_status":"closed","ping_status":"closed","template":"","meta":{"_acf_changed":false,"_mc_calendar":[],"footnotes":""},"class_list":["post-12520","page","type-page","status-publish","hentry"],"acf":[],"wps_subtitle":"","_links":{"self":[{"href":"https:\/\/www.ottawahospital.on.ca\/fr\/wp-json\/wp\/v2\/pages\/12520","targetHints":{"allow":["GET"]}}],"collection":[{"href":"https:\/\/www.ottawahospital.on.ca\/fr\/wp-json\/wp\/v2\/pages"}],"about":[{"href":"https:\/\/www.ottawahospital.on.ca\/fr\/wp-json\/wp\/v2\/types\/page"}],"author":[{"embeddable":true,"href":"https:\/\/www.ottawahospital.on.ca\/fr\/wp-json\/wp\/v2\/users\/25"}],"replies":[{"embeddable":true,"href":"https:\/\/www.ottawahospital.on.ca\/fr\/wp-json\/wp\/v2\/comments?post=12520"}],"version-history":[{"count":0,"href":"https:\/\/www.ottawahospital.on.ca\/fr\/wp-json\/wp\/v2\/pages\/12520\/revisions"}],"up":[{"embeddable":true,"href":"https:\/\/www.ottawahospital.on.ca\/fr\/wp-json\/wp\/v2\/pages\/9999"}],"wp:attachment":[{"href":"https:\/\/www.ottawahospital.on.ca\/fr\/wp-json\/wp\/v2\/media?parent=12520"}],"curies":[{"name":"wp","href":"https:\/\/api.w.org\/{rel}","templated":true}]}}