{"id":12516,"date":"2016-12-02T12:32:05","date_gmt":"2016-12-02T17:32:05","guid":{"rendered":"http:\/\/52.229.122.34\/fr\/?page_id=12516"},"modified":"2026-01-26T09:02:29","modified_gmt":"2026-01-26T14:02:29","slug":"demande-de-service","status":"publish","type":"page","link":"https:\/\/www.ottawahospital.on.ca\/fr\/services-cliniques\/deptpgrmcs\/departements\/centre-de-readaptation\/demande-de-service\/","title":{"rendered":"Demande de service"},"content":{"rendered":"\n<p>Processus de demande de service aupr\u00e8s du Centre de r\u00e9adaptation pour patients hospitalis\u00e9s.<\/p>\n\n\n\n<p>Il faut d\u2019abord pr\u00e9senter une demande de service pour faire \u00e9valuer l\u2019admissibilit\u00e9 d\u2019un patient aux divers programmes de traitement.<\/p>\n\n\n\n<h2 class=\"wp-block-heading x_MsoNormal\">Pour les patients actuellement hospitalis\u00e9s :<\/h2>\n\n\n\n<p><strong>Les demandes de service <\/strong>li\u00e9es aux programmes suivantsdoivent \u00eatre envoy\u00e9es par l\u2019entremise de la plateforme de soumission \u00e9lectronique Oceanen utilisant l\u2019\u00e9tiquette (\u00ab&nbsp;listing&nbsp;\u00bb)<strong> \u00ab&nbsp;The Ottawa Hospital \u2013 Inpatient Sub Acute Care TOH Rehabilitation Centre&nbsp;\u00bb&nbsp;:<\/strong><\/p>\n\n\n\n<ul class=\"wp-block-list\">\n<li>Programme des l\u00e9sions c\u00e9r\u00e9brales acquises&nbsp;<\/li>\n\n\n\n<li>Programme des troubles locomoteurs ou Programme des troubles orthop\u00e9diques complexes&nbsp;<\/li>\n\n\n\n<li>Programme des troubles neuromusculaires (scl\u00e9rose lat\u00e9rale amyotrophique, scl\u00e9rose en plaques, paralysie c\u00e9r\u00e9brale, traumatismes m\u00e9dullaires, etc.)<\/li>\n<\/ul>\n\n\n\n<p><strong><strong>Les demandes de service li\u00e9es aux programmes suivants doivent \u00eatre envoy\u00e9es par t\u00e9l\u00e9copieur&nbsp;:<\/strong><\/strong><\/p>\n\n\n\n<ul class=\"wp-block-list\">\n<li>Programme de r\u00e9adaptation pour amput\u00e9s&nbsp;: D<sup>re<\/sup>&nbsp;Nancy&nbsp;Dudek (T\u00e9l\u00e9copieur&nbsp;: 613&nbsp;733-8336)<\/li>\n\n\n\n<li>Programme de r\u00e9adaptation respiratoire&nbsp;: D<sup>re&nbsp;<\/sup>Jackie&nbsp;Sandoz (T\u00e9l\u00e9copieur&nbsp;: 613&nbsp;736-9054)<\/li>\n<\/ul>\n\n\n\n<h2 class=\"wp-block-heading\">Pour les patients provenant directement de la collectivit\u00e9<\/h2>\n\n\n\n<p>Une demande de consultation d\u2019un m\u00e9decin ou d\u2019une infirmi\u00e8re praticienne est n\u00e9cessaire pour acc\u00e9der aux services.<\/p>\n\n\n\n<p>Une demande de consultation en physiatrie pour patients externes doit \u00eatre envoy\u00e9e par l\u2019entremise de la plateforme de soumission \u00e9lectronique Ocean en utilisant l\u2019\u00e9tiquette (\u00ab&nbsp;listing&nbsp;\u00bb)\u00ab The Ottawa Hospital Physiatry Consult \u2013 TOH Rehabilitation Centre \u00bb pour les services suivants&nbsp;:<\/p>\n\n\n\n<ul class=\"wp-block-list\">\n<li>L\u00e9sions c\u00e9r\u00e9brales acquises<\/li>\n\n\n\n<li><span style=\"color: initial;\">Programme de r\u00e9adaptation pour amput\u00e9s<\/span><\/li>\n\n\n\n<li><span style=\"color: initial;\">R\u00e9adaptation musculosquelettique<\/span><\/li>\n\n\n\n<li><span style=\"color: initial;\">R\u00e9adaptation \u2013 Troubles neuromusculaires<\/span><\/li>\n\n\n\n<li><span style=\"color: initial;\">Traitement de la spasticit\u00e9<\/span><\/li>\n\n\n\n<li>\u00c9lectromyographie<\/li>\n<\/ul>\n\n\n\n<p>Les demandes visant le Programme de r\u00e9adaptation respiratoire (D<sup>re<\/sup>&nbsp;Jackie&nbsp;Sandoz) doivent \u00eatre envoy\u00e9es par t\u00e9l\u00e9copieur \u00e0 CANVent&nbsp;: 613&nbsp;736-9054. De plus amples renseignements sur ce programme sont disponibles sur la page consacr\u00e9e au <a href=\"https:\/\/www.ottawahospital.on.ca\/fr\/services-cliniques\/deptpgrmcs\/departements\/centre-de-readaptation\/services-et-cliniques\/programme-des-troubles-locomoteurs\/programme-de-readaptation-respiratoire-en-cas-de-maladie-pulmonaire-obstructive-chronique\/\">Programme de r\u00e9adaptation respiratoire en cas de maladie pulmonaire obstructive chronique<\/a>.<\/p>\n\n\n\n<p>Chaque demande est examin\u00e9e par l\u2019\u00e9quipe de r\u00e9adaptation afin de d\u00e9terminer si le programme peut r\u00e9pondre \u00e0 vos besoins pr\u00e9cis et vous permettre d\u2019atteindre vos objectifs personnels de r\u00e9adaptation. Le r\u00e9sultat de cet examen sera communiqu\u00e9 directement au m\u00e9decin ou membre de l\u2019\u00e9quipe de soins qui a fait la demande.<\/p>\n\n\n\n<p>Si vous \u00eates sur la liste d\u2019attente, nous communiquerons avec vous d\u00e8s qu\u2019un lit se lib\u00e9rera pour fixer une date d\u2019admission. Nous vous donnerons \u00e0 ce moment-l\u00e0 des directives pr\u00e9cises sur la fa\u00e7on de vous pr\u00e9parer \u00e0 votre s\u00e9jour.<\/p>\n\n\n\n<h2 class=\"wp-block-heading\">Vous avez besoin d\u2019un compte Ocean?<\/h2>\n\n\n\n<ul class=\"wp-block-list\">\n<li><strong><strong>Professionnels param\u00e9dicaux<\/strong>&nbsp;<strong>:<\/strong><\/strong> Consultez le <a href=\"https:\/\/www.ottawahospital.on.ca\/en\/documents\/2025\/05\/ocean-referral-pdf-fr.pdf\">guide pour savoir comment cr\u00e9er votre compte<\/a>.<\/li>\n\n\n\n<li><strong><strong>M\u00e9decins et infirmi\u00e8res praticiennes<\/strong><\/strong> <strong>:<\/strong> Commencer avec Ocean&nbsp;<a href=\"https:\/\/www.oceanmd.com\/getting-started\/\">Get Started with Ocean \u2013 OceanMD<\/a><\/li>\n\n\n\n<li><strong><strong>Pour toute question concernant l\u2019utilisation d\u2019Ocean<\/strong><\/strong>, envoyez un courriel \u00e0 <strong><a href=\"mailto:ocean@toh.ca\">ocean@toh.ca<\/a><\/strong>.<\/li>\n<\/ul>\n\n\n\n<h2 class=\"wp-block-heading\">Coordonn\u00e9es<\/h2>\n\n\n\n<p><strong>Questions g\u00e9n\u00e9rales (programmes de r\u00e9adaptation)&nbsp;:<\/strong> <a href=\"mailto:ReadaptationGeneral@lho.ca\">ReadaptationGeneral@lho.ca<\/a><\/p>\n\n\n\n<p><strong>Service des admissions&nbsp;:<\/strong> 613&nbsp;737-7350, poste&nbsp;75508<\/p>\n","protected":false},"excerpt":{"rendered":"<p>Processus de demande de service aupr\u00e8s du Centre de r\u00e9adaptation pour patients hospitalis\u00e9s. Il faut d\u2019abord pr\u00e9senter une demande de service pour faire \u00e9valuer l\u2019admissibilit\u00e9 d\u2019un patient aux divers programmes de traitement. Pour les patients actuellement hospitalis\u00e9s : Les demandes de service li\u00e9es aux programmes suivantsdoivent \u00eatre envoy\u00e9es par l\u2019entremise de la plateforme de soumission [&hellip;]<\/p>\n","protected":false},"author":25,"featured_media":0,"parent":9999,"menu_order":3,"comment_status":"closed","ping_status":"closed","template":"","meta":{"_acf_changed":false,"_mc_calendar":[],"footnotes":""},"class_list":["post-12516","page","type-page","status-publish","hentry"],"acf":[],"wps_subtitle":"","_links":{"self":[{"href":"https:\/\/www.ottawahospital.on.ca\/fr\/wp-json\/wp\/v2\/pages\/12516","targetHints":{"allow":["GET"]}}],"collection":[{"href":"https:\/\/www.ottawahospital.on.ca\/fr\/wp-json\/wp\/v2\/pages"}],"about":[{"href":"https:\/\/www.ottawahospital.on.ca\/fr\/wp-json\/wp\/v2\/types\/page"}],"author":[{"embeddable":true,"href":"https:\/\/www.ottawahospital.on.ca\/fr\/wp-json\/wp\/v2\/users\/25"}],"replies":[{"embeddable":true,"href":"https:\/\/www.ottawahospital.on.ca\/fr\/wp-json\/wp\/v2\/comments?post=12516"}],"version-history":[{"count":0,"href":"https:\/\/www.ottawahospital.on.ca\/fr\/wp-json\/wp\/v2\/pages\/12516\/revisions"}],"up":[{"embeddable":true,"href":"https:\/\/www.ottawahospital.on.ca\/fr\/wp-json\/wp\/v2\/pages\/9999"}],"wp:attachment":[{"href":"https:\/\/www.ottawahospital.on.ca\/fr\/wp-json\/wp\/v2\/media?parent=12516"}],"curies":[{"name":"wp","href":"https:\/\/api.w.org\/{rel}","templated":true}]}}