{"id":12499,"date":"2016-12-02T12:22:37","date_gmt":"2016-12-02T17:22:37","guid":{"rendered":"http:\/\/52.229.122.34\/fr\/?page_id=12499"},"modified":"2016-12-02T12:22:37","modified_gmt":"2016-12-02T17:22:37","slug":"emplacements-et-heures-douverture","status":"publish","type":"page","link":"https:\/\/www.ottawahospital.on.ca\/fr\/services-cliniques\/deptpgrmcs\/departements\/medecine-nucleaire\/emplacements-et-heures-douverture\/","title":{"rendered":"Emplacements et heures d&rsquo;ouverture"},"content":{"rendered":"<h2>N\u2019oubliez pas d\u2019apporter votre carte sant\u00e9 provinciale \u00e0 votre rendez-vous.<\/h2>\n<p style=\"text-align: center;\">Bureau central des rendez-vous m\u00e9decine nucl\u00e9aire : (613) 761-4831*<br \/>\n* Choisissez l\u2019option appropri\u00e9e (p. ex. tomodensitom\u00e9trie, IRM).<\/p>\n<div class=\"table-responsive\">\n<table class=\"table-bordered table\">\n<tbody>\n<tr>\n<td><strong>Campus Civic\u00a0<\/strong><br \/>\n1053, av. Carling<br \/>\nPremier \u00e9tage<br \/>\nT\u00e9l.: 613-761-4280<br \/>\nHeures d&rsquo;ouverture : Du lundi au vendredi, de 8 h \u00e0 16 h<\/p>\n<p><strong>Comment vous rendre \u00e0 la M\u00e9decine nucl\u00e9aire\u00a0<\/strong><br \/>\nUne fois dans le Campus Civic, prenez l&rsquo;ascenseur C pour vous rendre au premier \u00e9tage, puis suivez les panneaux de la M\u00e9decine nucl\u00e9aire.<br \/>\nVous pouvez aussi demandez le chemin au bureau d&rsquo;information.<\/td>\n<\/tr>\n<tr>\n<td><strong>Campus G\u00e9n\u00e9ral\u00a0<\/strong><br \/>\n501, ch. Smyth<br \/>\nRez-de-chauss\u00e9e<br \/>\nT\u00e9l.: 613-737-8395<br \/>\nHeures d&rsquo;ouverture : Du lundi au vendredi, de 8 h \u00e0 16 h<br \/>\n<strong><br \/>\n<\/strong>Comment vous rendre \u00e0 la M\u00e9decine nucl\u00e9aire<br \/>\n\u00c0 partir de l&rsquo;entr\u00e9e principale de l&rsquo;h\u00f4pital, rendez-vous aux ascenseurs, puis suivez les panneaux de la M\u00e9decine nucl\u00e9aire.<br \/>\nVous pouvez aussi demandez le chemin au bureau d&rsquo;information.<\/td>\n<\/tr>\n<\/tbody>\n<\/table>\n<\/div>\n","protected":false},"excerpt":{"rendered":"<p>N\u2019oubliez pas d\u2019apporter votre carte sant\u00e9 provinciale \u00e0 votre rendez-vous. Bureau central des rendez-vous m\u00e9decine nucl\u00e9aire : (613) 761-4831* * Choisissez l\u2019option appropri\u00e9e (p. ex. tomodensitom\u00e9trie, IRM). Campus Civic\u00a0 1053, av. Carling Premier \u00e9tage T\u00e9l.: 613-761-4280 Heures d&rsquo;ouverture : Du lundi au vendredi, de 8 h \u00e0 16 h Comment vous rendre \u00e0 la M\u00e9decine [&hellip;]<\/p>\n","protected":false},"author":25,"featured_media":0,"parent":12278,"menu_order":5,"comment_status":"closed","ping_status":"closed","template":"","meta":{"_acf_changed":false,"_mc_calendar":[],"footnotes":""},"class_list":["post-12499","page","type-page","status-publish","hentry"],"acf":[],"wps_subtitle":"","_links":{"self":[{"href":"https:\/\/www.ottawahospital.on.ca\/fr\/wp-json\/wp\/v2\/pages\/12499","targetHints":{"allow":["GET"]}}],"collection":[{"href":"https:\/\/www.ottawahospital.on.ca\/fr\/wp-json\/wp\/v2\/pages"}],"about":[{"href":"https:\/\/www.ottawahospital.on.ca\/fr\/wp-json\/wp\/v2\/types\/page"}],"author":[{"embeddable":true,"href":"https:\/\/www.ottawahospital.on.ca\/fr\/wp-json\/wp\/v2\/users\/25"}],"replies":[{"embeddable":true,"href":"https:\/\/www.ottawahospital.on.ca\/fr\/wp-json\/wp\/v2\/comments?post=12499"}],"version-history":[{"count":0,"href":"https:\/\/www.ottawahospital.on.ca\/fr\/wp-json\/wp\/v2\/pages\/12499\/revisions"}],"up":[{"embeddable":true,"href":"https:\/\/www.ottawahospital.on.ca\/fr\/wp-json\/wp\/v2\/pages\/12278"}],"wp:attachment":[{"href":"https:\/\/www.ottawahospital.on.ca\/fr\/wp-json\/wp\/v2\/media?parent=12499"}],"curies":[{"name":"wp","href":"https:\/\/api.w.org\/{rel}","templated":true}]}}