{"id":12492,"date":"2016-12-02T12:20:12","date_gmt":"2016-12-02T17:20:12","guid":{"rendered":"http:\/\/52.229.122.34\/fr\/?page_id=12492"},"modified":"2021-05-26T15:06:19","modified_gmt":"2021-05-26T19:06:19","slug":"information-pour-les-medecins","status":"publish","type":"page","link":"https:\/\/www.ottawahospital.on.ca\/fr\/services-cliniques\/deptpgrmcs\/departements\/medecine-nucleaire\/information-pour-les-medecins\/","title":{"rendered":"Information pour les m\u00e9decins"},"content":{"rendered":"<ul>\n<li><a href=\"\/fr\/documents\/2021\/05\/physician-guide-gen-115.pdf\/\" target=\"_blank\" rel=\"noopener\">Examens de m\u00e9decine nucl\u00e9aire et indications cliniques.<em> Guide de r\u00e9f\u00e9rence rapide \u00e0 l\u2019intention des cliniciens<\/em><\/a><\/li>\n<li><a href=\"\/fr\/documents\/2017\/01\/nm-requistion.pdf\" target=\"_blank\" rel=\"noopener\">Demande en m\u00e9decine nucl\u00e9aire<\/a><\/li>\n<\/ul>\n","protected":false},"excerpt":{"rendered":"<p>Examens de m\u00e9decine nucl\u00e9aire et indications cliniques. Guide de r\u00e9f\u00e9rence rapide \u00e0 l\u2019intention des cliniciens Demande en m\u00e9decine nucl\u00e9aire<\/p>\n","protected":false},"author":25,"featured_media":0,"parent":12278,"menu_order":4,"comment_status":"closed","ping_status":"closed","template":"","meta":{"_acf_changed":false,"_mc_calendar":[],"footnotes":""},"class_list":["post-12492","page","type-page","status-publish","hentry"],"acf":[],"wps_subtitle":"","_links":{"self":[{"href":"https:\/\/www.ottawahospital.on.ca\/fr\/wp-json\/wp\/v2\/pages\/12492","targetHints":{"allow":["GET"]}}],"collection":[{"href":"https:\/\/www.ottawahospital.on.ca\/fr\/wp-json\/wp\/v2\/pages"}],"about":[{"href":"https:\/\/www.ottawahospital.on.ca\/fr\/wp-json\/wp\/v2\/types\/page"}],"author":[{"embeddable":true,"href":"https:\/\/www.ottawahospital.on.ca\/fr\/wp-json\/wp\/v2\/users\/25"}],"replies":[{"embeddable":true,"href":"https:\/\/www.ottawahospital.on.ca\/fr\/wp-json\/wp\/v2\/comments?post=12492"}],"version-history":[{"count":0,"href":"https:\/\/www.ottawahospital.on.ca\/fr\/wp-json\/wp\/v2\/pages\/12492\/revisions"}],"up":[{"embeddable":true,"href":"https:\/\/www.ottawahospital.on.ca\/fr\/wp-json\/wp\/v2\/pages\/12278"}],"wp:attachment":[{"href":"https:\/\/www.ottawahospital.on.ca\/fr\/wp-json\/wp\/v2\/media?parent=12492"}],"curies":[{"name":"wp","href":"https:\/\/api.w.org\/{rel}","templated":true}]}}