{"id":12483,"date":"2016-12-02T12:17:14","date_gmt":"2016-12-02T17:17:14","guid":{"rendered":"http:\/\/52.229.122.34\/fr\/?page_id=12483"},"modified":"2017-01-11T16:11:47","modified_gmt":"2017-01-11T21:11:47","slug":"les-interventions-en-medecine-nucleaire-sont-elles-securitaires","status":"publish","type":"page","link":"https:\/\/www.ottawahospital.on.ca\/fr\/services-cliniques\/deptpgrmcs\/departements\/medecine-nucleaire\/les-interventions-en-medecine-nucleaire-sont-elles-securitaires\/","title":{"rendered":"Les interventions en m\u00e9decine nucl\u00e9aire sont-elles s\u00e9curitaires?"},"content":{"rendered":"<p>La page demand\u00e9e a \u00e9t\u00e9 ouverte dans une nouvelle fen\u00eatre.<\/p>\n<p>Si votre navigateur Web bloque les fen\u00eatres \u00ab\u00a0pop-up\u00a0\u00bb, vous pouvez ouvrir la page en cliquant sur le lien suivant :<br \/>\n<a title=\"\" href=\"\/fr\/documents\/2017\/01\/are-nuclear-medicine-procedures-safe-2012-fr.pdf\" target=\"_blank\">Les interventions en m\u00e9decine nucl\u00e9aire sont-elles s\u00e9curitaires?<\/a><\/p>\n","protected":false},"excerpt":{"rendered":"<p>La page demand\u00e9e a \u00e9t\u00e9 ouverte dans une nouvelle fen\u00eatre. Si votre navigateur Web bloque les fen\u00eatres \u00ab\u00a0pop-up\u00a0\u00bb, vous pouvez ouvrir la page en cliquant sur le lien suivant : Les interventions en m\u00e9decine nucl\u00e9aire sont-elles s\u00e9curitaires?<\/p>\n","protected":false},"author":25,"featured_media":0,"parent":12278,"menu_order":3,"comment_status":"closed","ping_status":"closed","template":"","meta":{"_acf_changed":false,"_mc_calendar":[],"footnotes":""},"class_list":["post-12483","page","type-page","status-publish","hentry"],"acf":[],"wps_subtitle":"","_links":{"self":[{"href":"https:\/\/www.ottawahospital.on.ca\/fr\/wp-json\/wp\/v2\/pages\/12483","targetHints":{"allow":["GET"]}}],"collection":[{"href":"https:\/\/www.ottawahospital.on.ca\/fr\/wp-json\/wp\/v2\/pages"}],"about":[{"href":"https:\/\/www.ottawahospital.on.ca\/fr\/wp-json\/wp\/v2\/types\/page"}],"author":[{"embeddable":true,"href":"https:\/\/www.ottawahospital.on.ca\/fr\/wp-json\/wp\/v2\/users\/25"}],"replies":[{"embeddable":true,"href":"https:\/\/www.ottawahospital.on.ca\/fr\/wp-json\/wp\/v2\/comments?post=12483"}],"version-history":[{"count":0,"href":"https:\/\/www.ottawahospital.on.ca\/fr\/wp-json\/wp\/v2\/pages\/12483\/revisions"}],"up":[{"embeddable":true,"href":"https:\/\/www.ottawahospital.on.ca\/fr\/wp-json\/wp\/v2\/pages\/12278"}],"wp:attachment":[{"href":"https:\/\/www.ottawahospital.on.ca\/fr\/wp-json\/wp\/v2\/media?parent=12483"}],"curies":[{"name":"wp","href":"https:\/\/api.w.org\/{rel}","templated":true}]}}