{"id":12468,"date":"2016-12-02T12:04:00","date_gmt":"2016-12-02T17:04:00","guid":{"rendered":"http:\/\/52.229.122.34\/fr\/?page_id=12468"},"modified":"2022-07-15T10:58:10","modified_gmt":"2022-07-15T14:58:10","slug":"autres-professionnels-de-la-sante","status":"publish","type":"page","link":"https:\/\/www.ottawahospital.on.ca\/fr\/services-cliniques\/deptpgrmcs\/programmes\/equipe-de-sante-familiale\/a-notre-sujet\/nos-professionnels\/autres-professionnels-de-la-sante\/","title":{"rendered":"Autres professionnels de la sant\u00e9"},"content":{"rendered":"<h2 class=\"text-center\"><span style=\"color: #000000;\">Notre \u00e9quipe<\/span><\/h2>\n<h2 class=\"text-center\">Autres professionnels de la sant\u00e9<\/h2>\n<div>\n<div id=\"attachment_12465\" style=\"width: 460px\" class=\"wp-caption alignleft\"><img decoding=\"async\" aria-describedby=\"caption-attachment-12465\" class=\"size-full wp-image-12465 img-responsive\" style=\"float: left;\" src=\"\/wp-content\/uploads\/2016\/12\/Riverside-OtherHealthProfessionals.jpg\" alt=\"riverside-otherhealthprofessionals\" width=\"450\" height=\"332\" srcset=\"https:\/\/www.ottawahospital.on.ca\/wp-content\/uploads\/2016\/12\/Riverside-OtherHealthProfessionals.jpg 450w, https:\/\/www.ottawahospital.on.ca\/wp-content\/uploads\/2016\/12\/Riverside-OtherHealthProfessionals-300x221.jpg 300w\" sizes=\"(max-width: 450px) 100vw, 450px\" \/><p id=\"caption-attachment-12465\" class=\"wp-caption-text\">Riverside Team<\/p><\/div>\n<div id=\"attachment_12466\" style=\"width: 210px\" class=\"wp-caption alignleft\"><img decoding=\"async\" aria-describedby=\"caption-attachment-12466\" class=\"size-full wp-image-12466 img-responsive\" style=\"float: left;\" src=\"\/wp-content\/uploads\/2016\/12\/Civic-OtherHealthProfessionals.jpg\" alt=\"civic-otherhealthprofessionals\" width=\"200\" height=\"285\" \/><p id=\"caption-attachment-12466\" class=\"wp-caption-text\">Civic Team<\/p><\/div>\n<\/div>\n<div class=\"clearblock\"><\/div>\n<h2 class=\"text-center\">\u00c9quipe du Programme de vie saine et de gestion du diab\u00e8te<\/h2>\n<p>L\u2019\u00e9quipe du Programme de vie saine et de gestion du diab\u00e8te se compose d\u2019une infirmi\u00e8re autoris\u00e9e et d\u2019une di\u00e9t\u00e9tiste professionnelle pour chaque clinique. Ces professionnelles travaillent ensemble pour donner de l\u2019information et des conseils aux patients atteints de pr\u00e9diab\u00e8te ou de diab\u00e8te, et \u00e0 ceux qui viennent de recevoir un diagnostic de diab\u00e8te de type 2.<\/p>\n<p>Voici ce que notre \u00e9quipe du Programme de vie saine et de gestion du diab\u00e8te peut faire pour vous :<\/p>\n<ul>\n<li>Vous aider \u00e0 \u00e9tablir des objectifs personnels.<\/li>\n<li>G\u00e9rer votre diab\u00e8te \u2013 glyc\u00e9mie, soins des yeux et des pieds, changement des habitudes de vie, gestion de la tension art\u00e9rielle (pression) et saines habitudes alimentaires.<\/li>\n<\/ul>\n<p>Vous voulez rencontrer un membre de l\u2019\u00e9quipe ou savoir quels cours et s\u00e9ances sont offerts? Appelez le coordonnateur administratif au 613-798-5555, poste 13512, ou \u00e9crivez \u00e0 <a href=\"mailto:gestiondiabete@lho.ca\">gestiondiabete@lho.ca<\/a>.<\/p>\n<h2 class=\"text-center\" style=\"text-align: left;\">Pharmacienne<\/h2>\n<p>La pharmacienne de la clinique donne des renseignements et ne distribue aucun m\u00e9dicament. Elle n\u2019ex\u00e9cute aucune ordonnance.<\/p>\n<p>Elle est l\u00e0 pour r\u00e9pondre \u00e0 des questions comme les suivantes\u00a0:<\/p>\n<ul>\n<li>Quel est le meilleur moment pour prendre mes m\u00e9dicaments?<\/li>\n<li>Pourrait-il y avoir des interactions entre mes m\u00e9dicaments?<\/li>\n<li>J\u2019ai de la difficult\u00e9 \u00e0 payer mes m\u00e9dicaments. Qu\u2019est-ce que je pourrais faire?<\/li>\n<li>Qu\u2019en est-il des m\u00e9dicaments en vente libre ou naturels?<\/li>\n<li>Puis-je me servir de mon assurance-m\u00e9dicaments?<\/li>\n<li>Je veux arr\u00eater de fumer. O\u00f9 puis-je obtenir de l\u2019aide?<\/li>\n<\/ul>\n<p>Appelez \u00e0 la r\u00e9ception pour prendre rendez-vous avec la pharmacienne. Vous n\u2019avez pas besoin de recommandation d\u2019un m\u00e9decin.<\/p>\n<h2 class=\"text-center\" style=\"text-align: left;\">\u00c9quipe du Programme de soins partag\u00e9s en sant\u00e9 mentale<\/h2>\n<p>L\u2019\u00e9quipe du Programme de soins partag\u00e9s en sant\u00e9 mentale se compose de psychiatres, de deux travailleuses sociales, d\u2019une infirmi\u00e8re de pratique avanc\u00e9e, d\u2019une infirmi\u00e8re autoris\u00e9e et d\u2019une coordonnatrice administrative.<\/p>\n<p>L\u2019\u00e9quipe travaille en collaboration avec votre m\u00e9decin de famille et d\u2019autres membres de l\u2019\u00c9quipe de sant\u00e9 familiale pour aider les patients \u00e2g\u00e9s de 16\u00a0ans et plus ayant des probl\u00e8mes de sant\u00e9 mentale.<\/p>\n<p>Voici ce que notre \u00e9quipe du Programme de soins partag\u00e9s en sant\u00e9 mentale peut vous offrir\u00a0:<\/p>\n<ul>\n<li>counseling individuel ou en groupe sur des probl\u00e8mes psychologiques<\/li>\n<li>d\u00e9pistage pr\u00e9coce de probl\u00e8mes de sant\u00e9 mentale<\/li>\n<li>strat\u00e9gies pour faire face \u00e0 la maladie mentale<\/li>\n<li>gestion des m\u00e9dicaments pour des probl\u00e8mes de sant\u00e9 mentale<\/li>\n<li>acc\u00e8s \u00e0 des ressources en sant\u00e9 mentale dans la collectivit\u00e9<\/li>\n<li>s\u00e9ances de groupe sur la d\u00e9pression et l\u2019anxi\u00e9t\u00e9<\/li>\n<li>clarification d\u2019un diagnostic<\/li>\n<\/ul>\n<p>Pour le moment, nous acceptons seulement les r\u00e9sidants de l\u2019Ontario \u00e2g\u00e9s de 16\u00a0ans et plus, r\u00e9f\u00e9r\u00e9s par un m\u00e9decin de famille ou un r\u00e9sident.<\/p>\n<h2 class=\"text-center\" style=\"text-align: left;\">Travailleuses sociales<\/h2>\n<p>Les travailleuses sociales offre du counseling individuel, de m\u00eame qu\u2019aux couples et aux familles, et orientent les patients vers des ressources ou des organismes communautaires, au besoin. Les travailleuses sociales donnent des renseignements et des conseils sur une vaste gamme de sujets, ainsi que du counseling et du soutien. Elles proposent aussi une aide pratique pour r\u00e9soudre des probl\u00e8mes concernant l\u2019h\u00e9bergement, les finances et les soins aux a\u00een\u00e9s.<br \/>\nNos travailleuses sociales peuvent vous offrir du counseling, du soutien et des renseignements sur les sujets suivants\u00a0:<\/p>\n<ul>\n<li>d\u00e9pression<\/li>\n<li>troubles anxieux \/ inqui\u00e9tude<\/li>\n<li>gestion de la col\u00e8re<\/li>\n<li>estime de soi<\/li>\n<li>gestion du stress<\/li>\n<li>difficult\u00e9s parentales<\/li>\n<li>fa\u00e7ons de composer avec la maladie ou le deuil.<\/li>\n<\/ul>\n<p>Vous n\u2019avez pas besoin d\u2019une recommandation pour recevoir les services d\u2019une travailleuse sociale. Communiquez avec la r\u00e9ception pour prendre un rendez-vous.<\/p>\n<h2 class=\"text-center\" style=\"text-align: left;\">Di\u00e9t\u00e9tiste professionnelle<\/h2>\n<p>La di\u00e9t\u00e9tiste professionnelle donne des conseils nutritionnels en s\u00e9ances individuelles ou familiales dans le but d\u2019aider les patients \u00e0 bien choisir les aliments qu\u2019ils consomment et de traduire les renseignements nutritionnels en conseils r\u00e9alistes. Voici ce que nos di\u00e9t\u00e9tistes professionnelles peuvent faire pour vous\u00a0:<\/p>\n<ul>\n<li>vous apprendre \u00e0 manger sainement en respectant votre budget<\/li>\n<li>vous informer sur les allergies et les intol\u00e9rances alimentaires<\/li>\n<li>vous renseigner sur la nutrition pour une grossesse en bonne sant\u00e9<\/li>\n<li>vous informer sur les fa\u00e7ons d\u2019\u00eatre v\u00e9g\u00e9tarien et en bonne sant\u00e9<\/li>\n<li>vous renseigner sur l\u2019alimentation des b\u00e9b\u00e9s et des enfants<\/li>\n<li>vous conseiller des vitamines et des min\u00e9raux pour rester en bonne sant\u00e9<\/li>\n<li>vous aider \u00e0 prendre en charge des maladies chroniques par l\u2019alimentation.<\/li>\n<\/ul>\n<p>Vous n\u2019avez pas besoin de recommandation pour voir une di\u00e9t\u00e9tiste professionnelle. Communiquez avec la r\u00e9ception pour prendre un rendez-vous.<\/p>\n","protected":false},"excerpt":{"rendered":"<p>Notre \u00e9quipe Autres professionnels de la sant\u00e9 \u00c9quipe du Programme de vie saine et de gestion du diab\u00e8te L\u2019\u00e9quipe du Programme de vie saine et de gestion du diab\u00e8te se compose d\u2019une infirmi\u00e8re autoris\u00e9e et d\u2019une di\u00e9t\u00e9tiste professionnelle pour chaque clinique. Ces professionnelles travaillent ensemble pour donner de l\u2019information et des conseils aux patients atteints [&hellip;]<\/p>\n","protected":false},"author":25,"featured_media":0,"parent":12325,"menu_order":5,"comment_status":"closed","ping_status":"closed","template":"","meta":{"_acf_changed":false,"_mc_calendar":[],"footnotes":""},"class_list":["post-12468","page","type-page","status-publish","hentry"],"acf":[],"wps_subtitle":"","_links":{"self":[{"href":"https:\/\/www.ottawahospital.on.ca\/fr\/wp-json\/wp\/v2\/pages\/12468","targetHints":{"allow":["GET"]}}],"collection":[{"href":"https:\/\/www.ottawahospital.on.ca\/fr\/wp-json\/wp\/v2\/pages"}],"about":[{"href":"https:\/\/www.ottawahospital.on.ca\/fr\/wp-json\/wp\/v2\/types\/page"}],"author":[{"embeddable":true,"href":"https:\/\/www.ottawahospital.on.ca\/fr\/wp-json\/wp\/v2\/users\/25"}],"replies":[{"embeddable":true,"href":"https:\/\/www.ottawahospital.on.ca\/fr\/wp-json\/wp\/v2\/comments?post=12468"}],"version-history":[{"count":0,"href":"https:\/\/www.ottawahospital.on.ca\/fr\/wp-json\/wp\/v2\/pages\/12468\/revisions"}],"up":[{"embeddable":true,"href":"https:\/\/www.ottawahospital.on.ca\/fr\/wp-json\/wp\/v2\/pages\/12325"}],"wp:attachment":[{"href":"https:\/\/www.ottawahospital.on.ca\/fr\/wp-json\/wp\/v2\/media?parent=12468"}],"curies":[{"name":"wp","href":"https:\/\/api.w.org\/{rel}","templated":true}]}}