{"id":12411,"date":"2016-12-02T11:45:15","date_gmt":"2016-12-02T16:45:15","guid":{"rendered":"http:\/\/52.229.122.34\/fr\/?page_id=12411"},"modified":"2017-01-04T10:10:48","modified_gmt":"2017-01-04T15:10:48","slug":"personnel-administratif","status":"publish","type":"page","link":"https:\/\/www.ottawahospital.on.ca\/fr\/services-cliniques\/deptpgrmcs\/programmes\/equipe-de-sante-familiale\/a-notre-sujet\/nos-professionnels\/personnel-administratif\/","title":{"rendered":"Personnel administratif"},"content":{"rendered":"<h2 class=\"text-center\"><span style=\"color: #000000;\">Notre \u00e9quipe<\/span><\/h2>\n<h2 class=\"text-center\">Personnel administratif<\/h2>\n<div style=\"height: 286px;\">\n<div id=\"attachment_12403\" style=\"width: 275px\" class=\"wp-caption alignleft\"><img decoding=\"async\" aria-describedby=\"caption-attachment-12403\" class=\"img-responsive wp-image-12403 size-medium\" style=\"float: left;\" src=\"\/wp-content\/uploads\/2016\/12\/Civic-AdministrativeStaff-265x300.jpg\" alt=\"civic-administrativestaff\" width=\"265\" height=\"300\" srcset=\"https:\/\/www.ottawahospital.on.ca\/wp-content\/uploads\/2016\/12\/Civic-AdministrativeStaff-265x300.jpg 265w, https:\/\/www.ottawahospital.on.ca\/wp-content\/uploads\/2016\/12\/Civic-AdministrativeStaff.jpg 300w\" sizes=\"(max-width: 265px) 100vw, 265px\" \/><p id=\"caption-attachment-12403\" class=\"wp-caption-text\">\u00c9quipe au Campus Civic<\/p><\/div>\n<div id=\"attachment_12402\" style=\"width: 410px\" class=\"wp-caption alignleft\"><img decoding=\"async\" aria-describedby=\"caption-attachment-12402\" class=\"size-full wp-image-12402 img-responsive\" style=\"float: left;\" src=\"\/wp-content\/uploads\/2016\/12\/Riverside-AdministrativeStaff.jpg\" alt=\"riverside-administrativestaff\" width=\"400\" height=\"286\" srcset=\"https:\/\/www.ottawahospital.on.ca\/wp-content\/uploads\/2016\/12\/Riverside-AdministrativeStaff.jpg 400w, https:\/\/www.ottawahospital.on.ca\/wp-content\/uploads\/2016\/12\/Riverside-AdministrativeStaff-300x215.jpg 300w\" sizes=\"(max-width: 400px) 100vw, 400px\" \/><p id=\"caption-attachment-12402\" class=\"wp-caption-text\">\u00c9quipe au Campus Riverside<\/p><\/div>\n<\/div>\n<div class=\"clearblock\"><\/div>\n<h2 class=\"text-center\">R\u00e9ception<\/h2>\n<p>Notre aimable personnel \u00e0 la r\u00e9ception est bien inform\u00e9 et peut r\u00e9pondre \u00e0 vos questions et vous aider en cas de pr\u00e9occupations. Les r\u00e9ceptionnistes fixent tous les rendez-vous cliniques, s\u2019occupent de l\u2019inscription des patients \u00e0 leur arriv\u00e9e pour leur consultation et appellent les patients pour leur rappeler leur rendez-vous.<\/p>\n<p>Voici ce que la r\u00e9ceptionniste peut faire pour vous :<\/p>\n<ul>\n<li>v\u00e9rifier si votre adresse, la personne \u00e0 joindre en cas d\u2019urgence, votre num\u00e9ro de carte d\u2019assurance-sant\u00e9 et vos coordonn\u00e9es au dossier sont exacts<\/li>\n<li>vous fournir des renseignements concernant la clinique et les autres membres de notre \u00e9quipe de soins. Elle peut aussi fixer pour vous un rendez-vous avec l\u2019un des professionnels de la sant\u00e9 au sein de l\u2019\u00e9quipe<\/li>\n<li>s\u2019assurer que vous avez les formulaires dont vous avez besoin<\/li>\n<li>fixer des rendez-vous avec des sp\u00e9cialistes, selon les recommandations de votre m\u00e9decin de famille.<\/li>\n<\/ul>\n<p>&nbsp;<\/p>\n<h2 class=\"text-center\">Adjoints administratifs<\/h2>\n<p>Les adjoints administratifs offrent un soutien administratif aux diff\u00e9rents membres qui occupent des fonctions et jouent des r\u00f4les vari\u00e9s au sein de la clinique, notamment les m\u00e9decins, le personnel du Programme de formation postdoctoral, du Programme de vie saine et de gestion du diab\u00e8te et du Programme de soins partag\u00e9s en sant\u00e9 mentale, ainsi que les gestionnaires de programme et les directeurs d\u2019unit\u00e9 de chaque campus.<\/p>\n<h2 class=\"text-center\">Administrateur d\u2019organisme de sant\u00e9 familiale<\/h2>\n<p>Les m\u00e9decins de famille de notre clinique exercent la m\u00e9decine en groupe \u00e0 titre d\u2019organisme de sant\u00e9 familiale. Le r\u00f4le de l\u2019administrateur est d\u2019offrir un soutien administratif \u00e0 l\u2019organisme de sant\u00e9 familiale et de correspondre avec le minist\u00e8re de la Sant\u00e9 et des Soins de longue dur\u00e9e en son nom.<\/p>\n<h2 class=\"text-center\">Commis aux dossiers m\u00e9dicaux<\/h2>\n<p>Les commis aux dossiers m\u00e9dicaux ont la responsabilit\u00e9 de tenir \u00e0 jour les dossiers des patients. Ils r\u00e9cup\u00e8rent les dossiers papier aupr\u00e8s des fournisseurs de sant\u00e9, au besoin, et num\u00e9risent les renseignements concernant les patients pour les int\u00e9grer au dossier m\u00e9dical \u00e9lectronique de fa\u00e7on \u00e0 ce qu\u2019il soit complet.<\/p>\n<h2 class=\"text-center\">Responsable du courrier et des fournitures<\/h2>\n<p>Le titulaire responsable du courriel et des fournitures doit traiter tout le courrier de la clinique ainsi que commander des fournitures cliniques et veiller au renouvellement des stocks.<\/p>\n<h2 class=\"text-center\">Coordonnateurs des syst\u00e8mes (y compris l\u2019administration de la facturation et la pr\u00e9vention)<\/h2>\n<p>Les coordonnateurs des syst\u00e8mes offrent un soutien informatique \u00e0 chaque clinique, plus particuli\u00e8rement pour ce qui est du dossier m\u00e9dical \u00e9lectronique. Ils sont \u00e9galement responsables de la facturation aux patients et des renseignements \u00e0 ce sujet.<\/p>\n","protected":false},"excerpt":{"rendered":"<p>Notre \u00e9quipe Personnel administratif R\u00e9ception Notre aimable personnel \u00e0 la r\u00e9ception est bien inform\u00e9 et peut r\u00e9pondre \u00e0 vos questions et vous aider en cas de pr\u00e9occupations. Les r\u00e9ceptionnistes fixent tous les rendez-vous cliniques, s\u2019occupent de l\u2019inscription des patients \u00e0 leur arriv\u00e9e pour leur consultation et appellent les patients pour leur rappeler leur rendez-vous. Voici [&hellip;]<\/p>\n","protected":false},"author":25,"featured_media":0,"parent":12325,"menu_order":3,"comment_status":"closed","ping_status":"closed","template":"","meta":{"_acf_changed":false,"_mc_calendar":[],"footnotes":""},"class_list":["post-12411","page","type-page","status-publish","hentry"],"acf":[],"wps_subtitle":"","_links":{"self":[{"href":"https:\/\/www.ottawahospital.on.ca\/fr\/wp-json\/wp\/v2\/pages\/12411","targetHints":{"allow":["GET"]}}],"collection":[{"href":"https:\/\/www.ottawahospital.on.ca\/fr\/wp-json\/wp\/v2\/pages"}],"about":[{"href":"https:\/\/www.ottawahospital.on.ca\/fr\/wp-json\/wp\/v2\/types\/page"}],"author":[{"embeddable":true,"href":"https:\/\/www.ottawahospital.on.ca\/fr\/wp-json\/wp\/v2\/users\/25"}],"replies":[{"embeddable":true,"href":"https:\/\/www.ottawahospital.on.ca\/fr\/wp-json\/wp\/v2\/comments?post=12411"}],"version-history":[{"count":0,"href":"https:\/\/www.ottawahospital.on.ca\/fr\/wp-json\/wp\/v2\/pages\/12411\/revisions"}],"up":[{"embeddable":true,"href":"https:\/\/www.ottawahospital.on.ca\/fr\/wp-json\/wp\/v2\/pages\/12325"}],"wp:attachment":[{"href":"https:\/\/www.ottawahospital.on.ca\/fr\/wp-json\/wp\/v2\/media?parent=12411"}],"curies":[{"name":"wp","href":"https:\/\/api.w.org\/{rel}","templated":true}]}}