{"id":12361,"date":"2016-12-02T11:30:17","date_gmt":"2016-12-02T16:30:17","guid":{"rendered":"http:\/\/52.229.122.34\/fr\/?page_id=12361"},"modified":"2017-01-04T10:10:13","modified_gmt":"2017-01-04T15:10:13","slug":"infirmieres","status":"publish","type":"page","link":"https:\/\/www.ottawahospital.on.ca\/fr\/services-cliniques\/deptpgrmcs\/programmes\/equipe-de-sante-familiale\/a-notre-sujet\/nos-professionnels\/infirmieres\/","title":{"rendered":"Infirmi\u00e8res"},"content":{"rendered":"<h2 class=\"text-center\"><span style=\"color: #000000;\">Notre \u00e9quipe<\/span><\/h2>\n<h2 class=\"text-center\">Infirmi\u00e8res<\/h2>\n<div>\n<div id=\"attachment_12343\" style=\"width: 360px\" class=\"wp-caption alignleft\"><img decoding=\"async\" aria-describedby=\"caption-attachment-12343\" class=\"img-responsive text-center wp-image-12343\" style=\"float: left;\" src=\"\/wp-content\/uploads\/2016\/12\/Civic-NursingStaff.jpg\" alt=\"civic-nursingstaff\" width=\"350\" height=\"261\" srcset=\"https:\/\/www.ottawahospital.on.ca\/wp-content\/uploads\/2016\/12\/Civic-NursingStaff.jpg 350w, https:\/\/www.ottawahospital.on.ca\/wp-content\/uploads\/2016\/12\/Civic-NursingStaff-300x224.jpg 300w\" sizes=\"(max-width: 350px) 100vw, 350px\" \/><p id=\"caption-attachment-12343\" class=\"wp-caption-text\">\u00c9quipe au Campus Civic<\/p><\/div>\n<div id=\"attachment_12342\" style=\"width: 310px\" class=\"wp-caption alignleft\"><img decoding=\"async\" aria-describedby=\"caption-attachment-12342\" class=\"size-full wp-image-12342 img-responsive text-center\" style=\"margin-left: 20px; float: left;\" src=\"\/wp-content\/uploads\/2016\/12\/Riverside-NursingStaff.jpg\" alt=\"riverside-nursingstaff\" width=\"300\" height=\"247\" \/><p id=\"caption-attachment-12342\" class=\"wp-caption-text\">\u00c9quipe au Campus Riverside<\/p><\/div>\n<\/div>\n<div class=\"clearblock\"><\/div>\n<p>Apprenez-en davantage sur les r\u00f4les des diff\u00e9rents membres du personnel infirmier et comment ils peuvent vous aider.<\/p>\n<h2 class=\"text-center\">Infirmi\u00e8re enseignante<\/h2>\n<p>L\u2019infirmi\u00e8re enseignante ne rencontre pas directement de patients. Elle agit \u00e0 titre de formatrice et d\u2019\u00e9ducatrice aux membres du personnel des deux cliniques et leur fournit des renseignements cliniques \u00e0 jour fond\u00e9s sur des donn\u00e9es probantes. Elle soutient donc l\u2019excellence de la pratique.<\/p>\n<h2 class=\"text-center\">Infirmi\u00e8res auxiliaires autoris\u00e9es (IAA) et infirmi\u00e8res autoris\u00e9es (IA)<\/h2>\n<p>Nos infirmi\u00e8res travaillent en \u00e9troite collaboration avec les m\u00e9decins de famille pour r\u00e9pondre \u00e0 vos besoins en soins de sant\u00e9. Elles s\u2019assurent que tout est pr\u00eat pour votre rendez-vous avec votre m\u00e9decin et effectue parfois des suivis par t\u00e9l\u00e9phone. Les infirmi\u00e8res r\u00e9pondent \u00e9galement \u00e0 vos questions \u00e0 propos de votre sant\u00e9 et peuvent vous fournir des renseignements sur l\u2019adoption d\u2019un mode de vie sain. Voici ce que nos infirmi\u00e8res peuvent faire pour vous :<\/p>\n<ul>\n<li>apporter leur aide pour des examens (comme le test Pap et l\u2019examen des seins)<\/li>\n<li>administrer les vaccins, dont ceux pour les allergies<\/li>\n<li>soigner les plaies et retirer les points de suture ou les agrafes<\/li>\n<li>pratiquer certaines interventions comme le rin\u00e7age des oreilles avec une seringue auriculaire<\/li>\n<li>prendre votre tension (pression) art\u00e9rielle et autres signes vitaux ou d\u2019autres mesures (p. ex. votre fr\u00e9quence cardiaque, votre temp\u00e9rature, votre taille et votre poids).<\/li>\n<\/ul>\n<h2 class=\"text-center\">Infirmi\u00e8res praticiennes<\/h2>\n<p>Les infirmi\u00e8res praticiennes sont des infirmi\u00e8res d\u2019exp\u00e9rience qui ont suivi une formation compl\u00e9mentaire. Comme les m\u00e9decins, elles peuvent \u00e9valuer vos probl\u00e8mes de sant\u00e9 et poser des diagnostics, demander des examens et des analyses, prescrire certains m\u00e9dicaments, proposer un traitement et offrir des soins pr\u00e9ventifs. Voici ce que nos infirmi\u00e8res praticiennes peuvent faire pour vous :<\/p>\n<ul>\n<li>r\u00e9pondre \u00e0 vos questions de sant\u00e9 et offrir un d\u00e9pistage pr\u00e9ventif<\/li>\n<li>pratiquer des interventions et des examens de routine comme les examens de sant\u00e9 p\u00e9riodiques, les bilans de sant\u00e9 p\u00e9diatriques et des examens pr\u00e9nataux<\/li>\n<li>traiter des maladies et infections courantes, comme les otites ou les infections urinaires<\/li>\n<li>soigner des blessures courantes comme les entorses ou les coupures<\/li>\n<li>faire un suivi si vous \u00eates atteint d\u2019une maladie chronique stable comme l\u2019hypertension art\u00e9rielle ou le diab\u00e8te.<\/li>\n<\/ul>\n","protected":false},"excerpt":{"rendered":"<p>Notre \u00e9quipe Infirmi\u00e8res Apprenez-en davantage sur les r\u00f4les des diff\u00e9rents membres du personnel infirmier et comment ils peuvent vous aider. Infirmi\u00e8re enseignante L\u2019infirmi\u00e8re enseignante ne rencontre pas directement de patients. Elle agit \u00e0 titre de formatrice et d\u2019\u00e9ducatrice aux membres du personnel des deux cliniques et leur fournit des renseignements cliniques \u00e0 jour fond\u00e9s sur [&hellip;]<\/p>\n","protected":false},"author":25,"featured_media":0,"parent":12325,"menu_order":2,"comment_status":"closed","ping_status":"closed","template":"","meta":{"_acf_changed":false,"_mc_calendar":[],"footnotes":""},"class_list":["post-12361","page","type-page","status-publish","hentry"],"acf":[],"wps_subtitle":"","_links":{"self":[{"href":"https:\/\/www.ottawahospital.on.ca\/fr\/wp-json\/wp\/v2\/pages\/12361","targetHints":{"allow":["GET"]}}],"collection":[{"href":"https:\/\/www.ottawahospital.on.ca\/fr\/wp-json\/wp\/v2\/pages"}],"about":[{"href":"https:\/\/www.ottawahospital.on.ca\/fr\/wp-json\/wp\/v2\/types\/page"}],"author":[{"embeddable":true,"href":"https:\/\/www.ottawahospital.on.ca\/fr\/wp-json\/wp\/v2\/users\/25"}],"replies":[{"embeddable":true,"href":"https:\/\/www.ottawahospital.on.ca\/fr\/wp-json\/wp\/v2\/comments?post=12361"}],"version-history":[{"count":0,"href":"https:\/\/www.ottawahospital.on.ca\/fr\/wp-json\/wp\/v2\/pages\/12361\/revisions"}],"up":[{"embeddable":true,"href":"https:\/\/www.ottawahospital.on.ca\/fr\/wp-json\/wp\/v2\/pages\/12325"}],"wp:attachment":[{"href":"https:\/\/www.ottawahospital.on.ca\/fr\/wp-json\/wp\/v2\/media?parent=12361"}],"curies":[{"name":"wp","href":"https:\/\/api.w.org\/{rel}","templated":true}]}}