{"id":12336,"date":"2016-12-02T11:09:53","date_gmt":"2016-12-02T16:09:53","guid":{"rendered":"http:\/\/52.229.122.34\/fr\/?page_id=12336"},"modified":"2025-04-22T10:31:26","modified_gmt":"2025-04-22T14:31:26","slug":"medecins-de-famille","status":"publish","type":"page","link":"https:\/\/www.ottawahospital.on.ca\/fr\/services-cliniques\/deptpgrmcs\/programmes\/equipe-de-sante-familiale\/a-notre-sujet\/nos-professionnels\/medecins-de-famille\/","title":{"rendered":"M\u00e9decins de famille"},"content":{"rendered":"\n<h2 class=\"wp-block-heading\">Notre \u00e9quipe<\/h2>\n\n\n\n<h3 class=\"wp-block-heading\">M\u00e9decins de famille<\/h3>\n\n\n\n<p>Tous nos patients ont un m\u00e9decin de famille \u00e0 l\u2019une de nos cliniques. Nos m\u00e9decins de famille travaillent en \u00e9quipe avec d\u2019autres professionnels de la sant\u00e9 pour offrir aux patients les meilleurs soins possible. Les m\u00e9decins de famille assurent la direction clinique de l\u2019\u00e9quipe de soins et supervisent tous les soins, incluant une supervision directe aupr\u00e8s des r\u00e9sidents qui rencontrent des patients.<\/p>\n\n\n\n<p>Voici ce que nos m\u00e9decins de famille peuvent faire pour vous :<\/p>\n\n\n\n<ul class=\"wp-block-list\">\n<li>\u00e9valuer vos probl\u00e8mes de sant\u00e9 et poser un diagnostic<\/li>\n\n\n\n<li>demander des examens et des analyses et prescrire des m\u00e9dicaments<\/li>\n\n\n\n<li>proposer un traitement et g\u00e9rer vos soins<\/li>\n\n\n\n<li>vous renseigner sur vos probl\u00e8mes de sant\u00e9 et sur la fa\u00e7on de bien prendre soin de vous<\/li>\n\n\n\n<li>vous recommander, au besoin, \u00e0 des m\u00e9decins sp\u00e9cialistes et \u00e0 d\u2019autres professionnels de la sant\u00e9.<\/li>\n<\/ul>\n\n\n\n<h3 class=\"wp-block-heading\">Notre \u00e9quipe de m\u00e9decins de famille<\/h3>\n\n\n\n<div class=\"wp-block-columns is-layout-flex wp-container-core-columns-is-layout-9d6595d7 wp-block-columns-is-layout-flex\">\n<div class=\"wp-block-column is-layout-flow wp-block-column-is-layout-flow\">\n<p><strong>Clinique Civic<\/strong><\/p>\n<\/div>\n\n\n\n<div class=\"wp-block-column is-layout-flow wp-block-column-is-layout-flow\">\n<p><strong>Clinique Riverside<\/strong><\/p>\n<\/div>\n<\/div>\n\n\n\n<div class=\"wp-block-columns is-layout-flex wp-container-core-columns-is-layout-9d6595d7 wp-block-columns-is-layout-flex\">\n<div class=\"wp-block-column is-layout-flow wp-block-column-is-layout-flow\">\n<ul class=\"wp-block-list\">\n<li>D<sup>re<\/sup> Laura Cummings <\/li>\n\n\n\n<li>D<sup>re<\/sup> Margaret Gluszynski <\/li>\n\n\n\n<li>D<sup>r<\/sup> Michael Malek <\/li>\n\n\n\n<li>D<sup>r<\/sup> Farhad Motamedi <\/li>\n\n\n\n<li>D<sup>r<\/sup> Eoghan O&rsquo;Shea <\/li>\n\n\n\n<li>D<sup>r<\/sup> Tarun Prashar <\/li>\n\n\n\n<li>D<sup>re<\/sup> Sarah Rice <\/li>\n\n\n\n<li>D<sup>re<\/sup> Taunia Rifai <\/li>\n\n\n\n<li>D<sup>re<\/sup> Leah Smith <\/li>\n\n\n\n<li>D<sup>re<\/sup> Victoria Swan <\/li>\n\n\n\n<li>D<sup>r<\/sup> Jason Trickovic <\/li>\n\n\n\n<li>D<sup>re<\/sup> Anna Wilkinson <\/li>\n\n\n\n<li>D<sup>r<\/sup> Eric Wooltorton <\/li>\n\n\n\n<li>D<sup>r<\/sup> Laura Visentin<\/li>\n<\/ul>\n<\/div>\n\n\n\n<div class=\"wp-block-column is-layout-flow wp-block-column-is-layout-flow\">\n<ul class=\"wp-block-list\">\n<li>D<sup>re<\/sup> Shauna Bassel <\/li>\n\n\n\n<li>D<sup>re<\/sup> Justine Callahan <\/li>\n\n\n\n<li>D<sup>re<\/sup> Tania Fitzpatrick <\/li>\n\n\n\n<li>D<sup>r<\/sup>  Osmaan Sheikh<\/li>\n\n\n\n<li>D<sup>r<\/sup> Jennifer Mitchell<\/li>\n\n\n\n<li>D<sup>r<\/sup> Jason Struyk <\/li>\n<\/ul>\n<\/div>\n<\/div>\n\n\n\n<h3 class=\"wp-block-heading\">Un adjoint au m\u00e9decin au sein de notre \u00e9quipe<\/h3>\n\n\n\n<p>Au sein de notre \u00e9quipe, nous avons aussi un adjoint au m\u00e9decin que vous pouvez rencontrer durant votre rendez-vous. L\u2019adjoint au m\u00e9decin est un professionnel de la sant\u00e9 hautement qualifi\u00e9 qui poss\u00e8de une formation universitaire et fournit une vaste gamme de services m\u00e9dicaux. Les adjoints au m\u00e9decin travaillent en collaboration avec les m\u00e9decins pour assurer la prestation de soins de qualit\u00e9. Le champ d\u2019activit\u00e9 de l\u2019adjoint au m\u00e9decin varie d\u2019une personne \u00e0 l\u2019autre et est officiellement d\u00e9fini dans un contrat ou une entente de pratique entre le m\u00e9decin superviseur, l\u2019adjoint au m\u00e9decin et l\u2019\u00e9tablissement o\u00f9 travaille l\u2019adjoint au m\u00e9decin. Les adjoints au m\u00e9decin peuvent entre autres interroger les patients, \u00e9tablir les ant\u00e9c\u00e9dents m\u00e9dicaux, proc\u00e9der \u00e0 l\u2019examen physique, pratiquer certaines interventions diagnostiques et th\u00e9rapeutiques et donner aux patients des conseils sur les soins pr\u00e9ventifs.<\/p>\n\n\n\n<p>Pour en savoir plus, consultez le site Web de <a href=\"https:\/\/capa-acam.ca\/fr\/\" target=\"_blank\" rel=\"noopener\"> l&rsquo;Association canadienne des adjoints au m\u00e9decin.<\/a><\/p>\n","protected":false},"excerpt":{"rendered":"<p>Notre \u00e9quipe M\u00e9decins de famille Tous nos patients ont un m\u00e9decin de famille \u00e0 l\u2019une de nos cliniques. Nos m\u00e9decins de famille travaillent en \u00e9quipe avec d\u2019autres professionnels de la sant\u00e9 pour offrir aux patients les meilleurs soins possible. Les m\u00e9decins de famille assurent la direction clinique de l\u2019\u00e9quipe de soins et supervisent tous les [&hellip;]<\/p>\n","protected":false},"author":25,"featured_media":0,"parent":12325,"menu_order":1,"comment_status":"closed","ping_status":"closed","template":"","meta":{"_acf_changed":false,"_mc_calendar":[],"footnotes":""},"class_list":["post-12336","page","type-page","status-publish","hentry"],"acf":[],"wps_subtitle":"","_links":{"self":[{"href":"https:\/\/www.ottawahospital.on.ca\/fr\/wp-json\/wp\/v2\/pages\/12336","targetHints":{"allow":["GET"]}}],"collection":[{"href":"https:\/\/www.ottawahospital.on.ca\/fr\/wp-json\/wp\/v2\/pages"}],"about":[{"href":"https:\/\/www.ottawahospital.on.ca\/fr\/wp-json\/wp\/v2\/types\/page"}],"author":[{"embeddable":true,"href":"https:\/\/www.ottawahospital.on.ca\/fr\/wp-json\/wp\/v2\/users\/25"}],"replies":[{"embeddable":true,"href":"https:\/\/www.ottawahospital.on.ca\/fr\/wp-json\/wp\/v2\/comments?post=12336"}],"version-history":[{"count":0,"href":"https:\/\/www.ottawahospital.on.ca\/fr\/wp-json\/wp\/v2\/pages\/12336\/revisions"}],"up":[{"embeddable":true,"href":"https:\/\/www.ottawahospital.on.ca\/fr\/wp-json\/wp\/v2\/pages\/12325"}],"wp:attachment":[{"href":"https:\/\/www.ottawahospital.on.ca\/fr\/wp-json\/wp\/v2\/media?parent=12336"}],"curies":[{"name":"wp","href":"https:\/\/api.w.org\/{rel}","templated":true}]}}