{"id":12325,"date":"2016-12-02T10:54:02","date_gmt":"2016-12-02T15:54:02","guid":{"rendered":"http:\/\/52.229.122.34\/fr\/?page_id=12325"},"modified":"2016-12-30T09:26:38","modified_gmt":"2016-12-30T14:26:38","slug":"nos-professionnels","status":"publish","type":"page","link":"https:\/\/www.ottawahospital.on.ca\/fr\/services-cliniques\/deptpgrmcs\/programmes\/equipe-de-sante-familiale\/a-notre-sujet\/nos-professionnels\/","title":{"rendered":"Nos professionnels"},"content":{"rendered":"<h2 class=\"text-center\">Notre \u00e9quipe<\/h2>\n<p>L\u2019\u00c9quipe universitaire de sant\u00e9 familiale est un groupe de professionnels de la sant\u00e9 qui travaillent ensemble pour aider les patients.<\/p>\n<p>Pour en apprendre davantage sur le r\u00f4le des diff\u00e9rents membres de notre \u00e9quipe et sur la fa\u00e7on dont chacun aide les patients comme vous, cliquez sur une cat\u00e9gorie.<\/p>\n<p class=\"text-center\"><a title=\"M\u00e9decins de famille\" href=\"\/fr\/services-cliniques\/deptpgrmcs\/programmes\/equipe-de-sante-familiale\/a-notre-sujet\/nos-professionnels\/medecins-de-famille\/\">M\u00e9decins de famille<\/a><\/p>\n<p class=\"text-center\"><a title=\"Infirmi\u00e8res\" href=\"\/fr\/services-cliniques\/deptpgrmcs\/programmes\/equipe-de-sante-familiale\/a-notre-sujet\/nos-professionnels\/infirmieres\/\">Infirmi\u00e8res<\/a><\/p>\n<p class=\"text-center\"><a title=\"Personnel administratif\" href=\"\/fr\/services-cliniques\/deptpgrmcs\/programmes\/equipe-de-sante-familiale\/a-notre-sujet\/nos-professionnels\/personnel-administratif\/\">Personnel administratif<\/a><\/p>\n<p class=\"text-center\"><a title=\"Direction clinique\" href=\"\/fr\/services-cliniques\/deptpgrmcs\/programmes\/equipe-de-sante-familiale\/a-notre-sujet\/nos-professionnels\/direction-clinique\/\">Direction clinique<\/a><\/p>\n<p class=\"text-center\"><a title=\"Autres professionnels de la sant\u00e9\" href=\"\/fr\/services-cliniques\/deptpgrmcs\/programmes\/equipe-de-sante-familiale\/a-notre-sujet\/nos-professionnels\/autres-professionnels-de-la-sante\/\">Autres professionnels de la sant\u00e9<\/a><\/p>\n","protected":false},"excerpt":{"rendered":"<p>Notre \u00e9quipe L\u2019\u00c9quipe universitaire de sant\u00e9 familiale est un groupe de professionnels de la sant\u00e9 qui travaillent ensemble pour aider les patients. Pour en apprendre davantage sur le r\u00f4le des diff\u00e9rents membres de notre \u00e9quipe et sur la fa\u00e7on dont chacun aide les patients comme vous, cliquez sur une cat\u00e9gorie. M\u00e9decins de famille Infirmi\u00e8res Personnel [&hellip;]<\/p>\n","protected":false},"author":25,"featured_media":0,"parent":12302,"menu_order":4,"comment_status":"closed","ping_status":"closed","template":"","meta":{"_acf_changed":false,"_mc_calendar":[],"footnotes":""},"class_list":["post-12325","page","type-page","status-publish","hentry"],"acf":[],"wps_subtitle":"","_links":{"self":[{"href":"https:\/\/www.ottawahospital.on.ca\/fr\/wp-json\/wp\/v2\/pages\/12325","targetHints":{"allow":["GET"]}}],"collection":[{"href":"https:\/\/www.ottawahospital.on.ca\/fr\/wp-json\/wp\/v2\/pages"}],"about":[{"href":"https:\/\/www.ottawahospital.on.ca\/fr\/wp-json\/wp\/v2\/types\/page"}],"author":[{"embeddable":true,"href":"https:\/\/www.ottawahospital.on.ca\/fr\/wp-json\/wp\/v2\/users\/25"}],"replies":[{"embeddable":true,"href":"https:\/\/www.ottawahospital.on.ca\/fr\/wp-json\/wp\/v2\/comments?post=12325"}],"version-history":[{"count":0,"href":"https:\/\/www.ottawahospital.on.ca\/fr\/wp-json\/wp\/v2\/pages\/12325\/revisions"}],"up":[{"embeddable":true,"href":"https:\/\/www.ottawahospital.on.ca\/fr\/wp-json\/wp\/v2\/pages\/12302"}],"wp:attachment":[{"href":"https:\/\/www.ottawahospital.on.ca\/fr\/wp-json\/wp\/v2\/media?parent=12325"}],"curies":[{"name":"wp","href":"https:\/\/api.w.org\/{rel}","templated":true}]}}