{"id":12320,"date":"2016-12-02T10:50:08","date_gmt":"2016-12-02T15:50:08","guid":{"rendered":"http:\/\/52.229.122.34\/fr\/?page_id=12320"},"modified":"2022-07-15T13:18:23","modified_gmt":"2022-07-15T17:18:23","slug":"contexte-dapprentissage","status":"publish","type":"page","link":"https:\/\/www.ottawahospital.on.ca\/fr\/services-cliniques\/deptpgrmcs\/programmes\/equipe-de-sante-familiale\/a-notre-sujet\/contexte-dapprentissage\/","title":{"rendered":"Contexte d\u2019apprentissage"},"content":{"rendered":"<h2 class=\"text-center\" style=\"text-align: left;\"><span style=\"color: #000000;\">Contexte d\u2019apprentissage<\/span><\/h2>\n<h3 class=\"text-center\" style=\"text-align: left;\">Nous sommes un \u00e9tablissement d\u2019enseignement \u2013 Qu\u2019est-ce que cela signifie pour les patients?<\/h3>\n<p><img decoding=\"async\" class=\"size-full wp-image-12315 alignright img-responsive\" src=\"\/wp-content\/uploads\/2016\/12\/UniversityOfOttawaLogo.jpg\" alt=\"universityofottawalogo\" width=\"160\" height=\"157\" \/>Notre \u00e9quipe porte le nom d\u2019\u00c9quipe universitaire de sant\u00e9 familiale. Le terme \u00ab <strong>Universitaire<\/strong> \u00bb signifie que L\u2019H\u00f4pital d\u2019Ottawa est un \u00e9tablissement d\u2019enseignement. \u00c0 ce titre, nous avons un partenariat avec l\u2019Universit\u00e9 d\u2019Ottawa pour former des \u00e9tudiants en m\u00e9decine, des r\u00e9sidents et autres professionnels de la sant\u00e9 conform\u00e9ment aux normes les plus \u00e9lev\u00e9es.<\/p>\n<p>Recevoir des soins dans un milieu d\u2019enseignement offre de nombreux avantages. Par exemple, les cliniques d\u2019enseignement ont acc\u00e8s \u00e0 des services sp\u00e9cialis\u00e9s et \u00e0 des traitements qui peuvent aider les patients. Dans le but d\u2019assurer la continuit\u00e9 des soins, chaque patient est assign\u00e9 \u00e0 un m\u00e9decin de famille membre de notre personnel.<br \/><img decoding=\"async\" class=\"size-full wp-image-12314 alignleft img-responsive\" src=\"\/wp-content\/uploads\/2016\/12\/OurTeachingEnvironmentPhoto.jpg\" alt=\"ourteachingenvironmentphoto\" width=\"300\" height=\"383\" srcset=\"https:\/\/www.ottawahospital.on.ca\/wp-content\/uploads\/2016\/12\/OurTeachingEnvironmentPhoto.jpg 300w, https:\/\/www.ottawahospital.on.ca\/wp-content\/uploads\/2016\/12\/OurTeachingEnvironmentPhoto-235x300.jpg 235w\" sizes=\"(max-width: 300px) 100vw, 300px\" \/>Comme nous faisons partie d\u2019un \u00e9tablissement d\u2019enseignement, il se peut que ce soit un r\u00e9sident qui se charge de vos soins. Les <strong>r\u00e9sidents<\/strong> sont des m\u00e9decins qui ont obtenu leur dipl\u00f4me de m\u00e9decine et qui suivent une formation postdoctorale. Nous ferons tous les efforts possibles pour que vous obteniez un rendez-vous avec votre m\u00e9decin de famille ou l\u2019un des r\u00e9sidents qu\u2019il supervise. Les r\u00e9sidents qui rencontrent des patients sont supervis\u00e9s directement par les m\u00e9decins de famille de la clinique. Les autres \u00e9tudiants du domaine de la sant\u00e9 qui rencontrent des patients, notamment les r\u00e9sidents en pharmacie ou les \u00e9tudiantes aspirant \u00e0 devenir infirmi\u00e8res praticiennes, sont directement supervis\u00e9s par des professionnels de la sant\u00e9 qualifi\u00e9s exer\u00e7ant la profession concern\u00e9e au sein de notre clinique.<\/p>\n<p>Afin de veiller \u00e0 vous offrir des soins de grande qualit\u00e9, il se peut qu\u2019un r\u00e9sident vous demande la permission de vous enregistrer ou de vous filmer dans la salle d\u2019examen pour permettre au m\u00e9decin qui le supervise d\u2019observer la consultation. Seul le m\u00e9decin superviseur a acc\u00e8s aux \u00e9crans de surveillance, et vous pouvez demander d\u2019\u00e9teindre la cam\u00e9ra \u00e0 tout moment au cours de la visite. Veuillez noter que la cam\u00e9ra sera toujours \u00e9teinte pendant les examens et lorsque vous vous changez.<\/p>\n<h2 class=\"text-center\" style=\"text-align: left;\"><span style=\"color: #000000;\">L\u2019\u00e9quipe qui soutient le programme d\u2019enseignement dans nos cliniques<\/span><\/h2>\n<h3 class=\"text-center\" style=\"text-align: left;\">Directeurs de la formation postdoctorale dans les unit\u00e9s<\/h3>\n<p>Les titulaires de ces postes occupent des fonctions universitaires. Ils sont donc nomm\u00e9s par la direction du D\u00e9partement de m\u00e9decine familiale de l\u2019Universit\u00e9 d\u2019Ottawa. Le r\u00f4le des directeurs de la formation postdoctorale est d\u2019\u00e9laborer et de surveiller la prestation du programme d\u2019enseignement officiel pour les r\u00e9sidents dans nos cliniques, tout en favorisant la promotion de mod\u00e8les d\u2019apprentissage novateurs.<\/p>\n<p>Les directeurs de la formation postdoctorale collaborent avec les r\u00e9sidents, les pr\u00e9cepteurs, la direction clinique et les personnes-ressources au sein du D\u00e9partement de m\u00e9decine familiale de l\u2019Universit\u00e9 d\u2019Ottawa dans le but de favoriser une bonne int\u00e9gration des r\u00e9sidents dans nos cliniques et d\u2019offrir un milieu d\u2019apprentissage positif. Ces directeurs travaillent aussi beaucoup avec les coordonnateurs de la formation postdoctorale des unit\u00e9s pour mener \u00e0 bien toutes leurs t\u00e2ches. Leurs autres responsabilit\u00e9s consistent notamment \u00e0 superviser la s\u00e9lection, l\u2019orientation, l\u2019horaire et l\u2019\u00e9valuation de r\u00e9sidents travaillant au sein de notre clinique.<\/p>\n<ul>\n<li><strong>Directrice de la formation postdoctorale au Campus Civic<\/strong> \u2013 D<sup>r<\/sup>\u00a0 Michael Malek \u2013 <a href=\"mailto:mmalek@toh.ca\">mmalek@toh.ca<\/a><\/li>\n<li><strong>Directrice de la formation postdoctorale au Campus Riverside<\/strong> \u2013 D<sup>re<\/sup> Shauna Bassel \u2013 <a href=\"mailto:sbassel@toh.ca\">sbassel@toh.ca<\/a><\/li>\n<\/ul>\n<h2 class=\"text-center\" style=\"text-align: left;\">Coordonnateurs de la formation postdoctorale<\/h2>\n<p>Le r\u00f4le de coordonnateur de la formation postdoctorale est d\u2019offrir du soutien aux r\u00e9sidents tout au long de leur programme universitaire et de travailler en collaboration avec les autres services postdoctoraux afin d\u2019assurer une rotation efficace et bien organis\u00e9e.<\/p>\n<p>Les responsabilit\u00e9s des coordonnateurs de la formation postdoctorale consistent notamment \u00e0 pr\u00e9parer et \u00e0 int\u00e9grer des horaires d\u00e9taill\u00e9s par unit\u00e9 ainsi qu\u2019\u00e0 travailler en \u00e9troite collaboration avec les directeurs de la formation postdoctorale des unit\u00e9s et la direction clinique pour cr\u00e9er des mod\u00e8les annuels afin d\u2019assurer un \u00e9quilibre au sein des professionnels de la m\u00e9decine \u00e0 la clinique, tout en repr\u00e9sentant les int\u00e9r\u00eats du programme universitaire. Les autres t\u00e2ches des coordonnateurs de la formation postdoctorale comprennent le suivi et l\u2019approbation des demandes de cong\u00e9 des r\u00e9sidents, ainsi que la mise en \u0153uvre de politiques et de lignes directrices pour les r\u00e9sidents dans le cadre du programme universitaire<\/p>\n<ul>\n<li><strong>Coordonnateur de la formation postdoctorale au Campus Civic &#8211; <\/strong>Ashley Mautbur &#8211; <a href=\"mailto:amautbur@toh.ca\">amautbur@toh.ca<\/a><\/li>\n<li><strong>Coordonnatrice de la formation postdoctorale au Campus Riverside &#8211; <\/strong>Julia Teasta \u2013 <a href=\"mailto:jtesta@toh.ca\">jtesta@toh.ca<\/a><\/li>\n<\/ul>\n\n\n<p><\/p>\n","protected":false},"excerpt":{"rendered":"<p>Contexte d\u2019apprentissage Nous sommes un \u00e9tablissement d\u2019enseignement \u2013 Qu\u2019est-ce que cela signifie pour les patients? Notre \u00e9quipe porte le nom d\u2019\u00c9quipe universitaire de sant\u00e9 familiale. Le terme \u00ab Universitaire \u00bb signifie que L\u2019H\u00f4pital d\u2019Ottawa est un \u00e9tablissement d\u2019enseignement. \u00c0 ce titre, nous avons un partenariat avec l\u2019Universit\u00e9 d\u2019Ottawa pour former des \u00e9tudiants en m\u00e9decine, des [&hellip;]<\/p>\n","protected":false},"author":25,"featured_media":0,"parent":12302,"menu_order":3,"comment_status":"closed","ping_status":"closed","template":"","meta":{"_acf_changed":false,"_mc_calendar":[],"footnotes":""},"class_list":["post-12320","page","type-page","status-publish","hentry"],"acf":[],"wps_subtitle":"","_links":{"self":[{"href":"https:\/\/www.ottawahospital.on.ca\/fr\/wp-json\/wp\/v2\/pages\/12320","targetHints":{"allow":["GET"]}}],"collection":[{"href":"https:\/\/www.ottawahospital.on.ca\/fr\/wp-json\/wp\/v2\/pages"}],"about":[{"href":"https:\/\/www.ottawahospital.on.ca\/fr\/wp-json\/wp\/v2\/types\/page"}],"author":[{"embeddable":true,"href":"https:\/\/www.ottawahospital.on.ca\/fr\/wp-json\/wp\/v2\/users\/25"}],"replies":[{"embeddable":true,"href":"https:\/\/www.ottawahospital.on.ca\/fr\/wp-json\/wp\/v2\/comments?post=12320"}],"version-history":[{"count":0,"href":"https:\/\/www.ottawahospital.on.ca\/fr\/wp-json\/wp\/v2\/pages\/12320\/revisions"}],"up":[{"embeddable":true,"href":"https:\/\/www.ottawahospital.on.ca\/fr\/wp-json\/wp\/v2\/pages\/12302"}],"wp:attachment":[{"href":"https:\/\/www.ottawahospital.on.ca\/fr\/wp-json\/wp\/v2\/media?parent=12320"}],"curies":[{"name":"wp","href":"https:\/\/api.w.org\/{rel}","templated":true}]}}