{"id":12310,"date":"2016-12-02T10:38:36","date_gmt":"2016-12-02T15:38:36","guid":{"rendered":"http:\/\/52.229.122.34\/fr\/?page_id=12310"},"modified":"2023-11-03T16:26:05","modified_gmt":"2023-11-03T20:26:05","slug":"carrieres","status":"publish","type":"page","link":"https:\/\/www.ottawahospital.on.ca\/fr\/services-cliniques\/deptpgrmcs\/programmes\/equipe-de-sante-familiale\/a-notre-sujet\/carrieres\/","title":{"rendered":"Carri\u00e8res"},"content":{"rendered":"<h2 class=\"text-center\"><span style=\"color: #000000;\">Carri\u00e8res au sein de l\u2019\u00c9quipe de sant\u00e9 familiale<\/span><\/h2>\n<h2 class=\"text-center\">M\u00e9decins de Famille<\/h2>\n<p>Merci de l\u2019int\u00e9r\u00eat que vous portez \u00e0 l\u2019\u00c9quipe universitaire de sant\u00e9 familiale. Tous nos m\u00e9decins de famille au sein de l\u2019\u00c9quipe universitaire de sant\u00e9 familiale sont membres du personnel de L\u2019H\u00f4pital d\u2019Ottawa. Dans le cadre de leurs fonctions permanentes, les m\u00e9decins occupent \u00e9galement des postes au sein du D\u00e9partement de m\u00e9decine familiale de l\u2019Universit\u00e9 d\u2019Ottawa.<\/p>\n<p>Vous \u00eates m\u00e9decin de famille et \u00eates int\u00e9ress\u00e9 par un poste permanent au sein de l\u2019\u00c9quipe universitaire de sant\u00e9 familiale ou du D\u00e9partement de m\u00e9decine familiale? Visitez le site Web du D\u00e9partement de m\u00e9decine familiale de l\u2019Universit\u00e9 d\u2019Ottawa \u00e0 l\u2019adresse suivante<\/p>\n<p>Les m\u00e9decins de famille int\u00e9ress\u00e9s par des postes de rempla\u00e7ants (y compris par des remplacements de cong\u00e9s sabbatiques) et par des postes occasionnels peuvent communiquer avec le directeur m\u00e9dical d\u2019unit\u00e9 de chaque Clinique:<\/p>\n<ul>\n<li><strong>Directeur m\u00e9dical d\u2019unit\u00e9 au Campus Civic<\/strong> : D<sup>r<\/sup> Farhad Motamedi \u2013\u00a0<a href=\"mailto:fmotamedi@toh.ca\">fmotamedi@toh.ca<\/a><\/li>\n<li><strong>Directeur m\u00e9dical d\u2019unit\u00e9 au Campus Riverside<\/strong> : D<sup>r<\/sup> Oussama Outbih \u2013\u00a0<a href=\"mailto:doutbih@toh.ca\">doutbih@toh.ca<\/a><\/li>\n<\/ul>\n<h2 class=\"text-center\">\u00c9tudiants en M\u00e9decine et R\u00e9sidents<\/h2>\n<p>Merci de l\u2019int\u00e9r\u00eat que vous portez \u00e0 l\u2019\u00c9quipe de sant\u00e9 familiale. Nos cliniques d\u2019enseignement sont affili\u00e9es au D\u00e9partement de m\u00e9decine familiale de l\u2019Universit\u00e9 d\u2019Ottawa. Les \u00e9tudiants en m\u00e9decine int\u00e9ress\u00e9s \u00e0 faire une r\u00e9sidence au sein de l\u2019\u00c9quipe de sant\u00e9 familiale sont invit\u00e9s \u00e0 poser leur candidature par l\u2019interm\u00e9diaire du Service canadien de jumelage des r\u00e9sidents (<a href=\"https:\/\/www.carms.ca\/\" target=\"_blank\" rel=\"noopener noreferrer\">www.carms.ca<\/a>). Pour en savoir plus sur notre programme de formation postdoctorale ou pour visiter nos cliniques, veuillez communiquer avec l\u2019une des personnes suivantes\u00a0:<\/p>\n<ul>\n<li><strong>Coordonnateur de la formation postdoctorale au Campus Civic\u00a0:<\/strong>\u00a0 Ashley Mautbur \u2013 <a href=\"mailto:amautbur@toh.ca\">amautbur@toh.ca<\/a><\/li>\n<li><strong>Coordonnatrice de la formation postdoctorale au Campus Riverside\u00a0:<\/strong>\u00a0 Julia Testa \u2013 <a href=\"mailto:jtesta@toh.ca\">jtesta@toh.ca<\/a><\/li>\n<\/ul>\n<p>Les \u00e9tudiants en m\u00e9decine int\u00e9ress\u00e9s \u00e0 faire un stage au choix au sein de l\u2019\u00c9quipe de sant\u00e9 familiale sont invit\u00e9s \u00e0 visiter le site Web du D\u00e9partement de m\u00e9decine familiale de l\u2019Universit\u00e9 d\u2019Ottawa pour obtenir des renseignements sur le programme de premier cycle.<\/p>\n<h2 class=\"text-center\">Personnel clinique<\/h2>\n<p>Merci de l\u2019int\u00e9r\u00eat que vous portez \u00e0 l\u2019\u00c9quipe de sant\u00e9 familiale. Tous les membres de nos cliniques sont employ\u00e9s par L\u2019H\u00f4pital d\u2019Ottawa. Veuillez visiter le site Web de L\u2019H\u00f4pital d\u2019Ottawa pour savoir si des emplois sont actuellement disponibles dans votre domaine\u00a0:<\/p>\n<p><a href=\"https:\/\/www.ottawahospital.on.ca\/fr\/career-opportunities\/\" target=\"_blank\" rel=\"noopener noreferrer\">Possibilit\u00e9s d\u2019emplois \u00e0 L\u2019H\u00f4pital d\u2019Ottawa<\/a><\/p>\n","protected":false},"excerpt":{"rendered":"<p>Carri\u00e8res au sein de l\u2019\u00c9quipe de sant\u00e9 familiale M\u00e9decins de Famille Merci de l\u2019int\u00e9r\u00eat que vous portez \u00e0 l\u2019\u00c9quipe universitaire de sant\u00e9 familiale. Tous nos m\u00e9decins de famille au sein de l\u2019\u00c9quipe universitaire de sant\u00e9 familiale sont membres du personnel de L\u2019H\u00f4pital d\u2019Ottawa. Dans le cadre de leurs fonctions permanentes, les m\u00e9decins occupent \u00e9galement des [&hellip;]<\/p>\n","protected":false},"author":25,"featured_media":0,"parent":12302,"menu_order":2,"comment_status":"closed","ping_status":"closed","template":"","meta":{"_acf_changed":false,"_mc_calendar":[],"footnotes":""},"class_list":["post-12310","page","type-page","status-publish","hentry"],"acf":[],"wps_subtitle":"","_links":{"self":[{"href":"https:\/\/www.ottawahospital.on.ca\/fr\/wp-json\/wp\/v2\/pages\/12310","targetHints":{"allow":["GET"]}}],"collection":[{"href":"https:\/\/www.ottawahospital.on.ca\/fr\/wp-json\/wp\/v2\/pages"}],"about":[{"href":"https:\/\/www.ottawahospital.on.ca\/fr\/wp-json\/wp\/v2\/types\/page"}],"author":[{"embeddable":true,"href":"https:\/\/www.ottawahospital.on.ca\/fr\/wp-json\/wp\/v2\/users\/25"}],"replies":[{"embeddable":true,"href":"https:\/\/www.ottawahospital.on.ca\/fr\/wp-json\/wp\/v2\/comments?post=12310"}],"version-history":[{"count":0,"href":"https:\/\/www.ottawahospital.on.ca\/fr\/wp-json\/wp\/v2\/pages\/12310\/revisions"}],"up":[{"embeddable":true,"href":"https:\/\/www.ottawahospital.on.ca\/fr\/wp-json\/wp\/v2\/pages\/12302"}],"wp:attachment":[{"href":"https:\/\/www.ottawahospital.on.ca\/fr\/wp-json\/wp\/v2\/media?parent=12310"}],"curies":[{"name":"wp","href":"https:\/\/api.w.org\/{rel}","templated":true}]}}