{"id":12302,"date":"2016-12-02T10:29:23","date_gmt":"2016-12-02T15:29:23","guid":{"rendered":"http:\/\/52.229.122.34\/fr\/?page_id=12302"},"modified":"2025-12-22T09:03:43","modified_gmt":"2025-12-22T14:03:43","slug":"a-notre-sujet","status":"publish","type":"page","link":"https:\/\/www.ottawahospital.on.ca\/fr\/services-cliniques\/deptpgrmcs\/programmes\/equipe-de-sante-familiale\/a-notre-sujet\/","title":{"rendered":"\u00c0 notre sujet"},"content":{"rendered":"<h2>Qu\u2019est-ce qu\u2019une \u00ab \u00c9quipe de sant\u00e9 familiale \u00bb?<\/h2>\n<p>L\u2019\u00c9quipe universitaire de sant\u00e9 familiale de L\u2019H\u00f4pital Ottawa est un groupe de professionnels de la sant\u00e9 qui travaillent ensemble pour aider les patients. Ils offrent des soins primaires \u00e0 l\u2019ensemble de la population, notamment aux b\u00e9b\u00e9s, aux enfants, aux adolescents, aux femmes enceintes et aux personnes \u00e2g\u00e9es.<\/p>\n<p>Notre \u00e9quipe regroupe divers professionnels, notamment :<\/p>\n<ul style=\"float: left; width: 50%;\">\n<li>M\u00e9decins<\/li>\n<li>Infirmi\u00e8res<\/li>\n<li>Infirmi\u00e8res praticiennes<\/li>\n<li>Adjoints au m\u00e9decin<\/li>\n<li>Travailleuses sociales<\/li>\n<li>Di\u00e9t\u00e9ticiennes<\/li>\n<li>Pharmaciens<\/li>\n<li>R\u00e9ceptionnistes<\/li>\n<li>Psychologues<\/li>\n<li>Psychiatres<\/li>\n<li>Et autres!<\/li>\n<\/ul>\n<p><img decoding=\"async\" class=\"aligncenter size-full wp-image-12295 img-responsive\" style=\"float: left; width: 50%; margin-top: 50px;\" src=\"\/wp-content\/uploads\/2016\/12\/Misc-WhiteStethoscope.jpg\" alt=\"misc-whitestethoscope\" width=\"300\" height=\"200\" \/><\/p>\n<p>Nous offrons une gamme compl\u00e8te de services de sant\u00e9, incluant des conseils en mati\u00e8re de nutrition, des renseignements sur les m\u00e9dicaments, du counseling et des services en sant\u00e9 mentale pour aider les patients \u00e0 atteindre un \u00e9tat de sant\u00e9 optimal et \u00e0 le maintenir.<\/p>\n<hr style=\"border-color: black;\" \/>\n<h2>Nous sommes un \u00e9tablissement d\u2019enseignement!<\/h2>\n<p>Notre \u00e9quipe porte le nom d\u2019\u00c9quipe universitaire de sant\u00e9 familiale. Le terme \u00ab\u00a0Universitaire\u00a0\u00bb signifie que L\u2019H\u00f4pital d\u2019Ottawa est un \u00e9tablissement d\u2019enseignement. \u00c0 ce titre, nous avons un partenariat avec l\u2019Universit\u00e9 d\u2019Ottawa pour former des \u00e9tudiants en m\u00e9decine, des r\u00e9sidents et autres professionnels de la sant\u00e9 conform\u00e9ment aux normes les plus \u00e9lev\u00e9es.<\/p>\n<p>Il se peut donc que ce soit un r\u00e9sident qui se charge de vos soins. Les r\u00e9sidents sont des m\u00e9decins qui ont obtenu leur dipl\u00f4me de m\u00e9decine et qui suivent une formation postdoctorale. Les r\u00e9sidents qui se chargent de patients sont directement supervis\u00e9s par les m\u00e9decins de famille de l\u2019\u00e9quipe. Pour en savoir plus, veuillez consulter notre section intitul\u00e9e <a title=\"Contexte d\u2019apprentissage\" href=\"https:\/\/www.ottawahospital.on.ca\/fr\/services-cliniques\/deptpgrmcs\/programmes\/equipe-de-sante-familiale\/a-notre-sujet\/contexte-dapprentissage\/\">Contexte d\u2019apprentissage<\/a>.<\/p>\n<h2>Pour nos patients actuels<\/h2>\n<p>Voici quelques renseignements importants \u00e0 retenir :<\/p>\n<ul>\n<li>L\u2019\u00c9quipe de sant\u00e9 familiale utilise le <strong>dossier m\u00e9dical \u00e9lectronique<\/strong> de sorte que les renseignements concernant votre sant\u00e9 sont faciles d\u2019acc\u00e8s lorsque vous devez rencontrer d\u2019autres professionnels de la sant\u00e9 faisant partie de notre \u00e9quipe.<\/li>\n<li><strong>Inscription\u00a0:<\/strong> Les cliniques de l\u2019\u00c9quipe de sant\u00e9 familiale sont des organismes de services de sant\u00e9 familiaux (OSSF). Nous demandons \u00e0 nos patients ontariens de \u00ab\u00a0s\u2019inscrire\u00a0\u00bb \u00e0 notre liste en signant un formulaire, ce qui est tout \u00e0 fait gratuit et sans obligation de votre part. Cela vise seulement \u00e0 indiquer que les m\u00e9decins de notre clinique sont leurs principaux fournisseurs de soins de sant\u00e9.<\/li>\n<\/ul>\n<p><b><span lang=\"FR-CA\" data-olk-copy-source=\"MessageBody\">Notes m\u00e9dicales<\/span><\/b><span lang=\"FR-CA\">\u00a0: Certains de nos m\u00e9decins utilisent\u00a0<\/span><a title=\"https:\/\/www.ottawahospital.on.ca\/fr\/lhopital-dottawa-et-dax-copilot-de-microsoft-nuance-faq-de-lhopital-dottawa\/\" href=\"https:\/\/www.ottawahospital.on.ca\/fr\/lhopital-dottawa-et-dax-copilot-de-microsoft-nuance-faq-de-lhopital-dottawa\/\" data-auth=\"NotApplicable\" data-linkindex=\"3\"><b><span lang=\"FR-CA\">DAX Copilot<\/span><\/b><\/a><span lang=\"FR-CA\"> pour enregistrer en toute s\u00e9curit\u00e9 leurs \u00e9changes avec un patient durant un rendez-vous en personne. \u00c0 l\u2019aide de l\u2019intelligence artificielle, la conversation enregistr\u00e9e est ensuite convertie en notes m\u00e9dicales. Une fois la consultation termin\u00e9e, le clinicien r\u00e9vise et termine les notes.<\/span><\/p>\n","protected":false},"excerpt":{"rendered":"<p>Qu\u2019est-ce qu\u2019une \u00ab \u00c9quipe de sant\u00e9 familiale \u00bb? L\u2019\u00c9quipe universitaire de sant\u00e9 familiale de L\u2019H\u00f4pital Ottawa est un groupe de professionnels de la sant\u00e9 qui travaillent ensemble pour aider les patients. Ils offrent des soins primaires \u00e0 l\u2019ensemble de la population, notamment aux b\u00e9b\u00e9s, aux enfants, aux adolescents, aux femmes enceintes et aux personnes \u00e2g\u00e9es. [&hellip;]<\/p>\n","protected":false},"author":25,"featured_media":0,"parent":11764,"menu_order":1,"comment_status":"closed","ping_status":"closed","template":"","meta":{"_acf_changed":false,"_mc_calendar":[],"footnotes":""},"class_list":["post-12302","page","type-page","status-publish","hentry"],"acf":[],"wps_subtitle":"","_links":{"self":[{"href":"https:\/\/www.ottawahospital.on.ca\/fr\/wp-json\/wp\/v2\/pages\/12302","targetHints":{"allow":["GET"]}}],"collection":[{"href":"https:\/\/www.ottawahospital.on.ca\/fr\/wp-json\/wp\/v2\/pages"}],"about":[{"href":"https:\/\/www.ottawahospital.on.ca\/fr\/wp-json\/wp\/v2\/types\/page"}],"author":[{"embeddable":true,"href":"https:\/\/www.ottawahospital.on.ca\/fr\/wp-json\/wp\/v2\/users\/25"}],"replies":[{"embeddable":true,"href":"https:\/\/www.ottawahospital.on.ca\/fr\/wp-json\/wp\/v2\/comments?post=12302"}],"version-history":[{"count":0,"href":"https:\/\/www.ottawahospital.on.ca\/fr\/wp-json\/wp\/v2\/pages\/12302\/revisions"}],"up":[{"embeddable":true,"href":"https:\/\/www.ottawahospital.on.ca\/fr\/wp-json\/wp\/v2\/pages\/11764"}],"wp:attachment":[{"href":"https:\/\/www.ottawahospital.on.ca\/fr\/wp-json\/wp\/v2\/media?parent=12302"}],"curies":[{"name":"wp","href":"https:\/\/api.w.org\/{rel}","templated":true}]}}