{"id":12278,"date":"2016-12-01T16:53:05","date_gmt":"2016-12-01T21:53:05","guid":{"rendered":"http:\/\/52.229.122.34\/fr\/?page_id=12278"},"modified":"2016-12-09T12:16:17","modified_gmt":"2016-12-09T17:16:17","slug":"medecine-nucleaire","status":"publish","type":"page","link":"https:\/\/www.ottawahospital.on.ca\/fr\/services-cliniques\/deptpgrmcs\/departements\/medecine-nucleaire\/","title":{"rendered":"M\u00e9decine nucl\u00e9aire"},"content":{"rendered":"<p>La m\u00e9decine nucl\u00e9aire consiste en l\u2019utilisation, \u00e0 des fins m\u00e9dicales, de produits radioactifs (radionucl\u00e9ides). On utilise souvent ce type de radioactivit\u00e9 pour d\u00e9tecter la pr\u00e9sence d\u2019une maladie ou d\u2019un trouble, ou pour en d\u00e9terminer l\u2019\u00e9tendue, dans le but d\u2019\u00e9tablir un diagnostic ou de d\u00e9cider d\u2019un traitement. Dans des cas plus rares, on utilise aussi la m\u00e9decine nucl\u00e9aire pour traiter des maladies de la thyro\u00efde avec de l\u2019iode radioactif.<\/p>\n<p>Nous faisons des examens en m\u00e9decine nucl\u00e9aire seulement \u00e0 la demande de m\u00e9decins de famille ou de m\u00e9decins sp\u00e9cialistes.<\/p>\n<p>On utilise des produits radioactifs en m\u00e9decine depuis 40 ans. Les techniques en m\u00e9decine nucl\u00e9aire permettent d\u2019explorer de nombreux troubles et maladies dont la gravit\u00e9 varie.<\/p>\n<p>On utilise de tr\u00e8s petites quantit\u00e9s de radioactivit\u00e9 pour faire des examens diagnostiques (c\u2019est-\u00e0-dire des tests qui permettent de poser un diagnostic). Ces examens ressemblent \u00e0 des rayons X qui prennent une image (scan) de la partie du corps atteinte de maladie.<\/p>\n","protected":false},"excerpt":{"rendered":"<p>La m\u00e9decine nucl\u00e9aire consiste en l\u2019utilisation, \u00e0 des fins m\u00e9dicales, de produits radioactifs (radionucl\u00e9ides). On utilise souvent ce type de radioactivit\u00e9 pour d\u00e9tecter la pr\u00e9sence d\u2019une maladie ou d\u2019un trouble, ou pour en d\u00e9terminer l\u2019\u00e9tendue, dans le but d\u2019\u00e9tablir un diagnostic ou de d\u00e9cider d\u2019un traitement. Dans des cas plus rares, on utilise aussi la [&hellip;]<\/p>\n","protected":false},"author":25,"featured_media":0,"parent":7868,"menu_order":15,"comment_status":"closed","ping_status":"closed","template":"","meta":{"_acf_changed":false,"_mc_calendar":[],"footnotes":""},"class_list":["post-12278","page","type-page","status-publish","hentry"],"acf":[],"wps_subtitle":"","_links":{"self":[{"href":"https:\/\/www.ottawahospital.on.ca\/fr\/wp-json\/wp\/v2\/pages\/12278","targetHints":{"allow":["GET"]}}],"collection":[{"href":"https:\/\/www.ottawahospital.on.ca\/fr\/wp-json\/wp\/v2\/pages"}],"about":[{"href":"https:\/\/www.ottawahospital.on.ca\/fr\/wp-json\/wp\/v2\/types\/page"}],"author":[{"embeddable":true,"href":"https:\/\/www.ottawahospital.on.ca\/fr\/wp-json\/wp\/v2\/users\/25"}],"replies":[{"embeddable":true,"href":"https:\/\/www.ottawahospital.on.ca\/fr\/wp-json\/wp\/v2\/comments?post=12278"}],"version-history":[{"count":0,"href":"https:\/\/www.ottawahospital.on.ca\/fr\/wp-json\/wp\/v2\/pages\/12278\/revisions"}],"up":[{"embeddable":true,"href":"https:\/\/www.ottawahospital.on.ca\/fr\/wp-json\/wp\/v2\/pages\/7868"}],"wp:attachment":[{"href":"https:\/\/www.ottawahospital.on.ca\/fr\/wp-json\/wp\/v2\/media?parent=12278"}],"curies":[{"name":"wp","href":"https:\/\/api.w.org\/{rel}","templated":true}]}}