{"id":12266,"date":"2016-12-01T16:44:48","date_gmt":"2016-12-01T21:44:48","guid":{"rendered":"http:\/\/52.229.122.34\/fr\/?page_id=12266"},"modified":"2021-03-08T12:01:45","modified_gmt":"2021-03-08T17:01:45","slug":"gynecologie","status":"publish","type":"page","link":"https:\/\/www.ottawahospital.on.ca\/fr\/services-cliniques\/deptpgrmcs\/departements\/obstetrique-gynecologie-et-soins-aux-nouveau-nes\/gynecologie\/","title":{"rendered":"Gyn\u00e9cologie"},"content":{"rendered":"<p>Le programme de gyn\u00e9cologie de l&rsquo;H\u00f4pital d&rsquo;Ottawa offre des soins de sant\u00e9 exceptionnelle aux femmes gr\u00e2ce \u00e0 l&rsquo;excellence dans la pratique clinique, la recherche, l&rsquo;\u00e9ducation, et l&rsquo;innovation technologique. Les diff\u00e9rentes comp\u00e9tences am\u00e9liore la sant\u00e9 et la qualit\u00e9 de vie des femmes dans quatre sp\u00e9cialit\u00e9s de soins; la colposcopie, la gyn\u00e9cologie, l\u2019uro-gyn\u00e9cologie et la sant\u00e9 des femmes d&rsquo;\u00e2ge m\u00fbr. Nos sp\u00e9cialit\u00e9s gyn\u00e9cologiques sont reconnues au niveau national et international.<\/p>\n<ul>\n<li><a href=\"\/fr\/services-cliniques\/deptpgrmcs\/programmes\/centre-de-sante-pour-les-femmes-shirley-e-greenberg\/programmes-cliniques\/\"><strong>Services de consultation<span style=\"display: none;\">Lien vers la page des services de consultation<\/span><\/strong><\/a><\/li>\n<\/ul>\n","protected":false},"excerpt":{"rendered":"<p>Le programme de gyn\u00e9cologie de l&rsquo;H\u00f4pital d&rsquo;Ottawa offre des soins de sant\u00e9 exceptionnelle aux femmes gr\u00e2ce \u00e0 l&rsquo;excellence dans la pratique clinique, la recherche, l&rsquo;\u00e9ducation, et l&rsquo;innovation technologique. Les diff\u00e9rentes comp\u00e9tences am\u00e9liore la sant\u00e9 et la qualit\u00e9 de vie des femmes dans quatre sp\u00e9cialit\u00e9s de soins; la colposcopie, la gyn\u00e9cologie, l\u2019uro-gyn\u00e9cologie et la sant\u00e9 des [&hellip;]<\/p>\n","protected":false},"author":25,"featured_media":0,"parent":12078,"menu_order":2,"comment_status":"closed","ping_status":"closed","template":"","meta":{"_acf_changed":false,"_mc_calendar":[],"footnotes":""},"class_list":["post-12266","page","type-page","status-publish","hentry"],"acf":[],"wps_subtitle":"","_links":{"self":[{"href":"https:\/\/www.ottawahospital.on.ca\/fr\/wp-json\/wp\/v2\/pages\/12266","targetHints":{"allow":["GET"]}}],"collection":[{"href":"https:\/\/www.ottawahospital.on.ca\/fr\/wp-json\/wp\/v2\/pages"}],"about":[{"href":"https:\/\/www.ottawahospital.on.ca\/fr\/wp-json\/wp\/v2\/types\/page"}],"author":[{"embeddable":true,"href":"https:\/\/www.ottawahospital.on.ca\/fr\/wp-json\/wp\/v2\/users\/25"}],"replies":[{"embeddable":true,"href":"https:\/\/www.ottawahospital.on.ca\/fr\/wp-json\/wp\/v2\/comments?post=12266"}],"version-history":[{"count":0,"href":"https:\/\/www.ottawahospital.on.ca\/fr\/wp-json\/wp\/v2\/pages\/12266\/revisions"}],"up":[{"embeddable":true,"href":"https:\/\/www.ottawahospital.on.ca\/fr\/wp-json\/wp\/v2\/pages\/12078"}],"wp:attachment":[{"href":"https:\/\/www.ottawahospital.on.ca\/fr\/wp-json\/wp\/v2\/media?parent=12266"}],"curies":[{"name":"wp","href":"https:\/\/api.w.org\/{rel}","templated":true}]}}