{"id":12201,"date":"2016-12-01T16:09:08","date_gmt":"2016-12-01T21:09:08","guid":{"rendered":"http:\/\/52.229.122.34\/fr\/?page_id=12201"},"modified":"2016-12-01T16:09:08","modified_gmt":"2016-12-01T21:09:08","slug":"choses-utiles-a-savoir-au-sujet-de-lhopital","status":"publish","type":"page","link":"https:\/\/www.ottawahospital.on.ca\/fr\/services-cliniques\/deptpgrmcs\/departements\/obstetrique-gynecologie-et-soins-aux-nouveau-nes\/avoir-un-bebe\/choses-utiles-a-savoir-au-sujet-de-lhopital\/","title":{"rendered":"Choses utiles \u00e0 savoir au sujet de l\u2019h\u00f4pital"},"content":{"rendered":"<p><strong>Banque<br \/>\n<\/strong>Chaque campus de L\u2019H\u00f4pital a des guichets automatiques bancaires (GAB). Ils acceptent Interac, Plus et Visa.<\/p>\n<p><strong>T\u00e9l\u00e9phones<br \/>\n<\/strong>Il y a un t\u00e9l\u00e9phone dans chaque chambre des naissances. Au Campus Civic les t\u00e9l\u00e9phones ne peuvent pas recevoir d\u2019appels. Vous pouvez seulement t\u00e9l\u00e9phoner. Vous pouvez utiliser les t\u00e9l\u00e9phones cellulaires dans L\u2019H\u00f4pital. Par contre, on pourrait vous demander de les utiliser \u00e9loigner de certains endroits. \u00a0Vous pouvez payer pour avoir vos propres t\u00e9l\u00e9phone et t\u00e9l\u00e9viseur dans l\u2019Unit\u00e9 maman-b\u00e9b\u00e9. Il y a aussi des t\u00e9l\u00e9phones payants dans chaque unit\u00e9.<\/p>\n<p><strong>Services Alimentaires\u00a0<\/strong><br \/>\nChaque campus de L\u2019H\u00f4pital a une caf\u00e9t\u00e9ria et un caf\u00e9-restaurant pour la famille et les visiteurs.<\/p>\n<p><strong>Campus Civic : <\/strong>La caf\u00e9t\u00e9ria Greenery est au rez-de-chauss\u00e9e dans la section C. Le caf\u00e9-restaurant est au rez-de-chauss\u00e9e dans la section A. Il y a des machines distributrices automatiques dans tout L\u2019H\u00f4pital.<\/p>\n<p><strong>Campus G\u00e9n\u00e9ral : <\/strong>Le caf\u00e9 501 est au rez-de-chauss\u00e9e. Le caf\u00e9-restaurant est au rez-de-chauss\u00e9e pr\u00e8s de l\u2019ascenseur. Il y a des machines distributrices automatiques dans tout L\u2019H\u00f4pital.<\/p>\n<p><strong>Magasinage<br \/>\n<\/strong>Si vous voulez quelque chose \u00e0 lire ou avez besoin de provisions visitez l\u2019une des boutiques ou l\u2019un des d\u00e9panneurs de L\u2019H\u00f4pital. Le Campus Civic a aussi une boutique du cadeau pour b\u00e9b\u00e9s appel\u00e9e \u00abOH Baby \u00bb.<\/p>\n<p><strong>Nous appr\u00e9cions vos commentaires<br \/>\n<\/strong>Nous aimerions conna\u00eetre votre exp\u00e9rience dans notre h\u00f4pital. Avez-vous \u00e9t\u00e9 satisfaite? Aurions-nous pu faire quelque chose de mieux? Une personne vous demandera de remplir une carte de commentaires au sujet de votre s\u00e9jour \u00e0 L\u2019H\u00f4pital avant votre rentr\u00e9e \u00e0 la maison. Vos r\u00e9ponses aideront L\u2019H\u00f4pital \u00e0 am\u00e9liorer ses programmes et \u00e0 maintenir des soins aux familles de qualit\u00e9 sup\u00e9rieure.<\/p>\n","protected":false},"excerpt":{"rendered":"<p>Banque Chaque campus de L\u2019H\u00f4pital a des guichets automatiques bancaires (GAB). Ils acceptent Interac, Plus et Visa. T\u00e9l\u00e9phones Il y a un t\u00e9l\u00e9phone dans chaque chambre des naissances. Au Campus Civic les t\u00e9l\u00e9phones ne peuvent pas recevoir d\u2019appels. Vous pouvez seulement t\u00e9l\u00e9phoner. Vous pouvez utiliser les t\u00e9l\u00e9phones cellulaires dans L\u2019H\u00f4pital. Par contre, on pourrait vous [&hellip;]<\/p>\n","protected":false},"author":25,"featured_media":0,"parent":12082,"menu_order":9,"comment_status":"closed","ping_status":"closed","template":"","meta":{"_acf_changed":false,"_mc_calendar":[],"footnotes":""},"class_list":["post-12201","page","type-page","status-publish","hentry"],"acf":[],"wps_subtitle":"","_links":{"self":[{"href":"https:\/\/www.ottawahospital.on.ca\/fr\/wp-json\/wp\/v2\/pages\/12201","targetHints":{"allow":["GET"]}}],"collection":[{"href":"https:\/\/www.ottawahospital.on.ca\/fr\/wp-json\/wp\/v2\/pages"}],"about":[{"href":"https:\/\/www.ottawahospital.on.ca\/fr\/wp-json\/wp\/v2\/types\/page"}],"author":[{"embeddable":true,"href":"https:\/\/www.ottawahospital.on.ca\/fr\/wp-json\/wp\/v2\/users\/25"}],"replies":[{"embeddable":true,"href":"https:\/\/www.ottawahospital.on.ca\/fr\/wp-json\/wp\/v2\/comments?post=12201"}],"version-history":[{"count":0,"href":"https:\/\/www.ottawahospital.on.ca\/fr\/wp-json\/wp\/v2\/pages\/12201\/revisions"}],"up":[{"embeddable":true,"href":"https:\/\/www.ottawahospital.on.ca\/fr\/wp-json\/wp\/v2\/pages\/12082"}],"wp:attachment":[{"href":"https:\/\/www.ottawahospital.on.ca\/fr\/wp-json\/wp\/v2\/media?parent=12201"}],"curies":[{"name":"wp","href":"https:\/\/api.w.org\/{rel}","templated":true}]}}