{"id":12197,"date":"2016-12-01T16:07:46","date_gmt":"2016-12-01T21:07:46","guid":{"rendered":"http:\/\/52.229.122.34\/fr\/?page_id=12197"},"modified":"2021-02-05T09:34:39","modified_gmt":"2021-02-05T14:34:39","slug":"vous-preparer-a-rentrer-a-la-maison","status":"publish","type":"page","link":"https:\/\/www.ottawahospital.on.ca\/fr\/services-cliniques\/deptpgrmcs\/departements\/obstetrique-gynecologie-et-soins-aux-nouveau-nes\/avoir-un-bebe\/vous-preparer-a-rentrer-a-la-maison\/","title":{"rendered":"Vous pr\u00e9parer \u00e0 rentrer \u00e0 la maison"},"content":{"rendered":"<p>La plupart des femmes rentrent \u00e0 la maison apr\u00e8s environ 24 heures apr\u00e8s un accouchement vaginal et 2 nuits apr\u00e8s une c\u00e9sarienne. Cela d\u00e9pend si vous vous r\u00e9tablissez bien apr\u00e8s l\u2019accouchement. Il arrive que certaines femmes prennent plus de temps \u00e0 se r\u00e9tablir alors elles peuvent rester \u00e0 l&rsquo;h\u00f4pital plus longtemps. Certaines femmes peuvent partir plus t\u00f4t.<\/p>\n<p>Il y a un endroit o\u00f9 vous pourrez attendre votre famille s\u2019ils ne viennent pas vous chercher tout de suite apr\u00e8s que vous avez re\u00e7u votre cong\u00e9. S&rsquo;il vous pla\u00eet planifier votre retour \u00e0 la maison \u00e0 l&rsquo;heure de votre cong\u00e9<\/p>\n<h2>Si\u00e8ge d&rsquo;auto pour nourrisson<\/h2>\n<p>Vous DEVEZ utiliser un si\u00e8ge d\u2019auto pour nourrisson approuv\u00e9 par l\u2019ACNOR pour votre b\u00e9b\u00e9 quand vous le (la) ramenez \u00e0 la maison. C\u2019est la loi.<\/p>\n<h2>Enregistrement de la naissance<\/h2>\n<p>Il est important que vous enregistrer la naissance de votre b\u00e9b\u00e9. En Ontario, vous pouvez le faire facilement et rapidement en ligne \u00e0 l&rsquo;adresse:<br \/>\n<a href=\"https:\/\/www.orgforms.gov.on.ca\/IBR\/start.do?lang=fr\" target=\"_blank\" rel=\"noopener noreferrer\">https:\/\/www.orgforms.gov.on.ca\/IBR\/start.do?lang=fr<\/a><\/p>\n<p>Dans le m\u00eame temps, vous pouvez demander un certificat de naissance pour votre b\u00e9b\u00e9, un num\u00e9ro d&rsquo;assurance sociale et les prestations fiscales pour enfants du Canada.<\/p>\n<h2>Inscription du nouveau-n\u00e9 \u00e0 l\u2019Assurance-sant\u00e9 de l\u2019Ontario<\/h2>\n<p>Veuillez remplir le formulaire d\u2019inscription du nouveau-n\u00e9 \u00e0 l\u2019Assurance-sant\u00e9 de l\u2019Ontario (demande de carte-Sant\u00e9) et remettez-la \u00e0 votre infirmi\u00e8re avant de rentrer \u00e0 la maison. L\u2019H\u00f4pital l\u2019enverra pour vous.<\/p>\n<p>L\u2019H\u00f4pital ne fournit pas de formulaire de certificat de naissance. Si vous devez en avoir un apr\u00e8s votre retour \u00e0 la maison vous pouvez l\u2019obtenir aupr\u00e8s de l\u2019h\u00f4tel de ville ou aux Archives m\u00e9dicales de L\u2019H\u00f4pital.<\/p>\n<h2>Programme b\u00e9b\u00e9s en sant\u00e9\/ enfants en sant\u00e9<\/h2>\n<p><a href=\"https:\/\/www.santepubliqueottawa.ca\/fr\/public-health-services\/healthy-babies--healthy-children--hbhc-.aspx\" target=\"_blank\" rel=\"noopener noreferrer\">Le programme B\u00e9b\u00e9s en sant\u00e9\/Enfants en sant\u00e9 <\/a>est administr\u00e9 par la Ville d\u2019Ottawa. Il fournit de l\u2019information et un soutien aux parents.<\/p>\n<p>Si vous acceptez, L\u2019H\u00f4pital informera le programme B\u00e9b\u00e9s en sant\u00e9\/Enfants en sant\u00e9 au sujet de votre nouveau b\u00e9b\u00e9. Vous recevrez une trousse d\u2019information du programme. Une infirmi\u00e8re du programme vous t\u00e9l\u00e9phonera environ deux jours apr\u00e8s votre retour \u00e0 la maison. L\u2019infirmi\u00e8re vous rendra visite \u00e0 la maison si vous voulez. Posez-lui toutes les questions que vous voulez \u00e0 propos :<\/p>\n<ul>\n<li>de nourrir votre b\u00e9b\u00e9<\/li>\n<li>de prendre soin de vous-m\u00eame<\/li>\n<li>de la s\u00e9curit\u00e9 de votre b\u00e9b\u00e9<\/li>\n<li>des programmes communautaires pour les<br \/>\nparents et les enfants.<\/li>\n<\/ul>\n<p>Deux services utiles sont la ligne d\u2019information parents-enfants et les haltes-accueil pour b\u00e9b\u00e9s bien portants. La ligne d\u2019information parents-enfants est un service t\u00e9l\u00e9phonique qui peut r\u00e9pondre \u00e0 vos questions. Les haltes-accueil se tiennent \u00e0 divers endroits \u00e0 Ottawa. Elles vous donnent la chance :<\/p>\n<ul>\n<li>de rencontrer une infirmi\u00e8re<\/li>\n<li>d\u2019obtenir de l\u2019aide au sujet de l\u2019allaitement<\/li>\n<li>de poser des questions<\/li>\n<li>de faire peser votre b\u00e9b\u00e9<\/li>\n<\/ul>\n","protected":false},"excerpt":{"rendered":"<p>La plupart des femmes rentrent \u00e0 la maison apr\u00e8s environ 24 heures apr\u00e8s un accouchement vaginal et 2 nuits apr\u00e8s une c\u00e9sarienne. Cela d\u00e9pend si vous vous r\u00e9tablissez bien apr\u00e8s l\u2019accouchement. Il arrive que certaines femmes prennent plus de temps \u00e0 se r\u00e9tablir alors elles peuvent rester \u00e0 l&rsquo;h\u00f4pital plus longtemps. Certaines femmes peuvent partir [&hellip;]<\/p>\n","protected":false},"author":25,"featured_media":0,"parent":12082,"menu_order":8,"comment_status":"closed","ping_status":"closed","template":"","meta":{"_acf_changed":false,"_mc_calendar":[],"footnotes":""},"class_list":["post-12197","page","type-page","status-publish","hentry"],"acf":[],"wps_subtitle":"","_links":{"self":[{"href":"https:\/\/www.ottawahospital.on.ca\/fr\/wp-json\/wp\/v2\/pages\/12197","targetHints":{"allow":["GET"]}}],"collection":[{"href":"https:\/\/www.ottawahospital.on.ca\/fr\/wp-json\/wp\/v2\/pages"}],"about":[{"href":"https:\/\/www.ottawahospital.on.ca\/fr\/wp-json\/wp\/v2\/types\/page"}],"author":[{"embeddable":true,"href":"https:\/\/www.ottawahospital.on.ca\/fr\/wp-json\/wp\/v2\/users\/25"}],"replies":[{"embeddable":true,"href":"https:\/\/www.ottawahospital.on.ca\/fr\/wp-json\/wp\/v2\/comments?post=12197"}],"version-history":[{"count":0,"href":"https:\/\/www.ottawahospital.on.ca\/fr\/wp-json\/wp\/v2\/pages\/12197\/revisions"}],"up":[{"embeddable":true,"href":"https:\/\/www.ottawahospital.on.ca\/fr\/wp-json\/wp\/v2\/pages\/12082"}],"wp:attachment":[{"href":"https:\/\/www.ottawahospital.on.ca\/fr\/wp-json\/wp\/v2\/media?parent=12197"}],"curies":[{"name":"wp","href":"https:\/\/api.w.org\/{rel}","templated":true}]}}