{"id":12167,"date":"2016-12-01T15:54:30","date_gmt":"2016-12-01T20:54:30","guid":{"rendered":"http:\/\/52.229.122.34\/fr\/?page_id=12167"},"modified":"2021-05-26T15:21:39","modified_gmt":"2021-05-26T19:21:39","slug":"nourrir-votre-bebe","status":"publish","type":"page","link":"https:\/\/www.ottawahospital.on.ca\/fr\/services-cliniques\/deptpgrmcs\/departements\/obstetrique-gynecologie-et-soins-aux-nouveau-nes\/avoir-un-bebe\/information-au-sujet-de-la-naissance-de-votre-bebe-et-de-ses-soins\/nourrir-votre-bebe\/","title":{"rendered":"Nourrir votre b\u00e9b\u00e9"},"content":{"rendered":"<p>Nous vous encourageons fortement \u00e0 allaiter votre b\u00e9b\u00e9. Nous avons de nombreuses ressources pour vous aider \u00e0 apprendre \u00e0 bien le faire.<\/p>\n<p>Toutes nos infirmi\u00e8res ont re\u00e7u une formation sp\u00e9ciale en allaitement. Elles peuvent vous aider \u00e0 \u00a0placer votre b\u00e9b\u00e9 pour qu\u2019il (elle) s\u2019alimente bien. Votre infirmi\u00e8re, m\u00e9decin ou sage-femme peut aussi vous recommander \u00e0 une <em>conseill\u00e8re en allaitement agr\u00e9\u00e9e <\/em>(une personne qui aide les m\u00e8res qui allaitent). Les conseill\u00e8res en allaitement sont disponibles \u00e0 \u00a0l\u2019h\u00f4pital. Elles peuvent aussi vous aider pendant les six premi\u00e8res semaines apr\u00e8s la naissance de votre b\u00e9b\u00e9.<\/p>\n<p>Si vous d\u00e9cidez d\u2019utiliser des biberons et du lait maternis\u00e9 pour nourrir votre b\u00e9b\u00e9, nous respecterons votre choix. Parlez \u00e0 votre m\u00e9decin ou sage-femme du type de lait maternis\u00e9 \u00e0 utiliser.<\/p>\n<p>Renseignements pour le patient :<\/p>\n<ul>\n<li><a href=\"\/fr\/documents\/2017\/01\/p1009-french-may-2012.pdf\" target=\"_blank\" rel=\"noopener noreferrer\">Votre lait maternel contient tout ce dont votre b\u00e9b\u00e9 a besoin.<\/a><\/li>\n<li><a href=\"\/fr\/documents\/2021\/05\/p855-fr-apr-2010.pdf\/\" target=\"_blank\" rel=\"noopener noreferrer\">Rise du sein pour la t\u00e9t\u00e9e (boire)<\/a><\/li>\n<li><a href=\"\/fr\/documents\/2017\/01\/p746-french.pdf\" target=\"_blank\" rel=\"noopener noreferrer\">Compression du sein et massage du sein<\/a><\/li>\n<li><a href=\"\/fr\/documents\/2017\/01\/p670french.pdf\/\" target=\"_blank\" rel=\"noopener noreferrer\">Allaitement des jumeaux<\/a><\/li>\n<\/ul>\n","protected":false},"excerpt":{"rendered":"<p>Nous vous encourageons fortement \u00e0 allaiter votre b\u00e9b\u00e9. Nous avons de nombreuses ressources pour vous aider \u00e0 apprendre \u00e0 bien le faire. Toutes nos infirmi\u00e8res ont re\u00e7u une formation sp\u00e9ciale en allaitement. Elles peuvent vous aider \u00e0 \u00a0placer votre b\u00e9b\u00e9 pour qu\u2019il (elle) s\u2019alimente bien. Votre infirmi\u00e8re, m\u00e9decin ou sage-femme peut aussi vous recommander \u00e0 [&hellip;]<\/p>\n","protected":false},"author":25,"featured_media":0,"parent":12117,"menu_order":5,"comment_status":"closed","ping_status":"closed","template":"","meta":{"_acf_changed":false,"_mc_calendar":[],"footnotes":""},"class_list":["post-12167","page","type-page","status-publish","hentry"],"acf":[],"wps_subtitle":"","_links":{"self":[{"href":"https:\/\/www.ottawahospital.on.ca\/fr\/wp-json\/wp\/v2\/pages\/12167","targetHints":{"allow":["GET"]}}],"collection":[{"href":"https:\/\/www.ottawahospital.on.ca\/fr\/wp-json\/wp\/v2\/pages"}],"about":[{"href":"https:\/\/www.ottawahospital.on.ca\/fr\/wp-json\/wp\/v2\/types\/page"}],"author":[{"embeddable":true,"href":"https:\/\/www.ottawahospital.on.ca\/fr\/wp-json\/wp\/v2\/users\/25"}],"replies":[{"embeddable":true,"href":"https:\/\/www.ottawahospital.on.ca\/fr\/wp-json\/wp\/v2\/comments?post=12167"}],"version-history":[{"count":0,"href":"https:\/\/www.ottawahospital.on.ca\/fr\/wp-json\/wp\/v2\/pages\/12167\/revisions"}],"up":[{"embeddable":true,"href":"https:\/\/www.ottawahospital.on.ca\/fr\/wp-json\/wp\/v2\/pages\/12117"}],"wp:attachment":[{"href":"https:\/\/www.ottawahospital.on.ca\/fr\/wp-json\/wp\/v2\/media?parent=12167"}],"curies":[{"name":"wp","href":"https:\/\/api.w.org\/{rel}","templated":true}]}}