{"id":12156,"date":"2016-12-01T15:50:56","date_gmt":"2016-12-01T20:50:56","guid":{"rendered":"http:\/\/52.229.122.34\/fr\/?page_id=12156"},"modified":"2024-12-23T09:47:22","modified_gmt":"2024-12-23T14:47:22","slug":"unites-maman-bebe","status":"publish","type":"page","link":"https:\/\/www.ottawahospital.on.ca\/fr\/services-cliniques\/deptpgrmcs\/departements\/obstetrique-gynecologie-et-soins-aux-nouveau-nes\/avoir-un-bebe\/information-au-sujet-de-la-naissance-de-votre-bebe-et-de-ses-soins\/unites-maman-bebe\/","title":{"rendered":"Unit\u00e9s maman-b\u00e9b\u00e9"},"content":{"rendered":"<p>Apr\u00e8s environ deux heures pass\u00e9es \u00e0 l\u2019Unit\u00e9 des naissances, vous et votre b\u00e9b\u00e9 serez transf\u00e9r\u00e9s \u00e0 l\u2019Unit\u00e9 maman-b\u00e9b\u00e9. Les Unit\u00e9s maman-b\u00e9b\u00e9 se trouvent au m\u00eame \u00e9tage que les Unit\u00e9s des naissances. Votre chambre peut avoir un, deux, trois ou quatre lits. Cela d\u00e9pendra de votre couverture d\u2019assurance et des lits disponibles \u00e0 ce moment-l\u00e0.<\/p>\n<p>L\u2019Unit\u00e9 maman-b\u00e9b\u00e9 est am\u00e9nag\u00e9e pour que vous appreniez comment prendre soin de votre b\u00e9b\u00e9. Vous aurez votre b\u00e9b\u00e9 avec vous 24 heures sur 24. M\u00eame \u00a0si votre b\u00e9b\u00e9 est avec vous tout le temps, cela ne veut pas dire que vous \u00eates seule pour en prendre soin. Les infirmi\u00e8res appuieront vous et votre famille durant toutes les nouvelles exp\u00e9riences de vos premiers jours ensemble. Les infirmi\u00e8res r\u00e9pondront \u00e0 vos questions, vous renseigneront et vous montreront comment prendre soin de votre b\u00e9b\u00e9. Elles vous aideront \u00e0 vous sentir en confiance de rentrer \u00e0 la maison avec votre nouveau b\u00e9b\u00e9.<\/p>\n<p>Les recherches d\u00e9montrent que c\u2019est bon pour les m\u00e8res et les b\u00e9b\u00e9s de rester ensemble parce que :<\/p>\n<ul>\n<li>les b\u00e9b\u00e9s pleurent moins<\/li>\n<li>les b\u00e9b\u00e9s sont moins stress\u00e9s<\/li>\n<li>les b\u00e9b\u00e9s et les mamans dorment mieux<\/li>\n<li>les mamans et les b\u00e9b\u00e9s apprennent mieux l\u2019allaitement<\/li>\n<li>le lait maternel est produit plus t\u00f4t<\/li>\n<li>les b\u00e9b\u00e9s sont nourris aussit\u00f4t qu\u2019ils montrent des signes de faim<\/li>\n<li>les femmes allaitent plus longtemps et r\u00e9ussissent mieux l\u2019allaitement<\/li>\n<li>les b\u00e9b\u00e9s prennent du poids plus rapidement<\/li>\n<li>les femmes se sentent plus en confiance de prendre soin de leur b\u00e9b\u00e9<\/li>\n<li>cela renforce le lien entre les parents et le b\u00e9b\u00e9<\/li>\n<\/ul>\n<p>Votre infirmi\u00e8re veillera sur vous et votre b\u00e9b\u00e9 ensemble. Chaque infirmi\u00e8re s\u2019occupe de plusieurs familles dans l\u2019Unit\u00e9 maman-b\u00e9b\u00e9 en m\u00eame temps. Si votre b\u00e9b\u00e9 a besoin de soins sp\u00e9ciaux que les infirmi\u00e8res ne peuvent donner dans votre chambre, elles d\u00e9placeront votre b\u00e9b\u00e9 dans une aire d\u2019observation. Quand votre b\u00e9b\u00e9 sera pr\u00eat, il ou elle retournera \u00e0 votre chambre.<\/p>\n<p>Renseignements pour le patient :<\/p>\n<ul>\n<li><a href=\"https:\/\/www.ottawahospital.on.ca\/en\/documents\/2024\/12\/cp-17-b-fr-2024-accessible-caring-for-yourself-after-a-vaginal-birth.pdf\/\" target=\"_blank\" rel=\"noopener\">Information \u00e0 l\u2019intention de la nouvelle maman et de sa famille Accouchement vaginal<\/a><\/li>\n<li><a href=\"https:\/\/www.ottawahospital.on.ca\/en\/documents\/2024\/12\/cp-18-b-fr-2024-accessible-caring-for-yourself-after-your-c-section.pdf\/\" target=\"_blank\" rel=\"noopener\">Information \u00e0 l\u2019intention de la nouvelle maman et de sa famille Accouchement par c\u00e9sarienne <\/a><\/li>\n<li><a href=\"\/fr\/documents\/2017\/01\/p856-french-april-2010.pdf\" target=\"_blank\" rel=\"noopener\">La deuxi\u00e8me nuit de b\u00e9b\u00e9<\/a><\/li>\n<li>Frais de circoncision d\u2019un nouveau-n\u00e9<\/li>\n<\/ul>\n","protected":false},"excerpt":{"rendered":"<p>Apr\u00e8s environ deux heures pass\u00e9es \u00e0 l\u2019Unit\u00e9 des naissances, vous et votre b\u00e9b\u00e9 serez transf\u00e9r\u00e9s \u00e0 l\u2019Unit\u00e9 maman-b\u00e9b\u00e9. Les Unit\u00e9s maman-b\u00e9b\u00e9 se trouvent au m\u00eame \u00e9tage que les Unit\u00e9s des naissances. Votre chambre peut avoir un, deux, trois ou quatre lits. Cela d\u00e9pendra de votre couverture d\u2019assurance et des lits disponibles \u00e0 ce moment-l\u00e0. L\u2019Unit\u00e9 [&hellip;]<\/p>\n","protected":false},"author":25,"featured_media":0,"parent":12117,"menu_order":4,"comment_status":"closed","ping_status":"closed","template":"","meta":{"_acf_changed":false,"_mc_calendar":[],"footnotes":""},"class_list":["post-12156","page","type-page","status-publish","hentry"],"acf":[],"wps_subtitle":"","_links":{"self":[{"href":"https:\/\/www.ottawahospital.on.ca\/fr\/wp-json\/wp\/v2\/pages\/12156","targetHints":{"allow":["GET"]}}],"collection":[{"href":"https:\/\/www.ottawahospital.on.ca\/fr\/wp-json\/wp\/v2\/pages"}],"about":[{"href":"https:\/\/www.ottawahospital.on.ca\/fr\/wp-json\/wp\/v2\/types\/page"}],"author":[{"embeddable":true,"href":"https:\/\/www.ottawahospital.on.ca\/fr\/wp-json\/wp\/v2\/users\/25"}],"replies":[{"embeddable":true,"href":"https:\/\/www.ottawahospital.on.ca\/fr\/wp-json\/wp\/v2\/comments?post=12156"}],"version-history":[{"count":0,"href":"https:\/\/www.ottawahospital.on.ca\/fr\/wp-json\/wp\/v2\/pages\/12156\/revisions"}],"up":[{"embeddable":true,"href":"https:\/\/www.ottawahospital.on.ca\/fr\/wp-json\/wp\/v2\/pages\/12117"}],"wp:attachment":[{"href":"https:\/\/www.ottawahospital.on.ca\/fr\/wp-json\/wp\/v2\/media?parent=12156"}],"curies":[{"name":"wp","href":"https:\/\/api.w.org\/{rel}","templated":true}]}}