{"id":12138,"date":"2016-12-01T15:42:42","date_gmt":"2016-12-01T20:42:42","guid":{"rendered":"http:\/\/52.229.122.34\/fr\/?page_id=12138"},"modified":"2025-03-13T15:15:28","modified_gmt":"2025-03-13T19:15:28","slug":"banque-publique-nationale-de-sang-du-cordon","status":"publish","type":"page","link":"https:\/\/www.ottawahospital.on.ca\/fr\/services-cliniques\/deptpgrmcs\/departements\/obstetrique-gynecologie-et-soins-aux-nouveau-nes\/avoir-un-bebe\/information-au-sujet-de-la-naissance-de-votre-bebe-et-de-ses-soins\/banque-publique-nationale-de-sang-du-cordon\/","title":{"rendered":"Banque de sang de cordon de la Soci\u00e9t\u00e9 canadienne du sang"},"content":{"rendered":"\n<p>Faire don du sang de cordon de son b\u00e9b\u00e9 est une d\u00e9cision importante.<\/p>\n\n\n\n<p>La Banque de sang de cordon de la Soci\u00e9t\u00e9 canadienne du sang encourage les parents en bonne sant\u00e9 accouchant dans l\u2019un des quatre h\u00f4pitaux participants \u00e0 donner le sang du cordon ombilical de leur b\u00e9b\u00e9. Comme le sang de cordon est destin\u00e9 \u00e0 une banque publique nationale, il est recueilli sans frais.<\/p>\n\n\n\n<p>Des centaines de personnes au Canada ont besoin d\u2019une greffe de cellules souches et celles qui n\u2019ont pas de donneur compatible dans leur famille doivent compter sur un donneur inconnu. Les cellules souches sont pr\u00e9lev\u00e9es de la moelle osseuse, du sang ou encore du sang du cordon ombilical des b\u00e9b\u00e9s. On les utilise pour traiter diverses maladies.<\/p>\n\n\n\n<p>La Banque pr\u00e9l\u00e8ve les cellules souches qui sont dans le sang ombilical et le placenta, les analyse, puis entrepose celles qui conviennent \u00e0 la greffe. Les cellules conserv\u00e9es serviront \u00e0 toute personne qui en aura besoin au Canada ou ailleurs dans le monde.<\/p>\n\n\n\n<h2 class=\"wp-block-heading\">Un nouveau-n\u00e9 surmonte une rare maladie h\u00e9r\u00e9ditaire gr\u00e2ce \u00e0 un don de sang de cordon<\/h2>\n\n\n\n<p>Alors qu\u2019elle \u00e9tait \u00e0 quatorze semaines de grossesse, Celia a appris que son deuxi\u00e8me enfant na\u00eetrait avec la m\u00eame maladie qui avait emport\u00e9 son premier-n\u00e9. Gr\u00e2ce \u00e0 la Banque de sang de cordon, Justin a re\u00e7u une greffe de cellules souches \u00e0 l\u2019\u00e2ge de trois semaines. Aujourd\u2019hui \u00e2g\u00e9 de quinze ans, il est en parfaite sant\u00e9 et vit sa vie d\u2019adolescent.<br><br>\u00ab\u2009Je pense souvent \u00e0 la personne qui a donn\u00e9 le sang de cordon qui m\u2019a sauv\u00e9 la vie et je sais que je ne la rencontrerai probablement jamais,\u2009\u00bb dit Justin, qui adore construire des personnages Pok\u00e9mon avec des blocs LEGO. \u00ab\u2009Je suis heureux d\u2019\u00eatre en vie, de pouvoir \u00eatre avec mes parents et voir comme le monde est beau.\u2009\u00bb<\/p>\n\n\n\n<p><a href=\"https:\/\/www.blood.ca\/fr\/nos-histoires\/quand-un-don-de-sang-de-cordon-ombilical-permet-de-sauver-un-nouveau-ne\">Lire l\u2019histoire de Celia et Justin<\/a><\/p>\n\n\n\n<h2 class=\"wp-block-heading\">O\u00f9 faire un don<\/h2>\n\n\n\n<p>La Banque de sang de cordon de la Soci\u00e9t\u00e9 canadienne du sang recueille le sang de cordon dans quatre h\u00f4pitaux\u00a0: L\u2019H\u00f4pital d\u2019Ottawa (campus G\u00e9n\u00e9ral); l\u2019H\u00f4pital Civic de Brampton, du Syst\u00e8me de sant\u00e9 William-Osler; l\u2019H\u00f4pital pour femmes Lois-Hole, \u00e0 Edmonton; et l\u2019H\u00f4pital BC Women\u2019s, \u00e0 Vancouver.<\/p>\n\n\n\n<h2 class=\"wp-block-heading\">Comment donner<\/h2>\n\n\n\n<p><a href=\"https:\/\/www.blood.ca\/fr\/cellules-souches-pour-la-vie\/donating-cord-blood\/cord-blood-questionnaire\"><strong>Inscrivez-vous en ligne<\/strong><\/a><strong>.<\/strong> <a><\/a>L\u2019H\u00f4pital d\u2019Ottawa faisant partie des quatre h\u00f4pitaux participants, les parents qui pr\u00e9voient y accoucher peuvent s\u2019inscrire au programme de don pour manifester leur intention de contribuer \u00e0 la banque publique de sang de cordon.<\/p>\n\n\n\n<p><strong>Avisez le personnel de l\u2019h\u00f4pital de votre intention de faire un don. <\/strong>Le jour de votre accouchement, avisez l\u2019\u00e9quipe soignante (infirmi\u00e8re\/sage-femme\/m\u00e9decin) de votre intention de donner le sang ombilical de votre b\u00e9b\u00e9 \u00e0 la Banque de sang de cordon de la Soci\u00e9t\u00e9 canadienne du sang. Le personnel responsable aura votre formulaire de consentement en dossier.<\/p>\n\n\n\n<p><strong>Donnez naissance \u00e0 votre b\u00e9b\u00e9. <\/strong>Une fois que vous aurez accouch\u00e9, le cordon ombilical et le placenta seront remis \u00e0 un membre du personnel de la Banque de sang de cordon \u00e0 l\u2019ext\u00e9rieur de la salle d\u2019accouchement. Le sang pr\u00e9lev\u00e9 sera ensuite analys\u00e9 pour d\u00e9terminer s\u2019il peut \u00eatre mis en banque.<\/p>\n\n\n\n<p>La collecte de sang de cordon est une proc\u00e9dure sans danger et sans douleur qui ne nuit en rien aux choix que font les parents pour l\u2019accouchement, notamment celui de retarder le clampage. Le sang de cordon est pr\u00e9lev\u00e9 apr\u00e8s la naissance du b\u00e9b\u00e9 et l\u2019expulsion du placenta.<\/p>\n\n\n\n<p>Si le sang de cordon de votre b\u00e9b\u00e9 r\u00e9pond aux crit\u00e8res de mise en banque, un membre du personnel infirmier viendra vous voir, avant votre d\u00e9part de l\u2019h\u00f4pital, pour vous faire signer un deuxi\u00e8me formulaire de consentement, remplir un questionnaire et faire une prise de sang.<\/p>\n\n\n\n<h2 class=\"wp-block-heading\">Services d\u2019interpr\u00e9tation et de traduction<\/h2>\n\n\n\n<p>Nous offrons des services gratuits d\u2019interpr\u00e9tation et de traduction par des professionnels agr\u00e9\u00e9s en arabe, en pendjabi et en chinois. Pour profiter de ces services et communiquer avec nous dans une langue autre que le fran\u00e7ais ou l\u2019anglais, vous devez en faire la demande \u00e0 <a href=\"mailto:%20cordblood@blood.ca\">cordblood@blood.ca<\/a>. \u00c0 noter que vous devez faire la demande six \u00e0 huit semaines avant la date pr\u00e9vue de votre accouchement pour que nous puissions avoir tous les formulaires requis en temps voulu.<\/p>\n\n\n\n<p>Pour en savoir plus, visitez <a href=\"https:\/\/www.blood.ca\/fr\/cellules-souches\/banque-de-sang-de-cordon\/quest-ce-que-le-sang-de-cordon\">sang.ca\/sang-de-cordon<\/a>.<\/p>\n","protected":false},"excerpt":{"rendered":"<p>Faire don du sang de cordon de son b\u00e9b\u00e9 est une d\u00e9cision importante. La Banque de sang de cordon de la Soci\u00e9t\u00e9 canadienne du sang encourage les parents en bonne sant\u00e9 accouchant dans l\u2019un des quatre h\u00f4pitaux participants \u00e0 donner le sang du cordon ombilical de leur b\u00e9b\u00e9. Comme le sang de cordon est destin\u00e9 [&hellip;]<\/p>\n","protected":false},"author":25,"featured_media":0,"parent":12117,"menu_order":3,"comment_status":"closed","ping_status":"closed","template":"","meta":{"_acf_changed":false,"_mc_calendar":[],"footnotes":""},"class_list":["post-12138","page","type-page","status-publish","hentry"],"acf":[],"wps_subtitle":"","_links":{"self":[{"href":"https:\/\/www.ottawahospital.on.ca\/fr\/wp-json\/wp\/v2\/pages\/12138","targetHints":{"allow":["GET"]}}],"collection":[{"href":"https:\/\/www.ottawahospital.on.ca\/fr\/wp-json\/wp\/v2\/pages"}],"about":[{"href":"https:\/\/www.ottawahospital.on.ca\/fr\/wp-json\/wp\/v2\/types\/page"}],"author":[{"embeddable":true,"href":"https:\/\/www.ottawahospital.on.ca\/fr\/wp-json\/wp\/v2\/users\/25"}],"replies":[{"embeddable":true,"href":"https:\/\/www.ottawahospital.on.ca\/fr\/wp-json\/wp\/v2\/comments?post=12138"}],"version-history":[{"count":0,"href":"https:\/\/www.ottawahospital.on.ca\/fr\/wp-json\/wp\/v2\/pages\/12138\/revisions"}],"up":[{"embeddable":true,"href":"https:\/\/www.ottawahospital.on.ca\/fr\/wp-json\/wp\/v2\/pages\/12117"}],"wp:attachment":[{"href":"https:\/\/www.ottawahospital.on.ca\/fr\/wp-json\/wp\/v2\/media?parent=12138"}],"curies":[{"name":"wp","href":"https:\/\/api.w.org\/{rel}","templated":true}]}}