{"id":12131,"date":"2016-12-01T15:38:58","date_gmt":"2016-12-01T20:38:58","guid":{"rendered":"http:\/\/52.229.122.34\/fr\/?page_id=12131"},"modified":"2016-12-01T15:38:58","modified_gmt":"2016-12-01T20:38:58","slug":"quest-ce-qui-se-passes-apres-larrivee-du-bebe","status":"publish","type":"page","link":"https:\/\/www.ottawahospital.on.ca\/fr\/services-cliniques\/deptpgrmcs\/departements\/obstetrique-gynecologie-et-soins-aux-nouveau-nes\/avoir-un-bebe\/information-au-sujet-de-la-naissance-de-votre-bebe-et-de-ses-soins\/unites-des-naissances\/quest-ce-qui-se-passes-apres-larrivee-du-bebe\/","title":{"rendered":"Qu\u2019est-ce qui se passes apr\u00e8s l\u2019arriv\u00e9e du b\u00e9b\u00e9"},"content":{"rendered":"<p>Vous resterez avec votre b\u00e9b\u00e9 dans l\u2019Unit\u00e9 des naissances pendant \u00e0 peu pr\u00e8s deux heures apr\u00e8s la naissance. C\u2019est le moment id\u00e9al de faire connaissance avec votre b\u00e9b\u00e9 et de l\u2019allaiter pour la premi\u00e8re fois. La m\u00e8re et le b\u00e9b\u00e9 recevront des bracelets d\u2019identit\u00e9 correspondants.<\/p>\n<p>La maman choisira une autre personne qui portera aussi un bracelet d\u2019identit\u00e9 correspondant.<\/p>\n<p>Chaque b\u00e9b\u00e9 re\u00e7oit un nombre d\u2019examens et de traitements. Ces proc\u00e9dures sont d\u00e9crites ci-apr\u00e8s.<\/p>\n<ul>\n<li>Les infirmi\u00e8res mettront un <em>onguent d\u2019\u00e9rythromycine <\/em>dans les yeux de votre b\u00e9b\u00e9 apr\u00e8s la naissance. Cet onguent pr\u00e9vient les infections. Cela est une exigence l\u00e9gale dans la province de l\u2019Ontario.<\/li>\n<li>Votre b\u00e9b\u00e9 recevra aussi une injection de vitamine K. La vitamine K aide le sang de votre b\u00e9b\u00e9 \u00e0 bien se coaguler.<\/li>\n<li>Nous prenons un petit \u00e9chantillon de sang de tous les nouveaux b\u00e9b\u00e9s. Cela est fait par une petite piq\u00fbre avec une aiguille sur le talon du b\u00e9b\u00e9. Le \u00a0sang est analys\u00e9 pour deux maladies appel\u00e9es ph\u00e9nylc\u00e9tonurie (PCU) et hypothyro\u00efdie. Nous avons besoin de d\u00e9pister ces maladies t\u00f4t. Cela \u00e9vite que les b\u00e9b\u00e9s aient des probl\u00e8mes graves plus tard. Nous \u00e9valuons tous les nouveaux b\u00e9b\u00e9s pour ces maladies avant qu\u2019ils re\u00e7oivent leur cong\u00e9 de l\u2019h\u00f4pital.<\/li>\n<\/ul>\n<p>Les nouveau-n\u00e9s qui sortent de l\u2019h\u00f4pital avant d\u2019avoir 24 heures devraient \u00eatre r\u00e9\u00e9valu\u00e9s dans les cinq jours suivant le cong\u00e9.\u00a0Nous vous donnerons des directives pour ce qui est des nouveaux examens.<\/p>\n<ul>\n<li>Nous v\u00e9rifions l\u2019ou\u00efe de chaque b\u00e9b\u00e9 avant son cong\u00e9 de l\u2019h\u00f4pital.<\/li>\n<\/ul>\n<p>Si vous voulez plus d\u2019information au sujet de ces examens, questionnez les m\u00e9decins ou infirmi\u00e8res. Il est important que vous compreniez pourquoi ces examens sont faits. Il est aussi important de vous assurer que tous les examens sont faits avant que vous quittiez l\u2019h\u00f4pital.<\/p>\n<p>Pour renseignements additionnels au sujet de d\u00e9pistage des nouveau-n\u00e9s s&rsquo;il vous pla\u00eet aller \u00e0 ce site <a href=\"https:\/\/www.newbornscreening.on.ca\/bins\/index.asp?lang=2\" target=\"_blank\">https:\/\/www.newbornscreening.on.ca<\/a><\/p>\n","protected":false},"excerpt":{"rendered":"<p>Vous resterez avec votre b\u00e9b\u00e9 dans l\u2019Unit\u00e9 des naissances pendant \u00e0 peu pr\u00e8s deux heures apr\u00e8s la naissance. C\u2019est le moment id\u00e9al de faire connaissance avec votre b\u00e9b\u00e9 et de l\u2019allaiter pour la premi\u00e8re fois. La m\u00e8re et le b\u00e9b\u00e9 recevront des bracelets d\u2019identit\u00e9 correspondants. La maman choisira une autre personne qui portera aussi un [&hellip;]<\/p>\n","protected":false},"author":25,"featured_media":0,"parent":12126,"menu_order":1,"comment_status":"closed","ping_status":"closed","template":"","meta":{"_acf_changed":false,"_mc_calendar":[],"footnotes":""},"class_list":["post-12131","page","type-page","status-publish","hentry"],"acf":[],"wps_subtitle":"","_links":{"self":[{"href":"https:\/\/www.ottawahospital.on.ca\/fr\/wp-json\/wp\/v2\/pages\/12131","targetHints":{"allow":["GET"]}}],"collection":[{"href":"https:\/\/www.ottawahospital.on.ca\/fr\/wp-json\/wp\/v2\/pages"}],"about":[{"href":"https:\/\/www.ottawahospital.on.ca\/fr\/wp-json\/wp\/v2\/types\/page"}],"author":[{"embeddable":true,"href":"https:\/\/www.ottawahospital.on.ca\/fr\/wp-json\/wp\/v2\/users\/25"}],"replies":[{"embeddable":true,"href":"https:\/\/www.ottawahospital.on.ca\/fr\/wp-json\/wp\/v2\/comments?post=12131"}],"version-history":[{"count":0,"href":"https:\/\/www.ottawahospital.on.ca\/fr\/wp-json\/wp\/v2\/pages\/12131\/revisions"}],"up":[{"embeddable":true,"href":"https:\/\/www.ottawahospital.on.ca\/fr\/wp-json\/wp\/v2\/pages\/12126"}],"wp:attachment":[{"href":"https:\/\/www.ottawahospital.on.ca\/fr\/wp-json\/wp\/v2\/media?parent=12131"}],"curies":[{"name":"wp","href":"https:\/\/api.w.org\/{rel}","templated":true}]}}