{"id":12126,"date":"2016-12-01T15:37:16","date_gmt":"2016-12-01T20:37:16","guid":{"rendered":"http:\/\/52.229.122.34\/fr\/?page_id=12126"},"modified":"2018-08-17T13:55:38","modified_gmt":"2018-08-17T17:55:38","slug":"unites-des-naissances","status":"publish","type":"page","link":"https:\/\/www.ottawahospital.on.ca\/fr\/services-cliniques\/deptpgrmcs\/departements\/obstetrique-gynecologie-et-soins-aux-nouveau-nes\/avoir-un-bebe\/information-au-sujet-de-la-naissance-de-votre-bebe-et-de-ses-soins\/unites-des-naissances\/","title":{"rendered":"Unit\u00e9s des naissances"},"content":{"rendered":"<p style=\"padding: 20px; border: 1px solid;\">Si vous avez besoin d&rsquo;aide imm\u00e9diate, vous pouvez entrer l&rsquo;h\u00f4pital par l&rsquo;entr\u00e9e du D\u00e9partement de l\u2019urgence. Si vous stationner devant le D\u00e9partement de l\u2019urgence, vous devez d\u00e9placer votre voiture imm\u00e9diatement apr\u00e8s avoir d\u00e9pos\u00e9 la patiente.<br \/>\nSi vous pensez que vous \u00eates en travail, ou si vous avez des questions ou des pr\u00e9occupations au sujet de votre grossesse, t\u00e9l\u00e9phoner \u00e0 l&rsquo;Unit\u00e9 d&rsquo;\u00e9valuation obst\u00e9tricale (Triage):<br \/>\nCampus G\u00e9n\u00e9ral : 613-737-8012<br \/>\nCampus Civic : 613-761-5112<br \/>\nLes infirmi\u00e8res sont disponibles 24 heures par jour pour r\u00e9pondre \u00e0 vos questions.<\/p>\n<p>Au <strong>Campus Civic<\/strong>, l\u2019Unit\u00e9 des naissances est au 4<sup>e <\/sup>\u00e9tage.<\/p>\n<p>Au <strong>Campus G\u00e9n\u00e9ral<\/strong>, l\u2019Unit\u00e9 des naissances est au 8<sup>e<\/sup> \u00e9tage.<\/p>\n<p>Nos chambres des naissances sont grandes, chaleureuses et confortables. Vous aurez votre propre chambre; alors ce sera intime et relaxant. Nous utilisons ce qu\u2019il y a de mieux en mati\u00e8re d\u2019\u00e9quipement et de technologie pour prendre soin de vous et de votre b\u00e9b\u00e9 durant le travail.<\/p>\n<p>Chaque chambre a sa propre salle de bain pourvue d\u2019une douche. Toutes les chambres ont des chaises \u00e0 dossier inclinable; votre partenaire ou la personne qui vous soutient peut s\u2019y d\u00e9tendre.<\/p>\n<p>La plupart des familles restent dans la m\u00eame chambre pour le travail, l&rsquo;accouchement et une br\u00e8ve p\u00e9riode apr\u00e8s la naissance.<\/p>\n<p>Votre partenaire ou la personne qui vous soutient peut rester avec vous durant le travail et l\u2019accouchement. Si vous avez besoin d\u2019une c\u00e9sarienne, vous pouvez avoir quelqu\u2019un qui reste avec vous si\u00a0votre m\u00e9decin et anesth\u00e9siologiste sont d\u2019accord.<\/p>\n<p>L\u2019Unit\u00e9 des naissances est am\u00e9nag\u00e9e pour les c\u00e9sariennes ou les accouchements compliqu\u00e9s.<\/p>\n","protected":false},"excerpt":{"rendered":"<p>Si vous avez besoin d&rsquo;aide imm\u00e9diate, vous pouvez entrer l&rsquo;h\u00f4pital par l&rsquo;entr\u00e9e du D\u00e9partement de l\u2019urgence. Si vous stationner devant le D\u00e9partement de l\u2019urgence, vous devez d\u00e9placer votre voiture imm\u00e9diatement apr\u00e8s avoir d\u00e9pos\u00e9 la patiente. Si vous pensez que vous \u00eates en travail, ou si vous avez des questions ou des pr\u00e9occupations au sujet de [&hellip;]<\/p>\n","protected":false},"author":25,"featured_media":0,"parent":12117,"menu_order":2,"comment_status":"closed","ping_status":"closed","template":"","meta":{"_acf_changed":false,"_mc_calendar":[],"footnotes":""},"class_list":["post-12126","page","type-page","status-publish","hentry"],"acf":[],"wps_subtitle":"","_links":{"self":[{"href":"https:\/\/www.ottawahospital.on.ca\/fr\/wp-json\/wp\/v2\/pages\/12126","targetHints":{"allow":["GET"]}}],"collection":[{"href":"https:\/\/www.ottawahospital.on.ca\/fr\/wp-json\/wp\/v2\/pages"}],"about":[{"href":"https:\/\/www.ottawahospital.on.ca\/fr\/wp-json\/wp\/v2\/types\/page"}],"author":[{"embeddable":true,"href":"https:\/\/www.ottawahospital.on.ca\/fr\/wp-json\/wp\/v2\/users\/25"}],"replies":[{"embeddable":true,"href":"https:\/\/www.ottawahospital.on.ca\/fr\/wp-json\/wp\/v2\/comments?post=12126"}],"version-history":[{"count":0,"href":"https:\/\/www.ottawahospital.on.ca\/fr\/wp-json\/wp\/v2\/pages\/12126\/revisions"}],"up":[{"embeddable":true,"href":"https:\/\/www.ottawahospital.on.ca\/fr\/wp-json\/wp\/v2\/pages\/12117"}],"wp:attachment":[{"href":"https:\/\/www.ottawahospital.on.ca\/fr\/wp-json\/wp\/v2\/media?parent=12126"}],"curies":[{"name":"wp","href":"https:\/\/api.w.org\/{rel}","templated":true}]}}