{"id":12122,"date":"2016-12-01T15:35:30","date_gmt":"2016-12-01T20:35:30","guid":{"rendered":"http:\/\/52.229.122.34\/fr\/?page_id=12122"},"modified":"2016-12-06T16:03:32","modified_gmt":"2016-12-06T21:03:32","slug":"camera-et-technologie","status":"publish","type":"page","link":"https:\/\/www.ottawahospital.on.ca\/fr\/services-cliniques\/deptpgrmcs\/departements\/obstetrique-gynecologie-et-soins-aux-nouveau-nes\/avoir-un-bebe\/information-au-sujet-de-la-naissance-de-votre-bebe-et-de-ses-soins\/camera-et-technologie\/","title":{"rendered":"Cam\u00e9ra et technologie"},"content":{"rendered":"<p>De nombreuses familles prennent des photos ou des vid\u00e9os de la naissance du b\u00e9b\u00e9. Parlez-en \u00e0 votre infirmi\u00e8re et \u00e0 votre m\u00e9decin si vous voulez utiliser une cam\u00e9ra. Vous pouvez prendre des photos aussi longtemps que cela ne d\u00e9range pas le personnel qui prend soin de la m\u00e8re et du b\u00e9b\u00e9. Le personnel peut vous demander d\u2019arr\u00eater de prendre des photos si cela interf\u00e8re avec son travail.<\/p>\n<p>Si vous voulez une photo des infirmi\u00e8res ou du m\u00e9decin, veuillez leur demander l\u2019autorisation<strong> AVANT <\/strong>de prendre des photos. Si vous avez l\u2019intention de publier vos photos sur un site Web, assurez-vous d\u2019abord que les infirmi\u00e8res et m\u00e9decins acceptent d\u2019avoir leurs photos sur votre site.<\/p>\n","protected":false},"excerpt":{"rendered":"<p>De nombreuses familles prennent des photos ou des vid\u00e9os de la naissance du b\u00e9b\u00e9. Parlez-en \u00e0 votre infirmi\u00e8re et \u00e0 votre m\u00e9decin si vous voulez utiliser une cam\u00e9ra. Vous pouvez prendre des photos aussi longtemps que cela ne d\u00e9range pas le personnel qui prend soin de la m\u00e8re et du b\u00e9b\u00e9. Le personnel peut vous [&hellip;]<\/p>\n","protected":false},"author":25,"featured_media":0,"parent":12117,"menu_order":1,"comment_status":"closed","ping_status":"closed","template":"","meta":{"_acf_changed":false,"_mc_calendar":[],"footnotes":""},"class_list":["post-12122","page","type-page","status-publish","hentry"],"acf":[],"wps_subtitle":"","_links":{"self":[{"href":"https:\/\/www.ottawahospital.on.ca\/fr\/wp-json\/wp\/v2\/pages\/12122","targetHints":{"allow":["GET"]}}],"collection":[{"href":"https:\/\/www.ottawahospital.on.ca\/fr\/wp-json\/wp\/v2\/pages"}],"about":[{"href":"https:\/\/www.ottawahospital.on.ca\/fr\/wp-json\/wp\/v2\/types\/page"}],"author":[{"embeddable":true,"href":"https:\/\/www.ottawahospital.on.ca\/fr\/wp-json\/wp\/v2\/users\/25"}],"replies":[{"embeddable":true,"href":"https:\/\/www.ottawahospital.on.ca\/fr\/wp-json\/wp\/v2\/comments?post=12122"}],"version-history":[{"count":0,"href":"https:\/\/www.ottawahospital.on.ca\/fr\/wp-json\/wp\/v2\/pages\/12122\/revisions"}],"up":[{"embeddable":true,"href":"https:\/\/www.ottawahospital.on.ca\/fr\/wp-json\/wp\/v2\/pages\/12117"}],"wp:attachment":[{"href":"https:\/\/www.ottawahospital.on.ca\/fr\/wp-json\/wp\/v2\/media?parent=12122"}],"curies":[{"name":"wp","href":"https:\/\/api.w.org\/{rel}","templated":true}]}}