{"id":12117,"date":"2016-12-01T15:33:51","date_gmt":"2016-12-01T20:33:51","guid":{"rendered":"http:\/\/52.229.122.34\/fr\/?page_id=12117"},"modified":"2016-12-01T15:33:51","modified_gmt":"2016-12-01T20:33:51","slug":"information-au-sujet-de-la-naissance-de-votre-bebe-et-de-ses-soins","status":"publish","type":"page","link":"https:\/\/www.ottawahospital.on.ca\/fr\/services-cliniques\/deptpgrmcs\/departements\/obstetrique-gynecologie-et-soins-aux-nouveau-nes\/avoir-un-bebe\/information-au-sujet-de-la-naissance-de-votre-bebe-et-de-ses-soins\/","title":{"rendered":"Information au sujet de la naissance de votre b\u00e9b\u00e9 et de ses soins"},"content":{"rendered":"<p>La naissance d\u2019un b\u00e9b\u00e9 marque l\u2019\u00e9largissement de la famille. C\u2019est un moment important dans votre vie, un moment qui changera les relations et les responsabilit\u00e9s de votre famille. \u00c0 l\u2019H\u00f4pital d\u2019Ottawa, nous reconnaissons l\u2019importance de ces changements. C\u2019est pourquoi nous nous effor\u00e7ons de cr\u00e9er un milieu qui voit \u00e0 votre plus grand confort physique et affectif, et qui vous permet d\u2019apprendre et de vivre pleinement l\u2019\u00e9volution de votre famille. Nous offrons des soins de fa\u00e7ons \u00e0 garder ensemble la m\u00e8re et le nouveau n\u00e9. Les soins au nouveau-n\u00e9 sont dispens\u00e9s au chevet de la m\u00e8re, 24 heures sur 24.<\/p>\n<p>Bien qu\u2019il soit habituellement agr\u00e9able de recevoir les f\u00e9licitations de visiteurs, les nouveaux parents ont besoins de m\u00e9nager leurs forces pour prendre soin d\u2019eux-m\u00eames et de leur b\u00e9b\u00e9. Quand vous vous pr\u00e9parez \u00e0 recevoir des visiteurs, rappelez-vous que vous ne resterez pas longtemps \u00e0 l\u2019h\u00f4pital. Profiter en pour apprendre! Notre personnel est \u00e0 votre disposition pour vous enseigner comment prendre soin de vous-m\u00eame et de votre b\u00e9b\u00e9.<\/p>\n","protected":false},"excerpt":{"rendered":"<p>La naissance d\u2019un b\u00e9b\u00e9 marque l\u2019\u00e9largissement de la famille. C\u2019est un moment important dans votre vie, un moment qui changera les relations et les responsabilit\u00e9s de votre famille. \u00c0 l\u2019H\u00f4pital d\u2019Ottawa, nous reconnaissons l\u2019importance de ces changements. C\u2019est pourquoi nous nous effor\u00e7ons de cr\u00e9er un milieu qui voit \u00e0 votre plus grand confort physique et [&hellip;]<\/p>\n","protected":false},"author":25,"featured_media":0,"parent":12082,"menu_order":5,"comment_status":"closed","ping_status":"closed","template":"","meta":{"_acf_changed":false,"_mc_calendar":[],"footnotes":""},"class_list":["post-12117","page","type-page","status-publish","hentry"],"acf":[],"wps_subtitle":"","_links":{"self":[{"href":"https:\/\/www.ottawahospital.on.ca\/fr\/wp-json\/wp\/v2\/pages\/12117","targetHints":{"allow":["GET"]}}],"collection":[{"href":"https:\/\/www.ottawahospital.on.ca\/fr\/wp-json\/wp\/v2\/pages"}],"about":[{"href":"https:\/\/www.ottawahospital.on.ca\/fr\/wp-json\/wp\/v2\/types\/page"}],"author":[{"embeddable":true,"href":"https:\/\/www.ottawahospital.on.ca\/fr\/wp-json\/wp\/v2\/users\/25"}],"replies":[{"embeddable":true,"href":"https:\/\/www.ottawahospital.on.ca\/fr\/wp-json\/wp\/v2\/comments?post=12117"}],"version-history":[{"count":0,"href":"https:\/\/www.ottawahospital.on.ca\/fr\/wp-json\/wp\/v2\/pages\/12117\/revisions"}],"up":[{"embeddable":true,"href":"https:\/\/www.ottawahospital.on.ca\/fr\/wp-json\/wp\/v2\/pages\/12082"}],"wp:attachment":[{"href":"https:\/\/www.ottawahospital.on.ca\/fr\/wp-json\/wp\/v2\/media?parent=12117"}],"curies":[{"name":"wp","href":"https:\/\/api.w.org\/{rel}","templated":true}]}}