{"id":12110,"date":"2016-12-01T15:31:52","date_gmt":"2016-12-01T20:31:52","guid":{"rendered":"http:\/\/52.229.122.34\/fr\/?page_id=12110"},"modified":"2020-12-22T15:01:13","modified_gmt":"2020-12-22T20:01:13","slug":"quand-vous-arrivez-a-lhopital","status":"publish","type":"page","link":"https:\/\/www.ottawahospital.on.ca\/fr\/services-cliniques\/deptpgrmcs\/departements\/obstetrique-gynecologie-et-soins-aux-nouveau-nes\/avoir-un-bebe\/quand-vous-arrivez-a-lhopital\/","title":{"rendered":"Quand vous arrivez \u00e0 l\u2019h\u00f4pital"},"content":{"rendered":"<h2>Information au sujet de l\u2019inscription<\/h2>\n<p>Quand vous arriverez pour avoir votre b\u00e9b\u00e9, vous terminerez votre inscription. Apportez votre carte-Sant\u00e9 <strong>valide<\/strong> de l\u2019Ontario et l\u2019information au sujet de toute assurance maladie que vous avez. Si vous n&rsquo;avez pas d&rsquo;assurance sant\u00e9 de l&rsquo;Ontario, vous allez devoir vous pr\u00e9senter au service des finances pour discuter \u00a0des options de paiement.<\/p>\n<h2>C\u00e9sarienne Pr\u00e9vue<\/h2>\n<p>Si vous avez une c\u00e9sarienne pr\u00e9vue, votre date de chirurgie sera r\u00e9serv\u00e9e en avance par votre m\u00e9decin. Vous serez admise \u00e0 l\u2019h\u00f4pital le jour de l accouchement par c\u00e9sarienne. Votre m\u00e9decin discutera avec vous des d\u00e9tails de votre admission.<\/p>\n<ul>\n<li><a href=\"\/fr\/documents\/2017\/01\/cp18d-fren-dec-2013.pdf\" target=\"_blank\" rel=\"noopener noreferrer\">Planification de votre accouchement par c\u00e9sarienne<\/a><\/li>\n<\/ul>\n<h2>Stationnement \u00e0 L&rsquo;H\u00f4pital d&rsquo;Ottawa<\/h2>\n<p>Vous devez payer le stationnement dans le parc de stationnement de l\u2019h\u00f4pital. Vous pouvez acheter des laissez-passer si vous restez plus de trois jours.<\/p>\n<p>O\u00f9 stationner :<\/p>\n<ul>\n<li>\u00a0Campus Civic : Vous pouvez stationner dans le garage de stationnement \u00e0 plusieurs \u00e9tages (P1), le parc de stationnement du Service de l\u2019urgence, ou le parc de stationnement de la rue Ruskin.<\/li>\n<li>Apr\u00e8s 23 h, entrez dans l\u2019h\u00f4pital par les portes du Service de l\u2019urgence.<\/li>\n<li>Campus G\u00e9n\u00e9ral : Vous pouvez stationner dans le garage de stationnement de plusieurs \u00e9tages.<\/li>\n<li>Apr\u00e8s 23 h 30, entrez dans l\u2019h\u00f4pital par les portes du Service de l\u2019urgence.<\/li>\n<\/ul>\n<p>Laissez-passer de stationnement :<\/p>\n<ul>\n<li>Campus Civic : Vous pouvez acheter des laissez-passer mensuels ou \u00e0 la quinzaine au garage de stationnement.<\/li>\n<li>Campus G\u00e9n\u00e9ral : Vous pouvez acheter des laissez-passer mensuels ou \u00e0 la semaine au bureau de l\u2019information dans le hall principal.<\/li>\n<\/ul>\n<p class=\"border-blue\"><strong>Stationnement en cas d\u2019urgence<\/strong><br \/>\nSi vous avez besoin d\u2019aide imm\u00e9diate, vous pouvez entrer dans l\u2019h\u00f4pital par l\u2019entr\u00e9e du Service de l\u2019urgence<strong>. <\/strong>Si vous stationnez devant le Service de l&rsquo;urgence, vous devez d\u00e9placer votre v\u00e9hicule tout de suite apr\u00e8s avoir laiss\u00e9 descendre la patiente.<\/p>\n<h2>Ce qu&rsquo;il faut apporter avec vous \u00e0 l&rsquo;H\u00f4pital<\/h2>\n<ul>\n<li>Chemises de nuit \/ pyjamas<\/li>\n<li>Sous-v\u00eatements &#8211; y compris soutien-gorge<\/li>\n<li>Chaussures antid\u00e9rapantes toilette (dentifrice, brosse \u00e0 dents, d\u00e9odorant, savon, shampoing, peigne, brosse \u00e0 cheveux, etc.)<\/li>\n<li>Un paquet de serviettes sanitaires (maxi)<\/li>\n<li>Coussinets d&rsquo;allaitement, si l&rsquo;allaitement maternel<\/li>\n<li>Couches<\/li>\n<li>Lingettes<\/li>\n<li>Si\u00e8ge d\u2019auto<\/li>\n<\/ul>\n<p>Autres choses<\/p>\n<ul>\n<li>S\u00e9choir \u00e0 cheveux s\u2019il est moins de 800 watts<\/li>\n<li>Un ordinateur portatif. Il ne peut pas \u00eatre branch\u00e9 au r\u00e9seau de l&rsquo;h\u00f4pital ou de la ligne t\u00e9l\u00e9phonique, mais vous pouvez acc\u00e9der \u00e0 notre r\u00e9seau Wi-Fi<\/li>\n<li>Vos propres oreillers<\/li>\n<li>Si vous souhaitez <a href=\"https:\/\/www.blood.ca\/fr\/cellules-souches\/don-de-sang-de-cordon\">donner le sang du cordon ombilical de votre enfant<\/a>, n\u2019oubliez pas d\u2019apporter le formulaire de consentement, <em>Autorisation de collecte de sang de cordon ombilical<\/em><strong>, sign\u00e9<\/strong>. Pour plus d\u2019informations.<\/li>\n<\/ul>\n<p>SVP ne pas apporter<\/p>\n<ul>\n<li>Des objets de valeur (y compris les bijoux)<\/li>\n<li>De grosses sommes d&rsquo;argent<\/li>\n<\/ul>\n<p class=\"border-blue\" style=\"text-align: center;\"><strong>L\u2019h\u00f4pital n\u2019est pas responsable de vos effets personnels<\/strong><\/p>\n<h2>MyChart<\/h2>\n<p>Vous attendez un b\u00e9b\u00e9. F\u00e9licitations!<\/p>\n<h3>La prochaine \u00e9tape<\/h3>\n<ol>\n<li>Communiquez avec le Service des admissions pour vous inscrire:\n<ul>\n<li>Campus G\u00e9n\u00e9ral : 613-737-8200<\/li>\n<li>Campus Civic : 613-761-4131<\/li>\n<\/ul>\n<\/li>\n<li>Cr\u00e9ez un compte<a href=\"https:\/\/www.ottawahospital.on.ca\/en\/patients-visitors\/mychart\/\">MyChart<\/a><\/li>\n<\/ol>\n<p>Durant votre grossesse, utilisez <a href=\"https:\/\/www.ottawahospital.on.ca\/en\/patients-visitors\/mychart\/\">MyChart<\/a> pour acc\u00e9der aux fonctions suivantes\u00a0:<\/p>\n<ul>\n<li>Questionnaire sur la sant\u00e9 maternelle<\/li>\n<li>Inscription \u00e0 des groupes de soutien<\/li>\n<li>Rendez-vous pr\u00e9vus<\/li>\n<li>R\u00e9sultats d\u2019analyses<\/li>\n<li>Documents de votre nouveau-n\u00e9, incluant la preuve de naissance<\/li>\n<li>Formulaire d\u2019autorisation du mandataire<\/li>\n<\/ul>\n<p>En cr\u00e9ant aussi un compte <a href=\"https:\/\/www.ottawahospital.on.ca\/en\/patients-visitors\/mychart\/\">MyChart<\/a>, votre partenaire pourra \u00e9galement consulter les renseignements sur la sant\u00e9 de votre b\u00e9b\u00e9.<\/p>\n<div class=\"callout-text-inner toh-green\">\n<p class=\"callout-text\">Faites vite! Inscrivez-vous aupr\u00e8s des Admissions et cr\u00e9ez un compte <a href=\"https:\/\/www.ottawahospital.on.ca\/en\/patients-visitors\/mychart\/\">MyChart<\/a> d\u00e8s que possible. Ces d\u00e9marches faciliteront la communication avec votre \u00e9quipe de soins et vous assureront la meilleure exp\u00e9rience possible pour votre accouchement.<\/p>\n<\/div>\n","protected":false},"excerpt":{"rendered":"<p>Information au sujet de l\u2019inscription Quand vous arriverez pour avoir votre b\u00e9b\u00e9, vous terminerez votre inscription. Apportez votre carte-Sant\u00e9 valide de l\u2019Ontario et l\u2019information au sujet de toute assurance maladie que vous avez. Si vous n&rsquo;avez pas d&rsquo;assurance sant\u00e9 de l&rsquo;Ontario, vous allez devoir vous pr\u00e9senter au service des finances pour discuter \u00a0des options de [&hellip;]<\/p>\n","protected":false},"author":25,"featured_media":0,"parent":12082,"menu_order":4,"comment_status":"closed","ping_status":"closed","template":"","meta":{"_acf_changed":false,"_mc_calendar":[],"footnotes":""},"class_list":["post-12110","page","type-page","status-publish","hentry"],"acf":[],"wps_subtitle":"","_links":{"self":[{"href":"https:\/\/www.ottawahospital.on.ca\/fr\/wp-json\/wp\/v2\/pages\/12110","targetHints":{"allow":["GET"]}}],"collection":[{"href":"https:\/\/www.ottawahospital.on.ca\/fr\/wp-json\/wp\/v2\/pages"}],"about":[{"href":"https:\/\/www.ottawahospital.on.ca\/fr\/wp-json\/wp\/v2\/types\/page"}],"author":[{"embeddable":true,"href":"https:\/\/www.ottawahospital.on.ca\/fr\/wp-json\/wp\/v2\/users\/25"}],"replies":[{"embeddable":true,"href":"https:\/\/www.ottawahospital.on.ca\/fr\/wp-json\/wp\/v2\/comments?post=12110"}],"version-history":[{"count":0,"href":"https:\/\/www.ottawahospital.on.ca\/fr\/wp-json\/wp\/v2\/pages\/12110\/revisions"}],"up":[{"embeddable":true,"href":"https:\/\/www.ottawahospital.on.ca\/fr\/wp-json\/wp\/v2\/pages\/12082"}],"wp:attachment":[{"href":"https:\/\/www.ottawahospital.on.ca\/fr\/wp-json\/wp\/v2\/media?parent=12110"}],"curies":[{"name":"wp","href":"https:\/\/api.w.org\/{rel}","templated":true}]}}