{"id":12102,"date":"2016-12-01T15:24:59","date_gmt":"2016-12-01T20:24:59","guid":{"rendered":"http:\/\/52.229.122.34\/fr\/?page_id=12102"},"modified":"2016-12-06T18:00:45","modified_gmt":"2016-12-06T23:00:45","slug":"que-faire-en-cas-durgence","status":"publish","type":"page","link":"https:\/\/www.ottawahospital.on.ca\/fr\/services-cliniques\/deptpgrmcs\/departements\/obstetrique-gynecologie-et-soins-aux-nouveau-nes\/avoir-un-bebe\/que-faire-en-cas-durgence\/","title":{"rendered":"Que faire en cas d\u2019urgence"},"content":{"rendered":"<p>Si vous ne pouvez pas joindre votre m\u00e9decin et avez besoin d\u2019aide au sujet de votre grossesse, appelez l\u2019Unit\u00e9 d\u2019\u00e9valuation obst\u00e9trique.<\/p>\n<p>Pour tout probl\u00e8me reli\u00e9 \u00e0 la grossesse:<\/p>\n<p>Si vous \u00eates<\/p>\n<p style=\"padding: 20px; border: 1px solid;\"><strong>Enceinte de moins de 20 semaines, allez au Service de l\u2019urgence<\/strong><\/p>\n<p>Si vous \u00eates<\/p>\n<p style=\"padding: 20px; border: 1px solid;\"><strong>enceinte de plus de 20 semaines, allez \u00e0 \u00a0L\u2019Unit\u00e9 d\u2019\u00e9valuation obst\u00e9triques<\/strong><\/p>\n<p>Si le probl\u00e8me n\u2019est pas au sujet de votre grossesse, allez dans une clinique sans rendez-vous ou au Service de l\u2019urgence.<\/p>\n<p>Si vous avez besoin d&rsquo;aide imm\u00e9diate, vous pouvez entrer l&rsquo;h\u00f4pital par l&rsquo;entr\u00e9e du D\u00e9partement de l\u2019urgence. Si vous stationner devant le D\u00e9partement de l\u2019urgence, vous devez d\u00e9placer votre voiture imm\u00e9diatement apr\u00e8s avoir d\u00e9pos\u00e9 la patiente.<\/p>\n<p>Si vous pensez que vous \u00eates en travail, ou si vous avez des questions ou des pr\u00e9occupations au sujet de votre grossesse, t\u00e9l\u00e9phoner \u00e0 l&rsquo;Unit\u00e9 d&rsquo;\u00e9valuation obst\u00e9tricale (Triage):<\/p>\n<p>Campus G\u00e9n\u00e9ral : 613-737-8012<br \/>\nCampus Civic : 613-761-5112<\/p>\n<p>Les infirmi\u00e8res sont disponibles 24 heures par jour pour r\u00e9pondre \u00e0 vos questions.<\/p>\n","protected":false},"excerpt":{"rendered":"<p>Si vous ne pouvez pas joindre votre m\u00e9decin et avez besoin d\u2019aide au sujet de votre grossesse, appelez l\u2019Unit\u00e9 d\u2019\u00e9valuation obst\u00e9trique. Pour tout probl\u00e8me reli\u00e9 \u00e0 la grossesse: Si vous \u00eates Enceinte de moins de 20 semaines, allez au Service de l\u2019urgence Si vous \u00eates enceinte de plus de 20 semaines, allez \u00e0 \u00a0L\u2019Unit\u00e9 d\u2019\u00e9valuation [&hellip;]<\/p>\n","protected":false},"author":25,"featured_media":0,"parent":12082,"menu_order":3,"comment_status":"closed","ping_status":"closed","template":"","meta":{"_acf_changed":false,"_mc_calendar":[],"footnotes":""},"class_list":["post-12102","page","type-page","status-publish","hentry"],"acf":[],"wps_subtitle":"","_links":{"self":[{"href":"https:\/\/www.ottawahospital.on.ca\/fr\/wp-json\/wp\/v2\/pages\/12102","targetHints":{"allow":["GET"]}}],"collection":[{"href":"https:\/\/www.ottawahospital.on.ca\/fr\/wp-json\/wp\/v2\/pages"}],"about":[{"href":"https:\/\/www.ottawahospital.on.ca\/fr\/wp-json\/wp\/v2\/types\/page"}],"author":[{"embeddable":true,"href":"https:\/\/www.ottawahospital.on.ca\/fr\/wp-json\/wp\/v2\/users\/25"}],"replies":[{"embeddable":true,"href":"https:\/\/www.ottawahospital.on.ca\/fr\/wp-json\/wp\/v2\/comments?post=12102"}],"version-history":[{"count":0,"href":"https:\/\/www.ottawahospital.on.ca\/fr\/wp-json\/wp\/v2\/pages\/12102\/revisions"}],"up":[{"embeddable":true,"href":"https:\/\/www.ottawahospital.on.ca\/fr\/wp-json\/wp\/v2\/pages\/12082"}],"wp:attachment":[{"href":"https:\/\/www.ottawahospital.on.ca\/fr\/wp-json\/wp\/v2\/media?parent=12102"}],"curies":[{"name":"wp","href":"https:\/\/api.w.org\/{rel}","templated":true}]}}