{"id":12094,"date":"2016-12-01T15:19:35","date_gmt":"2016-12-01T20:19:35","guid":{"rendered":"http:\/\/52.229.122.34\/fr\/?page_id=12094"},"modified":"2021-02-09T12:19:54","modified_gmt":"2021-02-09T17:19:54","slug":"clinique","status":"publish","type":"page","link":"https:\/\/www.ottawahospital.on.ca\/fr\/services-cliniques\/deptpgrmcs\/departements\/obstetrique-gynecologie-et-soins-aux-nouveau-nes\/avoir-un-bebe\/clinique\/","title":{"rendered":"Clinique"},"content":{"rendered":"<h2>Clinique \u00e0 bas risque<\/h2>\n<p>L&rsquo;unit\u00e9 de grossesse \u00e0 bas risque offre une gamme compl\u00e8te de soins pr\u00e9natals multi-disciplinaires aux femmes enceintes dans la r\u00e9gion d&rsquo;Ottawa.<\/p>\n<p>L&rsquo;H\u00f4pital d&rsquo;Ottawa &#8211; Campus G\u00e9n\u00e9ral<br \/>\n501 chemin Smyth, 8<sup>e<\/sup> \u00e9tage, Clinique 8421<br \/>\nT\u00e9l : 613-737-8552<br \/>\nT\u00e9l\u00e9 : 613-739-6292<\/p>\n<p>Si vous souhaitez r\u00e9f\u00e9rer une patiente, s&rsquo;il vous pla\u00eet <a href=\"\/fr\/documents\/2017\/01\/obgyn-referral.pdf\" target=\"_blank\" rel=\"noopener noreferrer\">remplir le formulaire,<span style=\"display: none;\"> pour r\u00e9f\u00e9rer une patiente<\/span><\/a> inclure toutes les informations pertinentes, et envoyer le tout par t\u00e9l\u00e9copieur au 613-739-6292<\/p>\n<h2>Clinique de Sante du Placenta<\/h2>\n<p><a href=\"\/fr\/services-cliniques\/deptpgrmcs\/cliniques-et-services\/clinique-de-sante-du-placenta\/\">La Clinique de Sante du Placenta<\/a> a \u00e9t\u00e9 \u00e9tablie pour assister les femmes ainsi que leurs m\u00e9decins\/sage femmes dans l\u2019identification et le traitement des maladies li\u00e9es au placenta, telles que le retard de croissance intra-ut\u00e9rin et la pr\u00e9eclampsie s\u00e9v\u00e8re. Notre clinique est compos\u00e9e d\u2019un groupe multidisciplinaire d\u2019experts qui offrent des services sp\u00e9cialis\u00e9s dans le contexte m\u00eame des maladies placentaires.<\/p>\n<p>Notre mission est d\u2019offrir des services d\u2019excellence quant \u00e0 la pr\u00e9vention et le traitement des maladies placentaires et ce, \u00e0 travers des soins bas\u00e9s sur l\u2019\u00e9vidence et la compassion et\u00a0 qui sont offerts par un groupe multidisciplinaire d\u2019experts. Nous nous engageons \u00e9galement \u00e0 continuer de tenter d\u2019am\u00e9liorer nos soins \u00e0 travers la recherche et l\u2019\u00e9ducation.<\/p>\n<p>La Clinique de Sante du Placenta est \u00e0 l\u2019H\u00f4pital d\u2019Ottawa, campus General (8ieme \u00e9tage) et vous pouvez nous rejoindre au 613-737-8595<\/p>\n<h2>Unit\u00e9 de grossesse pour adolescente Sainte-Marie<\/h2>\n<p>La clinique d&rsquo;obst\u00e9trique Sainte-Marie \u00a0offre un service pour les adolescentes \u00a0enceintes et les jeunes m\u00e8res dans la communaut\u00e9. Cette clinique multidisciplinaire offre des soins avant et apr\u00e8s l&rsquo;accouchement.<\/p>\n<p>Vous pouvez \u00eatre r\u00e9f\u00e9r\u00e9 par un m\u00e9decin, une infirmi\u00e8re practicienne ou une sage-femme en utilisant le formulaire ci-dessus ou vous pouvez t\u00e9l\u00e9phoner.<\/p>\n<p>La Maison Sainte-Marie<br \/>\n780 Rue de l\u2019\u00e9glise<br \/>\nT\u00e9l : 613-749-2491<br \/>\n<a href=\"https:\/\/stmaryshome.com\/?lang=fr\">Maison Sainte-Marie<\/a><\/p>\n<p>Ou<\/p>\n<p>L\u2019H\u00f4pital d\u2019Ottawa<br \/>\nT\u00e9l : 613-737-8552<br \/>\nT\u00e9l\u00e9 : 613-739-6292<\/p>\n<h2>M\u00e9decine materno-f\u0153tale\/ Unit\u00e9 de grossesse \u00e0 risque<\/h2>\n<p>Nos cliniques de grossesse \u00e0 risque offre \u00e0 la fois des consultations et des soins pr\u00e9nataux continus aux femmes dont la grossesse pr\u00e9sente des risques \u00e9lev\u00e9s. On offre \u00e9galement des consultations avant grossesse aux femmes souffrant de troubles m\u00e9dicaux ou ayant d\u00e9j\u00e0 connu des grossesses difficiles, afin de les aider \u00e0 faire un choix \u00e9clair\u00e9 quant \u00e0 une \u00e9ventuelle grossesse. Plusieurs intervenants participent \u00e0 l&rsquo;approche pr\u00e9conis\u00e9e par la clinique en mati\u00e8re de soins de sant\u00e9. L&rsquo;\u00e9quipe multidisciplinaire comprend des sp\u00e9cialistes en p\u00e9rinatalogie, des infirmi\u00e8res sp\u00e9cialis\u00e9es, des technologues sp\u00e9cialis\u00e9s en \u00e9chographie, une di\u00e9t\u00e9ticienne, une travailleuse sociale et une psychologue.<\/p>\n<p>Si vous souhaitez r\u00e9f\u00e9rer une patiente, s&rsquo;il vous pla\u00eet <a href=\"\/fr\/documents\/2017\/01\/mfm-referral-form_fre.pdf\" target=\"_blank\" rel=\"noopener noreferrer\">remplir le formulaire <span style=\"display: none;\"> pour r\u00e9f\u00e9rer une patiente<\/span><\/a>, inclure toutes les informations pertinentes, et envoyer le tout par t\u00e9l\u00e9copieur au 613-739-6292<\/p>\n<p>M\u00e9decine materno-foetale<br \/>\nL&rsquo;H\u00f4pital d&rsquo;Ottawa &#8211; Campus G\u00e9n\u00e9ral<br \/>\n501 chemin Smyth, 8e \u00e9tage, Clinique 8421<br \/>\nT\u00e9l : 613-737-8552<br \/>\nT\u00e9l\u00e9 : 613-739-6292<br \/>\n<a href=\"\/fr\/documents\/2017\/01\/mfm-referral-form_fre.pdf\" target=\"_blank\" rel=\"noopener noreferrer\">Demande de consultation<span style=\"display: none;\"> for la M\u00e9decine materno-foetale<\/span><\/a><\/p>\n<p>Si vous souhaitez r\u00e9f\u00e9rer une patiente, s&rsquo;il vous pla\u00eet\u00a0<a href=\"\/fr\/documents\/2017\/01\/high-risk-civic-referral-form-fr.pdf\" target=\"_blank\" rel=\"noopener noreferrer\">remplir le formulaire,<\/a> inclure toutes les informations pertinentes, et envoyer le tout par t\u00e9l\u00e9copieur au 613-761-5141<\/p>\n<p>Unit\u00e9 de grossesse \u00e0 risque Civic<br \/>\nL&rsquo;H\u00f4pital d&rsquo;Ottawa &#8211; Campus Civic<br \/>\n1053 ave Carling, 4<sup>e <\/sup>\u00e9tage<br \/>\nT\u00e9l : 613-761-4401<br \/>\nT\u00e9l\u00e9 : 613-761-5141<br \/>\n<a href=\"\/fr\/documents\/2017\/01\/high-risk-civic-referral-form-fr.pdf\" target=\"_blank\" rel=\"noopener noreferrer\">Demande de consultation<span style=\"display: none;\"> for l&rsquo;Unit\u00e9 de grossesse \u00e0 risque Civic<br \/>\n<\/span><\/a><\/p>\n<h2>Unit\u00e9 des soins sp\u00e9ciaux de la grossesse<\/h2>\n<p>L&rsquo;Unit\u00e9 sp\u00e9ciale de grossesse (SPU) est une clinique sp\u00e9cialis\u00e9e qui se concentre sur la sant\u00e9 des femmes qui anticipe une grossesse, sont enceinte ou postpartum. Le groupe de m\u00e9decins impliqu\u00e9s dans la prise en charge de ces femmes sont des sp\u00e9cialistes en obst\u00e9trique et m\u00e9decine interne.<\/p>\n<p>Cette unit\u00e9 s\u2019occupe des femmes dont l&rsquo;\u00e9tat de sant\u00e9 peut influencer la grossesse ou \u00eatre modifi\u00e9 par une grossesse. Les services s&rsquo;adressent surtout aux femmes qui souffrent de diab\u00e8te de type 1 ou 2, de diab\u00e8te gestationnel, d&rsquo;hypertension art\u00e9rielle, de saignement ou de coagulation, de troubles hormonaux (notamment de type thyro\u00efdien) ou encore d&rsquo;une maladie chronique qui doit \u00eatre trait\u00e9e \u00e0 l&rsquo;aide de m\u00e9dicaments.<\/p>\n<p>Le personnel de la clinique comprend une infirmi\u00e8re sp\u00e9cialiste du diab\u00e8te ainsi que d&rsquo;une di\u00e9t\u00e9ticienne avec une expertise dans les maladies li\u00e9es \u00e0 la grossesse.<\/p>\n<p>Vous devez \u00eatre <a href=\"\/fr\/documents\/2017\/01\/special-pregnancy-unit-referral-form.pdf\" target=\"_blank\" rel=\"noopener noreferrer\">r\u00e9f\u00e9r\u00e9<\/a> par un m\u00e9decin, une infirmi\u00e8re practicienne ou une sage-femme.<\/p>\n<p>L&rsquo;H\u00f4pital d&rsquo;Ottawa &#8211; Campus G\u00e9n\u00e9ral<br \/>\n501 chemin Smyth, 8<sup>e <\/sup>\u00e9tage, Clinique 8421<br \/>\nT\u00e9l : 613-737-8552<br \/>\nT\u00e9l\u00e9 : 613-739-6292<br \/>\n<a href=\"\/fr\/documents\/2017\/01\/special-pregnancy-unit-referral-form.pdf\" target=\"_blank\" rel=\"noopener noreferrer\">Demande de consultation<\/a><\/p>\n<h2>Les cliniques d&rsquo;\u00e9chographie<\/h2>\n<p>Les cliniques d&rsquo;\u00e9chographie du D\u00e9partement d&rsquo;obst\u00e9trique, gyn\u00e9cologie et soins aux nouveau-n\u00e9s offre des services diagnostiques de grande qualit\u00e9 aux femmes, qu&rsquo;elles soient enceintes ou non. Les cliniques jouient d&rsquo;une grande r\u00e9putation comme installations innovatrices, avec du mat\u00e9riel de pointe et un personnel pleinement accr\u00e9dit\u00e9. Les cliniques d&rsquo;\u00e9chographie ont \u00a0une accr\u00e9ditation compl\u00e8te de l&rsquo;American Institute of Ultrasound in Medicine.<\/p>\n<p>Le D\u00e9partement d\u2019obst\u00e9trique et gyn\u00e9cologie a une clinique d\u2019\u00e9chographie sur chaque site de L\u2019h\u00f4pital d\u2019Ottawa , le Campus G\u00e9n\u00e9ral, Civic et Riverside<\/p>\n<p><strong>Comment vous pr\u00e9parer pour l\u2019examen :<\/strong><\/p>\n<p>\u00c9chographies gyn\u00e9cologiques et obst\u00e9tricales avant 25 semaines de grossesse :<\/p>\n<ul>\n<li>Boire 750 mL de liquide clair une heure avant l\u2019examen (ne pas boire de lait)<\/li>\n<li>Ne pas uriner durant l\u2019heure qui pr\u00e9c\u00e8de l\u2019examen<\/li>\n<\/ul>\n<p>\u00c9chographies obst\u00e9tricales apr\u00e8s 25 semaines de grossesse :<\/p>\n<ul>\n<li>no preparation required\/ aucune pr\u00e9paration requise<\/li>\n<\/ul>\n<p>Si votre rendez-vous d&rsquo;\u00e9chographie n&rsquo;est pas organis\u00e9 par votre m\u00e9decin, vous pouvez contacter le bureau au 613-761-4227 ou par fax 613-739-6847 pour prendre rendez-vous.<\/p>\n<p>Si vous souhaitez modifier ou annuler votre rendez-vous, s&rsquo;il vous pla\u00eet communiquer avec le bureau moins de 48 heures en avance au 613-761-4227<\/p>\n<p><strong>Comment nous trouver<\/strong><\/p>\n<p>Campus G\u00e9n\u00e9ral, 8<sup>e<\/sup> \u00e9tage, salle 8429<br \/>\nCampus Civic, 4<sup>e<\/sup> \u00e9tage, section D<br \/>\nCampus Riverside, 7<sup>e<\/sup> \u00e9tage, Centre de sant\u00e9 pour les femmes Shirley E Greenberg<br \/>\n<a href=\"https:\/\/www.ottawahospital.on.ca\/fr\/documents\/2019\/03\/demande-dechographie-obs.pdf\" target=\"_blank\" rel=\"noopener noreferrer\">Demande d&rsquo;\u00e9chographie &#8211; Obs\/Gyn<\/a><\/p>\n<h2>Anesth\u00e9siologie<\/h2>\n<p>Notre <a href=\"\/fr\/services-cliniques\/deptpgrmcs\/departements\/anesthesiologie\/anesthesiologie-en-obstetrique\/\">D\u00e9partement d\u2019anesth\u00e9siologie<\/a> offre des consultations pour les femmes qui en ont besoin, en collaboration avec les unit\u00e9s des grossesses \u00e0 risque \u00e9lev\u00e9. Les m\u00e9decins de famille, les sages-femmes et les obst\u00e9triciens qui pratiquent \u00e0 L\u2019HO peuvent demander une consultation aupr\u00e8s d&rsquo;un anesth\u00e9siologiste. Il n\u2019est pas n\u00e9cessaire que la patiente vive une grossesse \u00e0 risque \u00e9lev\u00e9. Certaines femmes se posent plusieurs questions sur la fa\u00e7on dont nous pouvons les aider \u00e0 soulager leur douleur durant l&rsquo;accouchement ou ont v\u00e9cu une exp\u00e9rience difficile lors d&rsquo;un accouchement ant\u00e9rieur. Ces raisons sont suffisantes pour consulter un sp\u00e9cialiste. D\u2019autres femmes ont de lourds ant\u00e9c\u00e9dents m\u00e9dicaux, et nous devons les surveiller de pr\u00e8s, avec le reste de l\u2019\u00e9quipe d\u2019obst\u00e9trique, pour assurer leur bien-\u00eatre et celui de leur b\u00e9b\u00e9 durant l&rsquo;accouchement. Nous faisons beaucoup de planification en \u00e9quipe dans de tel cas.<\/p>\n<p>Vous devez \u00eatre r\u00e9f\u00e9r\u00e9 par un m\u00e9decin, une infirmi\u00e8re practicienne ou une sage-femme et inclure les formulaires pr\u00e9natals et les r\u00e9sultats de tests pertinents.<br \/>\nL&rsquo;H\u00f4pital d&rsquo;Ottawa &#8211; Campus G\u00e9n\u00e9ral<br \/>\n501 chemin Smyth, 8<sup>e<\/sup> \u00e9tage, Clinique 8421<br \/>\nT\u00e9l : 613-737-8552<br \/>\nT\u00e9l\u00e9 : 613-739-6292<br \/>\nL&rsquo;H\u00f4pital d&rsquo;Ottawa &#8211; Campus Civic<br \/>\n1053 ave Carling, 4<sup>e <\/sup>\u00e9tage<br \/>\nT\u00e9l : 613-761-4401<br \/>\nT\u00e9l\u00e9 : 613-761-5141<\/p>\n<h2>N\u00e9onatologie<\/h2>\n<p>La <a href=\"\/fr\/services-cliniques\/deptpgrmcs\/departements\/neonatologie\/\">Division de n\u00e9onatologie<\/a> de l\u2019H\u00f4pital d&rsquo;Ottawa offre une clinique de consultation pr\u00e9natale toutes les deux semaines, o\u00f9 les femmes portant un foetus ayant des besoins sp\u00e9ciaux sont vues avant l\u2019accouchement. Nous fournissons des conseils, de l&rsquo;\u00e9ducation et du soutien pour les couples, ainsi qu\u2019\u00e9tablissons un plan de soins post-natales qui prend en compte les besoins multidisciplinaires de l&rsquo;enfant (s).<\/p>\n<p>Vous devez \u00eatre r\u00e9f\u00e9r\u00e9 par un m\u00e9decin, une infirmi\u00e8re practicienne ou une sage-femme et inclure les formulaires pr\u00e9natals et les r\u00e9sultats de tests pertinents.<\/p>\n<p>L&rsquo;H\u00f4pital d&rsquo;Ottawa &#8211; Campus G\u00e9n\u00e9ral<br \/>\n501 chemin Smyth, 8<sup>e<\/sup> \u00e9tage, Clinique 8421<br \/>\nT\u00e9l : 613-737-8552<br \/>\nT\u00e9l\u00e9 : 613-739-6292<\/p>\n<p>L&rsquo;H\u00f4pital d&rsquo;Ottawa &#8211; Campus Civic<br \/>\n1053 ave Carling, 4<sup>e <\/sup>\u00e9tage, D4<br \/>\nT\u00e9l : 613-761-4401<br \/>\nT\u00e9l\u00e9 : 613-761-5141<\/p>\n","protected":false},"excerpt":{"rendered":"<p>Clinique \u00e0 bas risque L&rsquo;unit\u00e9 de grossesse \u00e0 bas risque offre une gamme compl\u00e8te de soins pr\u00e9natals multi-disciplinaires aux femmes enceintes dans la r\u00e9gion d&rsquo;Ottawa. L&rsquo;H\u00f4pital d&rsquo;Ottawa &#8211; Campus G\u00e9n\u00e9ral 501 chemin Smyth, 8e \u00e9tage, Clinique 8421 T\u00e9l : 613-737-8552 T\u00e9l\u00e9 : 613-739-6292 Si vous souhaitez r\u00e9f\u00e9rer une patiente, s&rsquo;il vous pla\u00eet remplir le formulaire, [&hellip;]<\/p>\n","protected":false},"author":25,"featured_media":0,"parent":12082,"menu_order":2,"comment_status":"closed","ping_status":"closed","template":"","meta":{"_acf_changed":false,"_mc_calendar":[],"footnotes":""},"class_list":["post-12094","page","type-page","status-publish","hentry"],"acf":[],"wps_subtitle":"","_links":{"self":[{"href":"https:\/\/www.ottawahospital.on.ca\/fr\/wp-json\/wp\/v2\/pages\/12094","targetHints":{"allow":["GET"]}}],"collection":[{"href":"https:\/\/www.ottawahospital.on.ca\/fr\/wp-json\/wp\/v2\/pages"}],"about":[{"href":"https:\/\/www.ottawahospital.on.ca\/fr\/wp-json\/wp\/v2\/types\/page"}],"author":[{"embeddable":true,"href":"https:\/\/www.ottawahospital.on.ca\/fr\/wp-json\/wp\/v2\/users\/25"}],"replies":[{"embeddable":true,"href":"https:\/\/www.ottawahospital.on.ca\/fr\/wp-json\/wp\/v2\/comments?post=12094"}],"version-history":[{"count":0,"href":"https:\/\/www.ottawahospital.on.ca\/fr\/wp-json\/wp\/v2\/pages\/12094\/revisions"}],"up":[{"embeddable":true,"href":"https:\/\/www.ottawahospital.on.ca\/fr\/wp-json\/wp\/v2\/pages\/12082"}],"wp:attachment":[{"href":"https:\/\/www.ottawahospital.on.ca\/fr\/wp-json\/wp\/v2\/media?parent=12094"}],"curies":[{"name":"wp","href":"https:\/\/api.w.org\/{rel}","templated":true}]}}