{"id":12082,"date":"2016-12-01T15:12:00","date_gmt":"2016-12-01T20:12:00","guid":{"rendered":"http:\/\/52.229.122.34\/fr\/?page_id=12082"},"modified":"2020-12-22T15:03:45","modified_gmt":"2020-12-22T20:03:45","slug":"avoir-un-bebe","status":"publish","type":"page","link":"https:\/\/www.ottawahospital.on.ca\/fr\/services-cliniques\/deptpgrmcs\/departements\/obstetrique-gynecologie-et-soins-aux-nouveau-nes\/avoir-un-bebe\/","title":{"rendered":"Avoir un b\u00e9b\u00e9"},"content":{"rendered":"<p>Nous sommes tr\u00e8s heureux de votre d\u00e9cision d\u2019avoir votre b\u00e9b\u00e9 \u00e0 notre h\u00f4pital. C\u2019est un privil\u00e8ge de partager votre exp\u00e9rience avec vous.<\/p>\n<p>Notre approche est centr\u00e9e sur la famille. Cela veut dire que nous essayons de vous donner le genre d\u2019exp\u00e9rience de la naissance que vous souhaitez. Nous respectons votre droit de prendre des d\u00e9cisions bas\u00e9es sur vos croyances et valeurs. Nous dispensons des soins personnels, de l\u2019enseignement et du soutien selon vos besoins et vos d\u00e9sirs.<\/p>\n<p>Nos buts sont les suivants:<\/p>\n<ul>\n<li>Vous aider durant votre grossesse, le travail et la naissance<\/li>\n<li>Fournir un environnement s\u00e9curitaire<\/li>\n<li>Vous aider dans les soins \u00e0 donner au nourrisson<\/li>\n<\/ul>\n<p>Les premiers jours avec votre b\u00e9b\u00e9 sont importants. Rester ensemble est la meilleure fa\u00e7on de vivre les premiers jours si pr\u00e9cieux de votre vie de famille. Nous voulons que vous ayez un bon d\u00e9part ensemble.<\/p>\n<h2>MyChart<\/h2>\n<p>Vous attendez un b\u00e9b\u00e9. F\u00e9licitations!<\/p>\n<h3>La prochaine \u00e9tape<\/h3>\n<ol>\n<li>Communiquez avec le Service des admissions pour vous inscrire:\n<ul>\n<li>Campus G\u00e9n\u00e9ral : 613-737-8200<\/li>\n<li>Campus Civic : 613-761-4131<\/li>\n<\/ul>\n<\/li>\n<li>Cr\u00e9ez un compte<a href=\"https:\/\/www.ottawahospital.on.ca\/en\/patients-visitors\/mychart\/\">MyChart<\/a><\/li>\n<\/ol>\n<p>Durant votre grossesse, utilisez <a href=\"https:\/\/www.ottawahospital.on.ca\/en\/patients-visitors\/mychart\/\">MyChart<\/a> pour acc\u00e9der aux fonctions suivantes\u00a0:<\/p>\n<ul>\n<li>Questionnaire sur la sant\u00e9 maternelle<\/li>\n<li>Inscription \u00e0 des groupes de soutien<\/li>\n<li>Rendez-vous pr\u00e9vus<\/li>\n<li>R\u00e9sultats d\u2019analyses<\/li>\n<li>Documents de votre nouveau-n\u00e9, incluant la preuve de naissance<\/li>\n<li>Formulaire d\u2019autorisation du mandataire<\/li>\n<\/ul>\n<p>En cr\u00e9ant aussi un compte <a href=\"https:\/\/www.ottawahospital.on.ca\/en\/patients-visitors\/mychart\/\">MyChart<\/a>, votre partenaire pourra \u00e9galement consulter les renseignements sur la sant\u00e9 de votre b\u00e9b\u00e9.<\/p>\n<div class=\"callout-text-inner toh-green\">\n<p class=\"callout-text\">Faites vite! Inscrivez-vous aupr\u00e8s des Admissions et cr\u00e9ez un compte <a href=\"https:\/\/www.ottawahospital.on.ca\/en\/patients-visitors\/mychart\/\">MyChart<\/a> d\u00e8s que possible. Ces d\u00e9marches faciliteront la communication avec votre \u00e9quipe de soins et vous assureront la meilleure exp\u00e9rience possible pour votre accouchement.<\/p>\n<\/div>\n","protected":false},"excerpt":{"rendered":"<p>Nous sommes tr\u00e8s heureux de votre d\u00e9cision d\u2019avoir votre b\u00e9b\u00e9 \u00e0 notre h\u00f4pital. C\u2019est un privil\u00e8ge de partager votre exp\u00e9rience avec vous. Notre approche est centr\u00e9e sur la famille. Cela veut dire que nous essayons de vous donner le genre d\u2019exp\u00e9rience de la naissance que vous souhaitez. Nous respectons votre droit de prendre des d\u00e9cisions [&hellip;]<\/p>\n","protected":false},"author":25,"featured_media":0,"parent":12078,"menu_order":1,"comment_status":"closed","ping_status":"closed","template":"","meta":{"_acf_changed":false,"_mc_calendar":[],"footnotes":""},"class_list":["post-12082","page","type-page","status-publish","hentry"],"acf":[],"wps_subtitle":"","_links":{"self":[{"href":"https:\/\/www.ottawahospital.on.ca\/fr\/wp-json\/wp\/v2\/pages\/12082","targetHints":{"allow":["GET"]}}],"collection":[{"href":"https:\/\/www.ottawahospital.on.ca\/fr\/wp-json\/wp\/v2\/pages"}],"about":[{"href":"https:\/\/www.ottawahospital.on.ca\/fr\/wp-json\/wp\/v2\/types\/page"}],"author":[{"embeddable":true,"href":"https:\/\/www.ottawahospital.on.ca\/fr\/wp-json\/wp\/v2\/users\/25"}],"replies":[{"embeddable":true,"href":"https:\/\/www.ottawahospital.on.ca\/fr\/wp-json\/wp\/v2\/comments?post=12082"}],"version-history":[{"count":0,"href":"https:\/\/www.ottawahospital.on.ca\/fr\/wp-json\/wp\/v2\/pages\/12082\/revisions"}],"up":[{"embeddable":true,"href":"https:\/\/www.ottawahospital.on.ca\/fr\/wp-json\/wp\/v2\/pages\/12078"}],"wp:attachment":[{"href":"https:\/\/www.ottawahospital.on.ca\/fr\/wp-json\/wp\/v2\/media?parent=12082"}],"curies":[{"name":"wp","href":"https:\/\/api.w.org\/{rel}","templated":true}]}}