{"id":12078,"date":"2016-12-01T15:09:01","date_gmt":"2016-12-01T20:09:01","guid":{"rendered":"http:\/\/52.229.122.34\/fr\/?page_id=12078"},"modified":"2025-01-21T09:14:25","modified_gmt":"2025-01-21T14:14:25","slug":"obstetrique-gynecologie-et-soins-aux-nouveau-nes","status":"publish","type":"page","link":"https:\/\/www.ottawahospital.on.ca\/fr\/services-cliniques\/deptpgrmcs\/departements\/obstetrique-gynecologie-et-soins-aux-nouveau-nes\/","title":{"rendered":"Obst\u00e9trique, Gyn\u00e9cologie et Soins aux nouveau-n\u00e9s"},"content":{"rendered":"<p>Bienvenue au D\u00e9partement d\u2019obst\u00e9trique, de gyn\u00e9cologie et de soins aux nouveau-n\u00e9s de L\u2019H\u00f4pital d\u2019Ottawa et au D\u00e9partement d\u2019obst\u00e9trique et de gyn\u00e9cologie de l\u2019Universit\u00e9 d\u2019Ottawa.<\/p>\n<p>Nous fournissons un vaste \u00e9ventail de services cliniques li\u00e9s \u00e0 la grossesse, l\u2019accouchement, les soins aux nouveau-n\u00e9s, la gyn\u00e9cologie, l\u2019oncologie\u00a0 gyn\u00e9cologique, la chirurgie minimalement invasive, les troubles du p\u00e9rin\u00e9e et les probl\u00e8mes de sant\u00e9 des femmes.<\/p>\n<p>Nous offrons ces services aux patients hospitalis\u00e9s et aux patients externes aux campus Civic, G\u00e9n\u00e9ral et Riverside<\/p>\n<p><a href=\"https:\/\/recalls-rappels.canada.ca\/fr\/avis-rappel\/penurie-preparations-pour-nourrissons-souffrant-allergies-alimentaires-ce-que-vous\"><strong>Information pour les familles portant sur la p\u00e9nurie de pr\u00e9parations pour nourrissons souffrant d&rsquo;allergies alimentaires<\/strong><\/a><\/p>\n","protected":false},"excerpt":{"rendered":"<p>Bienvenue au D\u00e9partement d\u2019obst\u00e9trique, de gyn\u00e9cologie et de soins aux nouveau-n\u00e9s de L\u2019H\u00f4pital d\u2019Ottawa et au D\u00e9partement d\u2019obst\u00e9trique et de gyn\u00e9cologie de l\u2019Universit\u00e9 d\u2019Ottawa. Nous fournissons un vaste \u00e9ventail de services cliniques li\u00e9s \u00e0 la grossesse, l\u2019accouchement, les soins aux nouveau-n\u00e9s, la gyn\u00e9cologie, l\u2019oncologie\u00a0 gyn\u00e9cologique, la chirurgie minimalement invasive, les troubles du p\u00e9rin\u00e9e et les [&hellip;]<\/p>\n","protected":false},"author":25,"featured_media":0,"parent":7868,"menu_order":16,"comment_status":"closed","ping_status":"closed","template":"","meta":{"_acf_changed":false,"_mc_calendar":[],"footnotes":""},"class_list":["post-12078","page","type-page","status-publish","hentry"],"acf":[],"wps_subtitle":"","_links":{"self":[{"href":"https:\/\/www.ottawahospital.on.ca\/fr\/wp-json\/wp\/v2\/pages\/12078","targetHints":{"allow":["GET"]}}],"collection":[{"href":"https:\/\/www.ottawahospital.on.ca\/fr\/wp-json\/wp\/v2\/pages"}],"about":[{"href":"https:\/\/www.ottawahospital.on.ca\/fr\/wp-json\/wp\/v2\/types\/page"}],"author":[{"embeddable":true,"href":"https:\/\/www.ottawahospital.on.ca\/fr\/wp-json\/wp\/v2\/users\/25"}],"replies":[{"embeddable":true,"href":"https:\/\/www.ottawahospital.on.ca\/fr\/wp-json\/wp\/v2\/comments?post=12078"}],"version-history":[{"count":0,"href":"https:\/\/www.ottawahospital.on.ca\/fr\/wp-json\/wp\/v2\/pages\/12078\/revisions"}],"up":[{"embeddable":true,"href":"https:\/\/www.ottawahospital.on.ca\/fr\/wp-json\/wp\/v2\/pages\/7868"}],"wp:attachment":[{"href":"https:\/\/www.ottawahospital.on.ca\/fr\/wp-json\/wp\/v2\/media?parent=12078"}],"curies":[{"name":"wp","href":"https:\/\/api.w.org\/{rel}","templated":true}]}}