{"id":12017,"date":"2016-12-01T13:41:15","date_gmt":"2016-12-01T18:41:15","guid":{"rendered":"http:\/\/52.229.122.34\/fr\/?page_id=12017"},"modified":"2020-04-03T11:45:49","modified_gmt":"2020-04-03T15:45:49","slug":"recherche","status":"publish","type":"page","link":"https:\/\/www.ottawahospital.on.ca\/fr\/services-cliniques\/deptpgrmcs\/departements\/pharmacie\/recherche\/","title":{"rendered":"Recherche"},"content":{"rendered":"<h2>Unit\u00e9 de recherche sur les r\u00e9sultats du traitement m\u00e9dicamenteux<\/h2>\n<p>L&rsquo;unit\u00e9 de recherche sur les r\u00e9sultats du traitement m\u00e9dicamenteux est un programme autofinanc\u00e9 du Campus G\u00e9n\u00e9ral ax\u00e9 sur l&rsquo;analyse des r\u00e9sultats du traitement m\u00e9dicamenteux et de la recherche en pharmaco\u00e9conomie. Pour plus de renseignements, veuillez communiquer avec nous au 613-737-8161.<\/p>\n<h2>Unit\u00e9 d&rsquo;enqu\u00eate clinique<\/h2>\n<p>Les activit\u00e9s de l&rsquo;unit\u00e9 d&rsquo;enqu\u00eate clinique de 12 lits du Campus G\u00e9n\u00e9ral portent sur la recherche pharmacocin\u00e9tique clinique, qu&rsquo;il s&rsquo;agisse des \u00e9tudes de la phase I \u00e0 la phase IV chez des b\u00e9n\u00e9voles en sant\u00e9 ou des patients ou encore des recherches en pharmacocin\u00e9tique et en pharmacodynamique, notamment de la pharmacoth\u00e9rapie relative \u00e0 l&rsquo;infection par le VIH. Le coordonnateur de l&rsquo;unit\u00e9, le D<sup>r <\/sup>Charles laPorte, est affect\u00e9 au d\u00e9partement de la pharmacie et \u00e0 la division des maladies infectieuses. On peut le joindre au 613-737-8304.<\/p>\n","protected":false},"excerpt":{"rendered":"<p>Unit\u00e9 de recherche sur les r\u00e9sultats du traitement m\u00e9dicamenteux L&rsquo;unit\u00e9 de recherche sur les r\u00e9sultats du traitement m\u00e9dicamenteux est un programme autofinanc\u00e9 du Campus G\u00e9n\u00e9ral ax\u00e9 sur l&rsquo;analyse des r\u00e9sultats du traitement m\u00e9dicamenteux et de la recherche en pharmaco\u00e9conomie. Pour plus de renseignements, veuillez communiquer avec nous au 613-737-8161. Unit\u00e9 d&rsquo;enqu\u00eate clinique Les activit\u00e9s de [&hellip;]<\/p>\n","protected":false},"author":25,"featured_media":0,"parent":11994,"menu_order":4,"comment_status":"closed","ping_status":"closed","template":"","meta":{"_acf_changed":false,"_mc_calendar":[],"footnotes":""},"class_list":["post-12017","page","type-page","status-publish","hentry"],"acf":[],"wps_subtitle":"","_links":{"self":[{"href":"https:\/\/www.ottawahospital.on.ca\/fr\/wp-json\/wp\/v2\/pages\/12017","targetHints":{"allow":["GET"]}}],"collection":[{"href":"https:\/\/www.ottawahospital.on.ca\/fr\/wp-json\/wp\/v2\/pages"}],"about":[{"href":"https:\/\/www.ottawahospital.on.ca\/fr\/wp-json\/wp\/v2\/types\/page"}],"author":[{"embeddable":true,"href":"https:\/\/www.ottawahospital.on.ca\/fr\/wp-json\/wp\/v2\/users\/25"}],"replies":[{"embeddable":true,"href":"https:\/\/www.ottawahospital.on.ca\/fr\/wp-json\/wp\/v2\/comments?post=12017"}],"version-history":[{"count":0,"href":"https:\/\/www.ottawahospital.on.ca\/fr\/wp-json\/wp\/v2\/pages\/12017\/revisions"}],"up":[{"embeddable":true,"href":"https:\/\/www.ottawahospital.on.ca\/fr\/wp-json\/wp\/v2\/pages\/11994"}],"wp:attachment":[{"href":"https:\/\/www.ottawahospital.on.ca\/fr\/wp-json\/wp\/v2\/media?parent=12017"}],"curies":[{"name":"wp","href":"https:\/\/api.w.org\/{rel}","templated":true}]}}