{"id":12010,"date":"2016-12-01T13:38:00","date_gmt":"2016-12-01T18:38:00","guid":{"rendered":"http:\/\/52.229.122.34\/fr\/?page_id=12010"},"modified":"2024-06-11T09:20:50","modified_gmt":"2024-06-11T13:20:50","slug":"service-dinformation-pharmacotherapeutique","status":"publish","type":"page","link":"https:\/\/www.ottawahospital.on.ca\/fr\/services-cliniques\/deptpgrmcs\/departements\/pharmacie\/service-dinformation-pharmacotherapeutique\/","title":{"rendered":"Service d&rsquo;information pharmacoth\u00e9rapeutique"},"content":{"rendered":"<p>Le Service d&rsquo;information pharmacoth\u00e9rapeutique de L&rsquo;H\u00f4pital d&rsquo;Ottawa constitue l&rsquo;une des composantes du d\u00e9partement de la pharmacie. Il r\u00e9pond non seulement aux demandes de renseignements du personnel hospitalier, mais aussi aux questions des m\u00e9decins, des pharmaciens, des techniciens en pharmacie, du personnel infirmier et des professionnels de la sant\u00e9 en formation.<\/p>\n<p>Les services bilingues sont fournis par des pharmaciens, qui se consacrent \u00e0 cette sp\u00e9cialit\u00e9 et sont engag\u00e9es dans des activit\u00e9s de pharmacie clinique et de formation. Cinq pharmaciens r\u00e9sidents sont affect\u00e9s au service par rotation obligatoire pour une dur\u00e9e de quatre semaines au d\u00e9but de leur formation.<\/p>\n<p><strong>Le Service r\u00e9gional d&rsquo;information pharmacoth\u00e9rapeutique de l&rsquo;Outaouais (SRIPO) <\/strong>est situ\u00e9 \u00e0 L&rsquo;H\u00f4pital d&rsquo;Ottawa &#8211; Campus G\u00e9n\u00e9ral\u00a0 et il partage les ressources, les locaux et le personnel du service d&rsquo;information pharmacoth\u00e9rapeutique de l&rsquo;H\u00f4pital. Le SRIPO est g\u00e9r\u00e9 par L&rsquo;H\u00f4pital d&rsquo;Ottawa. Le programme d&rsquo;appr\u00e9ciation de la qualit\u00e9 comprend des sondages sur la satisfaction des utilisateurs; il fait partie int\u00e9grante du Service et en assure l&rsquo;excellence. Les services bilingues sont fournis par des pharmaciennes sp\u00e9cialis\u00e9es en information pharmacoth\u00e9rapeutique et impliqu\u00e9(e)s en pharmacie clinique.<\/p>\n<p>Les services sont fournis aux pharmacien(ne)s d&rsquo;h\u00f4pitaux, aux pharmacien(ne)s communautaires, aux organisations professionnelles ou gouvernementales qui s&rsquo;abonnent au Service. Notre but est d&rsquo;aider les pharmaciens \u00e0 remplir leur r\u00f4le clinicien, d&rsquo;\u00e9ducateur, de gestionnaire et de professionnel de la sant\u00e9 fournissant de l&rsquo;information pharmacoth\u00e9rapeutiques. Dans le cadre de ce mandat, le SRIPO a amass\u00e9 et maintien une liste importante de <a href=\"https:\/\/rxinfo.ca\/fr\/resources\" target=\"_blank\" rel=\"noopener noreferrer\">liens \u00e9lectroniques vers les sites web<\/a> d&rsquo;autres centres d&rsquo;information \u00e0 travers le monde.<\/p>\n<h2>Publications<\/h2>\n<ul>\n<li>Trucs et Tendances Th\u00e9rapeutiques ( 8 num\u00e9ros par ann\u00e9e)<\/li>\n<li>Aborde un sujet pharmacoth\u00e9rapeutique tel qu\u2019une nouvelle classe de m\u00e9dicaments, une nouvelle utilisation pour un m\u00e9dicament ou une classe de m\u00e9dicament.<\/li>\n<li>Manuel sur la pharmacoth\u00e9rapie parent\u00e9rale<\/li>\n<li>Publi\u00e9 annuellement en fran\u00e7ais et en anglais, ce manuel est con\u00e7u pour fournir toute l\u2019information essentielle sur l\u2019administration parent\u00e9rale des m\u00e9dicaments.<\/li>\n<\/ul>\n<h2>Services<\/h2>\n<p><strong>Service de questions et r\u00e9ponses<br \/><\/strong>Nos ressources et notre expertise nous permettent de r\u00e9pondre aux questions concernant l&rsquo;identification de m\u00e9dicaments et leur disponibilit\u00e9, l&rsquo;administration, l&rsquo;usage th\u00e9rapeutique, les effets secondaires, la pharmacocin\u00e9tique, les interactions et la pr\u00e9paration magistrale de m\u00e9dicaments, et la gestion en pharmacie.<\/p>\n<p><strong>Heures de d&rsquo;affaires<\/strong><br \/>De 8 h 30 \u00e0 17 h du lundi au vendredi (sauf les jours f\u00e9ri\u00e9s) avec un service d&rsquo;appel pour questions urgentes en dehors des heures r\u00e9guli\u00e8res.<\/p>\n<p><strong>Acc\u00e8s au service<br \/><\/strong>Le service est accessible aux membres du SRIPO seulement.<\/p>\n<h2>Frais d&rsquo;abonnements<\/h2>\n<div class=\"table-responsive\">\n<table class=\"table-bordered table\" title=\"Frais d'abonnements du Pharmacie\"><caption class=\"hidecontent\">Frais d&rsquo;abonnements du Pharmacie<\/caption>\n<tbody>\n<tr>\n<th style=\"text-align: center;\"><strong>Service<\/strong><\/th>\n<th style=\"text-align: center;\"><strong>Client<\/strong><\/th>\n<th style=\"text-align: center;\">Co\u00fbt<\/th>\n<\/tr>\n<tr>\n<td rowspan=\"4\"><strong>Questions et r\u00e9ponses et publications Trucs et Tendances Th\u00e9rapeutiques(aucune taxe applicable)<\/strong><\/td>\n<td>Pharmacies communautaires<\/td>\n<td>610 $ par ann\u00e9e<\/td>\n<\/tr>\n<tr>\n<td>Pharmacien communautaires<br \/>(abonnement individuel)<\/td>\n<td>\n<p>\u00c0 partir de 525\u00a0$ par ann\u00e9e<\/p>\n<\/td>\n<\/tr>\n<tr>\n<td>\u00a0<\/td>\n<td>\u00a0<\/td>\n<\/tr>\n<tr>\n<td>H\u00f4pitaux<\/td>\n<td>Prix variable &#8211; contactez<br \/><a href=\"mailto:druginformation@lho.ca\">Information pharmacoth\u00e9rapeutique<\/a><\/td>\n<\/tr>\n<tr>\n<td><strong>Publications Trucs et Tendances Th\u00e9rapeutiques seulement<\/strong><\/td>\n<td>\u00a0<\/td>\n<td>$200 $\u00a0 par ann\u00e9e<\/td>\n<\/tr>\n<\/tbody>\n<\/table>\n<\/div>\n<h2>Personnel<\/h2>\n\n\n<figure class=\"wp-block-table\"><table><tbody><tr><td><strong>Campus G\u00e9n\u00e9ral<\/strong><\/td><\/tr><tr><td>Mirella Giudice, B.Sc.Pharm., ACPR<\/td><\/tr><tr><td>Dina MacLeod, B.Sc.Pharm., ACPR<\/td><\/tr><tr><td>Elisa Basile, RPh, B.Sc., D. Pharm.<\/td><\/tr><tr><td>Christine Weatherston, B.Sc.Pharm., ACPR<\/td><\/tr><tr><td>Nathalie Gr\u00e9goire, B.Pharm.<\/td><\/tr><tr><td>Vanessa Nzeribe, B.Sc., D. Pharm., RPh<\/td><\/tr><tr><td>Val\u00e9rie Pr\u00e9vost, Administrateur SRIPO<\/td><\/tr><\/tbody><\/table><\/figure>\n","protected":false},"excerpt":{"rendered":"<p>Le Service d&rsquo;information pharmacoth\u00e9rapeutique de L&rsquo;H\u00f4pital d&rsquo;Ottawa constitue l&rsquo;une des composantes du d\u00e9partement de la pharmacie. Il r\u00e9pond non seulement aux demandes de renseignements du personnel hospitalier, mais aussi aux questions des m\u00e9decins, des pharmaciens, des techniciens en pharmacie, du personnel infirmier et des professionnels de la sant\u00e9 en formation. Les services bilingues sont fournis [&hellip;]<\/p>\n","protected":false},"author":25,"featured_media":0,"parent":11994,"menu_order":3,"comment_status":"closed","ping_status":"closed","template":"","meta":{"_acf_changed":false,"_mc_calendar":[],"footnotes":""},"class_list":["post-12010","page","type-page","status-publish","hentry"],"acf":[],"wps_subtitle":"","_links":{"self":[{"href":"https:\/\/www.ottawahospital.on.ca\/fr\/wp-json\/wp\/v2\/pages\/12010","targetHints":{"allow":["GET"]}}],"collection":[{"href":"https:\/\/www.ottawahospital.on.ca\/fr\/wp-json\/wp\/v2\/pages"}],"about":[{"href":"https:\/\/www.ottawahospital.on.ca\/fr\/wp-json\/wp\/v2\/types\/page"}],"author":[{"embeddable":true,"href":"https:\/\/www.ottawahospital.on.ca\/fr\/wp-json\/wp\/v2\/users\/25"}],"replies":[{"embeddable":true,"href":"https:\/\/www.ottawahospital.on.ca\/fr\/wp-json\/wp\/v2\/comments?post=12010"}],"version-history":[{"count":0,"href":"https:\/\/www.ottawahospital.on.ca\/fr\/wp-json\/wp\/v2\/pages\/12010\/revisions"}],"up":[{"embeddable":true,"href":"https:\/\/www.ottawahospital.on.ca\/fr\/wp-json\/wp\/v2\/pages\/11994"}],"wp:attachment":[{"href":"https:\/\/www.ottawahospital.on.ca\/fr\/wp-json\/wp\/v2\/media?parent=12010"}],"curies":[{"name":"wp","href":"https:\/\/api.w.org\/{rel}","templated":true}]}}