{"id":12003,"date":"2016-12-01T13:27:24","date_gmt":"2016-12-01T18:27:24","guid":{"rendered":"http:\/\/52.229.122.34\/fr\/?page_id=12003"},"modified":"2020-04-03T15:27:22","modified_gmt":"2020-04-03T19:27:22","slug":"services-et-programmes","status":"publish","type":"page","link":"https:\/\/www.ottawahospital.on.ca\/fr\/services-cliniques\/deptpgrmcs\/departements\/pharmacie\/services-et-programmes\/","title":{"rendered":"Services et programmes"},"content":{"rendered":"<h2>Distribution des m\u00e9dicaments<\/h2>\n<p>L&rsquo;H\u00f4pital d&rsquo;Ottawa utilise des syst\u00e8mes de distribution des m\u00e9dicaments (\u00e0 dosage unique, de distribution traditionnelle et d&rsquo;approvisionnements hospitaliers) auxquels s&rsquo;ajoute un programme complet et centralis\u00e9 d&rsquo;injection des m\u00e9dicaments par voie intraveineuse. Le personnel technique de la pharmacie joue un r\u00f4le essentiel dans tous les aspects du syst\u00e8me de distribution des m\u00e9dicaments.<\/p>\n<h2>Pharmacie clinique<\/h2>\n<p>La plupart du temps, les patients qui re\u00e7oivent des soins m\u00e9dicaux, chirurgicaux et critiques profitent des services des pharmaciens sp\u00e9cialis\u00e9s dans leurs secteurs respectifs de la pharmacie clinique. Ces derniers participent aux programmes de soins ambulatoires pour le traitement de la thrombose, de l&rsquo;immunod\u00e9ficience, li\u00e9s \u00e0 la transplantation de la moelle \u00e9pini\u00e8re, en oncologie et en n\u00e9phrologie.<\/p>\n<h2>Service d&rsquo;information pharmacoth\u00e9rapeutique<\/h2>\n<p>L&rsquo;H\u00f4pital d&rsquo;Ottawa dispose d&rsquo;un <a href=\"\/fr\/services-cliniques\/deptpgrmcs\/departements\/pharmacie\/service-dinformation-pharmacotherapeutique\/\">service d&rsquo;information pharmacoth\u00e9rapeutique<\/a> \u00e9galement accessible aux clients externes par l&rsquo;entremise du Service r\u00e9gional d&rsquo;informations pharmacoth\u00e9rapeutiques de l&rsquo;Outaouais.<\/p>\n<h2>Soutien aux essais cliniques portant sur les m\u00e9dicaments<\/h2>\n<p>Les pharmaciens et les techniciens en pharmacie fournissent un \u00e9ventail complet de services pour la tenue d&rsquo;essais cliniques portant sur les m\u00e9dicaments \u00e0 L&rsquo;H\u00f4pital d&rsquo;Ottawa, notamment la randomisation, l&rsquo;interdiction, les formules sp\u00e9cialis\u00e9es, la pr\u00e9paration des m\u00e9dicaments et les services fournis par les pharmaciens en disponibilit\u00e9.<\/p>\n<p>Pour plus d&rsquo;informations, veuillez consulter la <a href=\"https:\/\/www.ohri.ca\/extranet\/clinical_research\/SOPs.aspx\">page SOP<\/a> et\/ou communiquez avec Alex Kuo au 613-737-8899 poste 72278.<\/p>\n","protected":false},"excerpt":{"rendered":"<p>Distribution des m\u00e9dicaments L&rsquo;H\u00f4pital d&rsquo;Ottawa utilise des syst\u00e8mes de distribution des m\u00e9dicaments (\u00e0 dosage unique, de distribution traditionnelle et d&rsquo;approvisionnements hospitaliers) auxquels s&rsquo;ajoute un programme complet et centralis\u00e9 d&rsquo;injection des m\u00e9dicaments par voie intraveineuse. Le personnel technique de la pharmacie joue un r\u00f4le essentiel dans tous les aspects du syst\u00e8me de distribution des m\u00e9dicaments. Pharmacie [&hellip;]<\/p>\n","protected":false},"author":25,"featured_media":0,"parent":11994,"menu_order":2,"comment_status":"closed","ping_status":"closed","template":"","meta":{"_acf_changed":false,"_mc_calendar":[],"footnotes":""},"class_list":["post-12003","page","type-page","status-publish","hentry"],"acf":[],"wps_subtitle":"","_links":{"self":[{"href":"https:\/\/www.ottawahospital.on.ca\/fr\/wp-json\/wp\/v2\/pages\/12003","targetHints":{"allow":["GET"]}}],"collection":[{"href":"https:\/\/www.ottawahospital.on.ca\/fr\/wp-json\/wp\/v2\/pages"}],"about":[{"href":"https:\/\/www.ottawahospital.on.ca\/fr\/wp-json\/wp\/v2\/types\/page"}],"author":[{"embeddable":true,"href":"https:\/\/www.ottawahospital.on.ca\/fr\/wp-json\/wp\/v2\/users\/25"}],"replies":[{"embeddable":true,"href":"https:\/\/www.ottawahospital.on.ca\/fr\/wp-json\/wp\/v2\/comments?post=12003"}],"version-history":[{"count":0,"href":"https:\/\/www.ottawahospital.on.ca\/fr\/wp-json\/wp\/v2\/pages\/12003\/revisions"}],"up":[{"embeddable":true,"href":"https:\/\/www.ottawahospital.on.ca\/fr\/wp-json\/wp\/v2\/pages\/11994"}],"wp:attachment":[{"href":"https:\/\/www.ottawahospital.on.ca\/fr\/wp-json\/wp\/v2\/media?parent=12003"}],"curies":[{"name":"wp","href":"https:\/\/api.w.org\/{rel}","templated":true}]}}