{"id":11998,"date":"2016-12-01T13:25:07","date_gmt":"2016-12-01T18:25:07","guid":{"rendered":"http:\/\/52.229.122.34\/fr\/?page_id=11998"},"modified":"2020-04-03T15:20:31","modified_gmt":"2020-04-03T19:20:31","slug":"personnel","status":"publish","type":"page","link":"https:\/\/www.ottawahospital.on.ca\/fr\/services-cliniques\/deptpgrmcs\/departements\/pharmacie\/personnel\/","title":{"rendered":"Personnel"},"content":{"rendered":"<p>Le d\u00e9partement de la pharmacie de L&rsquo;H\u00f4pital d&rsquo;Ottawa fournit \u00e0 ses patients des services pharmaceutiques de grande qualit\u00e9, notamment au chapitre de la pharmacie clinique moderne, des informations sur les m\u00e9dicaments et leur distribution, tout en \u00e9tant tr\u00e8s engag\u00e9 dans les secteurs de la recherche et de la sensibilisation du public.<\/p>\n<p>Les patients peuvent profiter de services de pharmacie aux campus Civic, G\u00e9n\u00e9ral et Riverside de m\u00eame qu&rsquo;\u00e0 l&rsquo;Institut de cardiologie de l&rsquo;Universit\u00e9 d&rsquo;Ottawa, au Centre de r\u00e9adaptation et au Centre de canc\u00e9rologie de L&rsquo;H\u00f4pital d&rsquo;Ottawa.<\/p>\n","protected":false},"excerpt":{"rendered":"<p>Le d\u00e9partement de la pharmacie de L&rsquo;H\u00f4pital d&rsquo;Ottawa fournit \u00e0 ses patients des services pharmaceutiques de grande qualit\u00e9, notamment au chapitre de la pharmacie clinique moderne, des informations sur les m\u00e9dicaments et leur distribution, tout en \u00e9tant tr\u00e8s engag\u00e9 dans les secteurs de la recherche et de la sensibilisation du public. Les patients peuvent profiter [&hellip;]<\/p>\n","protected":false},"author":25,"featured_media":0,"parent":11994,"menu_order":1,"comment_status":"closed","ping_status":"closed","template":"","meta":{"_acf_changed":false,"_mc_calendar":[],"footnotes":""},"class_list":["post-11998","page","type-page","status-publish","hentry"],"acf":[],"wps_subtitle":"","_links":{"self":[{"href":"https:\/\/www.ottawahospital.on.ca\/fr\/wp-json\/wp\/v2\/pages\/11998","targetHints":{"allow":["GET"]}}],"collection":[{"href":"https:\/\/www.ottawahospital.on.ca\/fr\/wp-json\/wp\/v2\/pages"}],"about":[{"href":"https:\/\/www.ottawahospital.on.ca\/fr\/wp-json\/wp\/v2\/types\/page"}],"author":[{"embeddable":true,"href":"https:\/\/www.ottawahospital.on.ca\/fr\/wp-json\/wp\/v2\/users\/25"}],"replies":[{"embeddable":true,"href":"https:\/\/www.ottawahospital.on.ca\/fr\/wp-json\/wp\/v2\/comments?post=11998"}],"version-history":[{"count":0,"href":"https:\/\/www.ottawahospital.on.ca\/fr\/wp-json\/wp\/v2\/pages\/11998\/revisions"}],"up":[{"embeddable":true,"href":"https:\/\/www.ottawahospital.on.ca\/fr\/wp-json\/wp\/v2\/pages\/11994"}],"wp:attachment":[{"href":"https:\/\/www.ottawahospital.on.ca\/fr\/wp-json\/wp\/v2\/media?parent=11998"}],"curies":[{"name":"wp","href":"https:\/\/api.w.org\/{rel}","templated":true}]}}