{"id":11994,"date":"2016-12-01T13:23:54","date_gmt":"2016-12-01T18:23:54","guid":{"rendered":"http:\/\/52.229.122.34\/fr\/?page_id=11994"},"modified":"2022-09-20T08:44:30","modified_gmt":"2022-09-20T12:44:30","slug":"pharmacie","status":"publish","type":"page","link":"https:\/\/www.ottawahospital.on.ca\/fr\/services-cliniques\/deptpgrmcs\/departements\/pharmacie\/","title":{"rendered":"Pharmacie"},"content":{"rendered":"<h2>Vue d&rsquo;ensemble<\/h2>\n<p>Le D\u00e9partement de pharmacie comprend des pharmaciens, des techniciens en pharmacie, des assistants en pharmacie et des employ\u00e9s de soutien qui prodiguent des soins avec compassion aux patients hospitalis\u00e9s et \u00e0 ceux qui re\u00e7oivent des soins ambulatoires \u00e0 L\u2019H\u00f4pital d\u2019Ottawa. Nous encourageons et appliquons des pratiques d\u2019administration de m\u00e9dicaments qui am\u00e9liorent la s\u00e9curit\u00e9 des patients. De plus, nous participons activement \u00e0 l\u2019enseignement et \u00e0 la recherche.<\/p>\n<h2>Nos services<\/h2>\n<p>Nos pharmaciens fournissent des services de pharmacie clinique dans la plupart des secteurs de soins m\u00e9dicaux, chirurgicaux et critiques. Il participent aussi \u00e0 certains programmes de soins ambulatoires, dont l\u2019Unit\u00e9 d\u2019\u00e9valuation et de traitement des thromboses, la Clinique d\u2019immunod\u00e9ficience, le Programme de greffe de moelle osseuse, le Programme d\u2019oncologie, le Programme de n\u00e9phrologie et le Programme d\u2019\u00e9ducation sur le diab\u00e8te.<\/p>\n<p>En tant que membres d\u2019une \u00e9quipe de soins de sant\u00e9, nos pharmaciens ont la responsabilit\u00e9 de surveiller et d\u2019optimiser la pharmacoth\u00e9rapie (th\u00e9rapie m\u00e9dicamenteuse) des patients.<\/p>\n<p>Nous appuyons, entreprenons et menons des \u00e9tudes pour \u00e9valuer les nouvelles pratiques ainsi que les nouveaux m\u00e9dicaments et programmes. Nous offrons un milieu d\u2019apprentissage dynamique et collaborons avec les \u00e9tablissements d\u2019enseignement \u00e0 la formation des \u00e9tudiants, des residents, des techniciens en pharmacie et des assistant en pharmacie. De plus, nous favorisons et offrons un programme de perfectionnement professionnel en vue d\u2019am\u00e9liorer nos services.<\/p>\n<h2>Notre \u00e9quipe<\/h2>\n<p>Nos pharmaciens et techniciens en pharmacie travaillent en collaboration. Nos pharmaciens collaborent avec d\u2019autres professionnels de\u00a0la sant\u00e9 afin de fournir aux clients des services cliniques. Ils surveillent et optimisent les r\u00e9sultats de la pharmacoth\u00e9rapie, en se basant sur les donn\u00e9es probantes. Quant \u00e0 nos techniciens en pharmacie, ils jouent un r\u00f4le essentiel dans tout ce qui touche \u00e0 la distribution des m\u00e9dicaments. Ils aident \u00e0 r\u00e9aliser des essais cliniques de m\u00e9dicaments. Ils communiquent avec les patients pour obtenir des informations sur leurs ant\u00e9c\u00e9dents pharmaceutiques.<\/p>\n<div class=\"card\">\n<h2 class=\"card-header h2-mock\">Pour nous joindre<\/h2>\n<div class=\"card-body\">\n<p>Les campus G\u00e9n\u00e9ral, Civic et Riverside de m\u00eame qu\u2019\u00e0 l\u2019Institut de cardiologie de l\u2019Universit\u00e9 d\u2019Ottawa, le Centre de r\u00e9adaptation de L\u2019H\u00f4pital d\u2019Ottawa, le Centre de canc\u00e9rologie de L\u2019H\u00f4pital d\u2019Ottawa et le Centre de canc\u00e9rologie Famille Irving Greenberg, ont tous des services de pharmacie.<\/p>\n<hr \/>\n<p>Pour parler a un membre du Departement de pharmacie, veuillez appeler un des numeros suivants :<\/p>\n<hr \/>\n<ul>\n<li>D\u00e9partement de pharmacie de L\u2019H\u00f4pital d\u2019Ottawa 613-737-8345<\/li>\n<li>D\u00e9partement de pharmacie de l\u2019Institut de cardiologie de l\u2019Universit\u00e9 d\u2019Ottawa<\/li>\n<\/ul>\n<\/div>\n<\/div>\n<div class=\"card\">\n<h2 class=\"card-header h2-mock\">Pharmacie Medical<\/h2>\n<div class=\"card-body\">\n<p>La pharmacie est situ\u00e9e au rez-de-chauss\u00e9e. On y trouve un vaste choix de produits de sant\u00e9 vendus sans ordonnance, de m\u00eame que des produits pour le corps ou le bain. Vous pouvez \u00e9galement vous y procurer des m\u00e9dicaments sur ordonnance.<\/p>\n<hr \/>\n<p>Campus G\u00e9n\u00e9ral T\u00e9l\u00e9phone : 613-731-9152<br \/>\nCampus Civic T\u00e9l\u00e9phone : 613-761-4157<\/p>\n<hr \/>\n<ul>\n<li>Campus Civic : Du lundi au vendredi 8 h 30 &#8211; 17 h 00<\/li>\n<li>Campus G\u00e9n\u00e9ral : Du lundi au vendredi 8 h 30 &#8211; 18 h 00<\/li>\n<li>Samedi et dimanche Ferm\u00e9<\/li>\n<li>Jours f\u00e9ri\u00e9s Ferm\u00e9<\/li>\n<\/ul>\n<\/div>\n<\/div>\n","protected":false},"excerpt":{"rendered":"<p>Vue d&rsquo;ensemble Le D\u00e9partement de pharmacie comprend des pharmaciens, des techniciens en pharmacie, des assistants en pharmacie et des employ\u00e9s de soutien qui prodiguent des soins avec compassion aux patients hospitalis\u00e9s et \u00e0 ceux qui re\u00e7oivent des soins ambulatoires \u00e0 L\u2019H\u00f4pital d\u2019Ottawa. Nous encourageons et appliquons des pratiques d\u2019administration de m\u00e9dicaments qui am\u00e9liorent la s\u00e9curit\u00e9 [&hellip;]<\/p>\n","protected":false},"author":25,"featured_media":0,"parent":7868,"menu_order":20,"comment_status":"closed","ping_status":"closed","template":"","meta":{"_acf_changed":false,"_mc_calendar":[],"footnotes":""},"class_list":["post-11994","page","type-page","status-publish","hentry"],"acf":[],"wps_subtitle":"","_links":{"self":[{"href":"https:\/\/www.ottawahospital.on.ca\/fr\/wp-json\/wp\/v2\/pages\/11994","targetHints":{"allow":["GET"]}}],"collection":[{"href":"https:\/\/www.ottawahospital.on.ca\/fr\/wp-json\/wp\/v2\/pages"}],"about":[{"href":"https:\/\/www.ottawahospital.on.ca\/fr\/wp-json\/wp\/v2\/types\/page"}],"author":[{"embeddable":true,"href":"https:\/\/www.ottawahospital.on.ca\/fr\/wp-json\/wp\/v2\/users\/25"}],"replies":[{"embeddable":true,"href":"https:\/\/www.ottawahospital.on.ca\/fr\/wp-json\/wp\/v2\/comments?post=11994"}],"version-history":[{"count":0,"href":"https:\/\/www.ottawahospital.on.ca\/fr\/wp-json\/wp\/v2\/pages\/11994\/revisions"}],"up":[{"embeddable":true,"href":"https:\/\/www.ottawahospital.on.ca\/fr\/wp-json\/wp\/v2\/pages\/7868"}],"wp:attachment":[{"href":"https:\/\/www.ottawahospital.on.ca\/fr\/wp-json\/wp\/v2\/media?parent=11994"}],"curies":[{"name":"wp","href":"https:\/\/api.w.org\/{rel}","templated":true}]}}