{"id":11985,"date":"2016-12-01T13:14:35","date_gmt":"2016-12-01T18:14:35","guid":{"rendered":"http:\/\/52.229.122.34\/fr\/?page_id=11985"},"modified":"2024-02-16T09:55:45","modified_gmt":"2024-02-16T14:55:45","slug":"nous-joindre","status":"publish","type":"page","link":"https:\/\/www.ottawahospital.on.ca\/fr\/services-cliniques\/deptpgrmcs\/departements\/pneumologie\/nous-joindre\/","title":{"rendered":"Nous joindre"},"content":{"rendered":"<h2>Renseignements g\u00e9n\u00e9raux<\/h2>\n<p>Administration<br \/>\nL\u2019H\u00f4pital d\u2019Ottawa &#8211; Campus G\u00e9n\u00e9ral<br \/>\nPi\u00e8ce 6356, C.P. 211<br \/>\n501, chemin Smyth<br \/>\nOttawa ON K1H 8L6 Canada<br \/>\n<strong>T\u00e9l. :<\/strong> 613-737-8899, poste 73994<br \/>\n<strong>T\u00e9l\u00e9c. :<\/strong> 613-737-8537<\/p>\n<h2>Renseignements sur le programme de formation des r\u00e9sidents<\/h2>\n<p>Nous invitons les personnes qualifi\u00e9es \u00e0 pr\u00e9senter une demande d\u2019admission. N\u2019h\u00e9sitez pas \u00e0 communiquer avec le directeur du programme, le D<sup>r<\/sup> <span class=\"ui-provider a b c d e f g h i j k l m n o p q r s t u v w x y z ab ac ae af ag ah ai aj ak\" dir=\"ltr\">Vanessa Luks<\/span> (en appelant \u00e0 l\u2019administration). Il r\u00e9pondra avec plaisir \u00e0 vos questions.<\/p>\n","protected":false},"excerpt":{"rendered":"<p>Renseignements g\u00e9n\u00e9raux Administration L\u2019H\u00f4pital d\u2019Ottawa &#8211; Campus G\u00e9n\u00e9ral Pi\u00e8ce 6356, C.P. 211 501, chemin Smyth Ottawa ON K1H 8L6 Canada T\u00e9l. : 613-737-8899, poste 73994 T\u00e9l\u00e9c. : 613-737-8537 Renseignements sur le programme de formation des r\u00e9sidents Nous invitons les personnes qualifi\u00e9es \u00e0 pr\u00e9senter une demande d\u2019admission. N\u2019h\u00e9sitez pas \u00e0 communiquer avec le directeur du programme, [&hellip;]<\/p>\n","protected":false},"author":25,"featured_media":0,"parent":11947,"menu_order":7,"comment_status":"closed","ping_status":"closed","template":"","meta":{"_acf_changed":false,"_mc_calendar":[],"footnotes":""},"class_list":["post-11985","page","type-page","status-publish","hentry"],"acf":[],"wps_subtitle":"","_links":{"self":[{"href":"https:\/\/www.ottawahospital.on.ca\/fr\/wp-json\/wp\/v2\/pages\/11985","targetHints":{"allow":["GET"]}}],"collection":[{"href":"https:\/\/www.ottawahospital.on.ca\/fr\/wp-json\/wp\/v2\/pages"}],"about":[{"href":"https:\/\/www.ottawahospital.on.ca\/fr\/wp-json\/wp\/v2\/types\/page"}],"author":[{"embeddable":true,"href":"https:\/\/www.ottawahospital.on.ca\/fr\/wp-json\/wp\/v2\/users\/25"}],"replies":[{"embeddable":true,"href":"https:\/\/www.ottawahospital.on.ca\/fr\/wp-json\/wp\/v2\/comments?post=11985"}],"version-history":[{"count":0,"href":"https:\/\/www.ottawahospital.on.ca\/fr\/wp-json\/wp\/v2\/pages\/11985\/revisions"}],"up":[{"embeddable":true,"href":"https:\/\/www.ottawahospital.on.ca\/fr\/wp-json\/wp\/v2\/pages\/11947"}],"wp:attachment":[{"href":"https:\/\/www.ottawahospital.on.ca\/fr\/wp-json\/wp\/v2\/media?parent=11985"}],"curies":[{"name":"wp","href":"https:\/\/api.w.org\/{rel}","templated":true}]}}